{"id":25925,"date":"2021-07-31T11:31:40","date_gmt":"2021-07-31T09:31:40","guid":{"rendered":"https:\/\/testsupergap.com\/prodotto\/liberta-tisane-filosofiche-narratherapy\/"},"modified":"2024-05-14T19:29:27","modified_gmt":"2024-05-14T17:29:27","slug":"literary-supplement-of-freedom","status":"publish","type":"product","link":"https:\/\/testsupergap.com\/en\/prodotto\/literary-supplement-of-freedom\/","title":{"rendered":"Literary supplement of FREEDOM"},"content":{"rendered":"\t\t<div data-elementor-type=\"wp-post\" data-elementor-id=\"25925\" class=\"elementor elementor-25925 elementor-18954\">\n\t\t\t\t\t\t<section class=\"wd-negative-gap elementor-section elementor-top-section elementor-element elementor-element-79752fbe wd-section-stretch elementor-section-content-top elementor-section-boxed elementor-section-height-default elementor-section-height-default\" data-id=\"79752fbe\" data-element_type=\"section\" data-settings=\"{&quot;background_background&quot;:&quot;classic&quot;}\">\n\t\t\t\t\t\t<div class=\"elementor-container elementor-column-gap-extended\">\n\t\t\t\t\t<div class=\"elementor-column elementor-col-50 elementor-top-column elementor-element elementor-element-2af8c87b\" data-id=\"2af8c87b\" data-element_type=\"column\">\n\t\t\t<div class=\"elementor-widget-wrap elementor-element-populated\">\n\t\t\t\t\t\t<div class=\"elementor-element elementor-element-34e43d1 elementor-widget elementor-widget-wd_text_block\" data-id=\"34e43d1\" data-element_type=\"widget\" data-widget_type=\"wd_text_block.default\">\n\t\t\t\t<div class=\"elementor-widget-container\">\n\t\t\t\t\t<div class=\"wd-text-block reset-last-child text-left\">\n\t\t\t\n\t\t\t<h3><span style=\"color: #947eb4;\"><strong>LA TISANA LIBERT\u00c0<\/strong><\/span><\/h3><p>La libert\u00e0 \u00e8 essenziale per poter vivere una vita dignitosa e perseguire la felicit\u00e0, che sono due dei diritti sanciti dalla Costituzione dei paesi pi\u00f9 sviluppati. In generale, la libert\u00e0 ha a che fare con le azioni del governo di ogni paese e con l\u2019interazione di ogni individuo con l\u2019ambiente che lo circonda.<\/p><p><strong><span style=\"color: #947eb4;\">LE TISANE FILOSOFICHE<br \/><\/span>Le Tisane Filosofiche Narra<\/strong><strong>THERAPY<\/strong><strong>\u00a0sono un rimedio olistico composto da parole terapeutiche e infusi officinali biologici, fruibili attraverso il format Narrat\u00e8<\/strong><strong>\u00ae<\/strong><strong>: la lettura che dura il tempo d\u2019infusione<\/strong>. Racconti e tisane che insieme si potenziano vicendevolmente con l\u2019intento di comprendere e integrare le carenze all\u2019origine dei pi\u00f9 diffusi disagi contemporanei, per questo le definiamo\u00a0<strong>\u201cIntegratori Letterari\u201d<\/strong>.<strong>\u00a0La confezione si ispira alle scatoline dei medicinali e il \u201csincerino\u201d contenuto, ovvero un bugiardino che dice la verit\u00e0, racchiude sia le parole che il filtro\u00a0<\/strong><strong>monodose\u00a0<\/strong><strong>della tisana.<\/strong><\/p><p><strong><span style=\"color: #dda7c2;\"><span style=\"color: #947eb4;\">BLEND<\/span><br \/><\/span>Un inno d\u2019indipendenza, emancipazione e forza.<\/strong> A base di <strong>Ortica<\/strong> una pianta resistente a ogni tipo difficolt\u00e0: quale che sia la condizione del terreno o il tipo di intemperie a cui \u00e8 soggetta, essa cresce. Poi il <strong>Dragoncello,<\/strong> un analgesico naturale, sempre utile. Mentre l\u2019<strong>Iperico<\/strong> \u00e8 ottimo contro attacchi d\u2019ansia e stati di sofferenza psicologica. Confucio (500 a.C.) credeva che lo <strong>Zenzero,<\/strong> oltre a dare forza, schiarisse la mente. La sferzata di energia deriva dalla <strong>Liquirizia.<\/strong> Per finire con lo sguardo rivolto al cielo, evocazione di libert\u00e0, ottenuto dall\u2019unica spezia a forma di stella, l\u2019<strong>Anice stellato.<\/strong><\/p><p style=\"text-align: center;\"><img decoding=\"async\" class=\"alignnone wp-image-17504 size-full\" src=\"https:\/\/testsupergap.com\/wp-content\/uploads\/2023\/07\/narratherapy-allegria-ingredienti.png\" alt=\"\" width=\"400\" height=\"57\" srcset=\"https:\/\/testsupergap.com\/wp-content\/uploads\/2023\/07\/narratherapy-allegria-ingredienti.png 400w, https:\/\/testsupergap.com\/wp-content\/uploads\/2023\/07\/narratherapy-allegria-ingredienti-150x21.png 150w\" sizes=\"(max-width: 400px) 100vw, 400px\" \/><\/p><p>La formulazione, miscelazione, insacchettamento e confezionamento nel sacchetto salva aroma, avvengono artigianalmente in una societ\u00e0 agricola piemontese. Il taglio delle piante inserite \u00e8 quello \u201ctisana\u201d che consente la migliore infusione possibile. Per accentuare l\u2019efficacia terapeutica delle piante officinali abbiamo scelto di utilizzare tisane biologiche di alta qualit\u00e0, in confezioni monodose, prodotte e confezionate artigianalmente in Italia. Qualit\u00e0 e costi non paragonabili a quelle, seppur biologiche, prodotte industrialmente. Una scelta che aiuta a garantire la giusta retribuzione lavorativa e un incentivo all\u2019economia territoriale dell\u2019eccellenza agroalimentare italiana. Infine non abbiamo voluto aggiungere filo e pendulino al filtro per non dover impiegare ulteriori elementi di raccordo (<strong>con potenziali micro inquinanti)<\/strong>\u00a0cos\u00ec da salvaguardare al massimo le propriet\u00e0 aromatiche e salutistiche dell\u2019infuso.<\/p><p><strong>Prezzo al pubblico \u20ac 5,90 | ISBN 9788885507807<\/strong><\/p>\n\t\t\t\t\t<\/div>\n\t\t\t\t<\/div>\n\t\t\t\t<\/div>\n\t\t\t\t\t<\/div>\n\t\t<\/div>\n\t\t\t\t<div class=\"elementor-column elementor-col-50 elementor-top-column elementor-element elementor-element-5471f06f\" data-id=\"5471f06f\" data-element_type=\"column\">\n\t\t\t<div class=\"elementor-widget-wrap elementor-element-populated\">\n\t\t\t\t\t\t<div class=\"elementor-element elementor-element-0784455 elementor-widget elementor-widget-wd_accordion\" data-id=\"0784455\" data-element_type=\"widget\" data-widget_type=\"wd_accordion.default\">\n\t\t\t\t<div class=\"elementor-widget-container\">\n\t\t\t\n\t\t<div class=\"wd-accordion wd-style-default\" data-state=\"first\">\n\t\t\t\t\t\t\t\n\t\t\t\t<div class=\"wd-accordion-item\">\n\t\t\t\t\t<div class=\"wd-accordion-title wd-active text-left wd-opener-pos-left\" data-accordion-index=\"0\">\n\t\t\t\t\t\t<div class=\"wd-accordion-title-text\">\n\t\t\t\t\t\t\t\t\t\t\t\t\t\t<span>\n\t\t\t\t\t\t\t\tI TESTI\t\t\t\t\t\t\t<\/span>\n\t\t\t\t\t\t<\/div>\n\t\t\t\t\t\t<span class=\"wd-accordion-opener wd-opener-style-arrow\"><\/span>\n\t\t\t\t\t<\/div>\n\n\t\t\t\t\t<div class=\"wd-accordion-content reset-last-child wd-active\" data-accordion-index=\"0\">\n\t\t\t\t\t\t\t\t\t\t\t\t\t\n\t\t\t\t\t\t\t<p>Le parole giuste hanno un grande\u00a0<strong>potere terapeutico sulla psiche<\/strong>, per questo le abbiamo volute integrare con gli infusi officinali. I testi contenuti sono suddivisi nelle due facce del sincerino: <strong>la prima \u00e8 dedicata interamente al racconto di Filosofia, che dura il tempo d\u2019infusione della tisana (5 min)<\/strong>. Il racconto \u00e8 opera di\u00a0<span style=\"text-decoration: underline;\"><span style=\"color: #777777; text-decoration: underline;\"><strong><a style=\"color: #777777; text-decoration: underline;\" href=\"https:\/\/www.rollingstone.it\/cultura\/ilaria-gaspari-e-lastro-nascente-della-filosofia-italiana\/532313\/\" target=\"_blank\" rel=\"noopener\">Il<\/a><a style=\"color: #777777; text-decoration: underline;\" href=\"https:\/\/www.rollingstone.it\/cultura\/ilaria-gaspari-e-lastro-nascente-della-filosofia-italiana\/532313\/\" target=\"_blank\" rel=\"noopener\">aria<\/a><\/strong><\/span><\/span><a href=\"https:\/\/www.rollingstone.it\/cultura\/ilaria-gaspari-e-lastro-nascente-della-filosofia-italiana\/532313\/\" target=\"_blank\" rel=\"noopener\"><span style=\"color: #777777;\"><strong><span style=\"text-decoration: underline;\"> Gaspari<\/span><\/strong><\/span><\/a> una degli astri nascenti della filosofia italiana.<br \/><strong>Questo testo \u00e8 impaginato con\u00a0<\/strong><strong>OpenDyslexic<\/strong><strong>\u00a0un font\u00a0<\/strong><strong>progettato<\/strong><strong>\u00a0per facilitare la lettura ai dislessici.<br \/><\/strong>L\u2019altra faccia del sincerino contiene invece i rimanenti contenuti multidisciplinari, utili ad avere altre sfaccettature da leggere nel post infusione:<br \/>- Psicologia, a cura della Dott.ssa Monica URRU<br \/>- Etimologia e Letteratura a cura di Elena MOLINI di\u00a0<span style=\"text-decoration: underline; color: #777777;\"><strong><a style=\"color: #777777; text-decoration: underline;\" href=\"https:\/\/www.piccolafarmacialetteraria.it\/\" target=\"_blank\" rel=\"noopener\">Piccola Farmacia Letteraria<\/a><br \/><\/strong><\/span><span style=\"color: #777777;\"><strong style=\"color: #333333;\">Su questa faccia si trova anche il Qr-code da cui \u00e8 possibile accedere ai contenuti multimediali e ascoltare l\u2019audio racconto interpretato magnificamente da Eleonora De Angelis di\u00a0<\/strong><\/span><span style=\"text-decoration: underline; color: #777777;\"><strong style=\"color: #333333; text-decoration: underline;\"><span style=\"color: #777777; text-decoration: underline;\"><a style=\"color: #777777; text-decoration: underline;\" href=\"https:\/\/www.vixvocal.it\/\" target=\"_blank\" rel=\"noopener\">Vixvocal<\/a><\/span><\/strong><\/span><span style=\"color: #777777;\"><strong style=\"color: #333333;\">, voce italiana di Jennifer Aniston.<\/strong><\/span><span style=\"color: #777777;\"><span style=\"color: #333333;\">\u00a0Un ulteriore vantaggio pensato per gli ipovedenti ma godibile da tutti.<\/span><\/span><span style=\"text-decoration: underline; color: #777777;\"><strong><br \/><\/strong><\/span><\/p>\n\t\t\t\t\t\t\t\t\t\t\t\t\t\t\t\t\t\t<\/div>\n\t\t\t\t<\/div>\n\t\t\t\t\t\t\t\n\t\t\t\t<div class=\"wd-accordion-item\">\n\t\t\t\t\t<div class=\"wd-accordion-title text-left wd-opener-pos-left\" data-accordion-index=\"1\">\n\t\t\t\t\t\t<div class=\"wd-accordion-title-text\">\n\t\t\t\t\t\t\t\t\t\t\t\t\t\t<span>\n\t\t\t\t\t\t\t\t100% ARTIGIANALE, MADE IN ITALY E BIOLOGICA\t\t\t\t\t\t\t<\/span>\n\t\t\t\t\t\t<\/div>\n\t\t\t\t\t\t<span class=\"wd-accordion-opener wd-opener-style-arrow\"><\/span>\n\t\t\t\t\t<\/div>\n\n\t\t\t\t\t<div class=\"wd-accordion-content reset-last-child\" data-accordion-index=\"1\">\n\t\t\t\t\t\t\t\t\t\t\t\t\t\n\t\t\t\t\t\t\t<p>L'assemblaggio finale \u00e8 svolto a mano. La stampa \u00e8 curata da una tipografia della provincia di Varese e avviene utilizzando per il sincerino la StonePaper una carta ottenuta da polvere di pietra, vellutata al tatto, impermeabile ma fotodegradabile ed ecologica (non \u00e8 stato abbattuto un albero per la produzione).<br \/>La scatolina invece \u00e8 in cartoncino riciclato di alta qualit\u00e0. Il prodotto finito risulta cos\u00ec una piccola eccellenza del made in Italy da collezionare.<br \/>Le dimensioni della scatola sono 11 x 8 x 1,5 cm, quelle del sincerino 21 x 29,7 cm (aperto) e quelle del filtro 7 x 5 cm. Contiene 2g di infuso, taglio tisana, perfetto per preparare un\u2019eccellente tazza.<\/p>\n\t\t\t\t\t\t\t\t\t\t\t\t\t\t\t\t\t\t<\/div>\n\t\t\t\t<\/div>\n\t\t\t\t\t<\/div>\n\t\t\t\t<\/div>\n\t\t\t\t<\/div>\n\t\t\t\t<div class=\"elementor-element elementor-element-2d6609b elementor-widget elementor-widget-wd_image_or_svg\" data-id=\"2d6609b\" data-element_type=\"widget\" data-widget_type=\"wd_image_or_svg.default\">\n\t\t\t\t<div class=\"elementor-widget-container\">\n\t\t\t\n\t\t<div class=\"wd-image text-left\">\n\t\t\t\t\t\t\t\t<img fetchpriority=\"high\" decoding=\"async\" width=\"900\" height=\"900\" src=\"https:\/\/testsupergap.com\/wp-content\/uploads\/2023\/07\/Narratherpy-Tisane-Fisolofiche-Liberta.png\" class=\"attachment-full size-full\" alt=\"\" srcset=\"https:\/\/testsupergap.com\/wp-content\/uploads\/2023\/07\/Narratherpy-Tisane-Fisolofiche-Liberta.png 900w, https:\/\/testsupergap.com\/wp-content\/uploads\/2023\/07\/Narratherpy-Tisane-Fisolofiche-Liberta-430x430.png 430w, https:\/\/testsupergap.com\/wp-content\/uploads\/2023\/07\/Narratherpy-Tisane-Fisolofiche-Liberta-150x150.png 150w, https:\/\/testsupergap.com\/wp-content\/uploads\/2023\/07\/Narratherpy-Tisane-Fisolofiche-Liberta-700x700.png 700w, https:\/\/testsupergap.com\/wp-content\/uploads\/2023\/07\/Narratherpy-Tisane-Fisolofiche-Liberta-300x300.png 300w, https:\/\/testsupergap.com\/wp-content\/uploads\/2023\/07\/Narratherpy-Tisane-Fisolofiche-Liberta-800x800.png 800w, https:\/\/testsupergap.com\/wp-content\/uploads\/2023\/07\/Narratherpy-Tisane-Fisolofiche-Liberta-768x768.png 768w, https:\/\/testsupergap.com\/wp-content\/uploads\/2023\/07\/Narratherpy-Tisane-Fisolofiche-Liberta-860x860.png 860w\" sizes=\"(max-width: 900px) 100vw, 900px\" \/>\t\t\t\t\t<\/div>\n\n\t\t\t\t<\/div>\n\t\t\t\t<\/div>\n\t\t\t\t\t<\/div>\n\t\t<\/div>\n\t\t\t\t\t<\/div>\n\t\t<\/section>\n\t\t\t\t<\/div>\n\t\t","protected":false},"excerpt":{"rendered":"<p>La libert\u00e0 \u00e8 essenziale per poter vivere una vita dignitosa e perseguire la felicit\u00e0..<\/p>\n","protected":false},"featured_media":33929,"template":"","meta":[],"product_brand":[],"product_cat":[214],"product_tag":[],"class_list":{"0":"post-25925","1":"product","2":"type-product","3":"status-publish","4":"has-post-thumbnail","6":"product_cat-narratherapy","8":"first","9":"instock","10":"taxable","11":"shipping-taxable","12":"purchasable","13":"product-type-simple"},"yoast_head":"<!-- This site is optimized with the Yoast SEO plugin v27.4 - https:\/\/yoast.com\/product\/yoast-seo-wordpress\/ -->\n<title>Literary supplement of FREEDOM - Narrat\u00e8 World<\/title>\n<meta name=\"robots\" content=\"noindex, follow, max-snippet:-1, max-image-preview:large, max-video-preview:-1\" \/>\n<meta property=\"og:locale\" content=\"en_US\" \/>\n<meta property=\"og:type\" content=\"article\" \/>\n<meta property=\"og:title\" content=\"Literary supplement of FREEDOM - Narrat\u00e8 World\" \/>\n<meta property=\"og:description\" content=\"La libert\u00e0 \u00e8 essenziale per poter vivere una vita dignitosa e perseguire la felicit\u00e0..\" \/>\n<meta property=\"og:url\" content=\"https:\/\/testsupergap.com\/en\/prodotto\/literary-supplement-of-freedom\/\" \/>\n<meta property=\"og:site_name\" content=\"Narrat\u00e8 World\" \/>\n<meta property=\"article:publisher\" content=\"https:\/\/www.facebook.com\/narrateworld\" \/>\n<meta property=\"article:modified_time\" content=\"2024-05-14T17:29:27+00:00\" \/>\n<meta property=\"og:image\" content=\"https:\/\/testsupergap.com\/wp-content\/uploads\/2023\/07\/Narratherpy-Tisane-Fisolofiche-Liberta.png\" \/>\n\t<meta property=\"og:image:width\" content=\"900\" \/>\n\t<meta property=\"og:image:height\" content=\"900\" \/>\n\t<meta property=\"og:image:type\" content=\"image\/png\" \/>\n<meta name=\"twitter:card\" content=\"summary_large_image\" \/>\n<meta name=\"twitter:site\" content=\"@narrateworld\" \/>\n<meta name=\"twitter:label1\" content=\"Est. reading time\" \/>\n\t<meta name=\"twitter:data1\" content=\"4 minutes\" \/>\n<script type=\"application\/ld+json\" class=\"yoast-schema-graph\">{\"@context\":\"https:\\\/\\\/schema.org\",\"@graph\":[{\"@type\":\"WebPage\",\"@id\":\"https:\\\/\\\/testsupergap.com\\\/en\\\/prodotto\\\/literary-supplement-of-freedom\\\/\",\"url\":\"https:\\\/\\\/testsupergap.com\\\/en\\\/prodotto\\\/literary-supplement-of-freedom\\\/\",\"name\":\"Literary supplement of FREEDOM - Narrat\u00e8 World\",\"isPartOf\":{\"@id\":\"https:\\\/\\\/testsupergap.com\\\/en\\\/#website\"},\"primaryImageOfPage\":{\"@id\":\"https:\\\/\\\/testsupergap.com\\\/en\\\/prodotto\\\/literary-supplement-of-freedom\\\/#primaryimage\"},\"image\":{\"@id\":\"https:\\\/\\\/testsupergap.com\\\/en\\\/prodotto\\\/literary-supplement-of-freedom\\\/#primaryimage\"},\"thumbnailUrl\":\"https:\\\/\\\/testsupergap.com\\\/wp-content\\\/uploads\\\/2023\\\/07\\\/Narratherpy-Tisane-Fisolofiche-Liberta.png\",\"datePublished\":\"2021-07-31T09:31:40+00:00\",\"dateModified\":\"2024-05-14T17:29:27+00:00\",\"breadcrumb\":{\"@id\":\"https:\\\/\\\/testsupergap.com\\\/en\\\/prodotto\\\/literary-supplement-of-freedom\\\/#breadcrumb\"},\"inLanguage\":\"en-US\",\"potentialAction\":[{\"@type\":\"ReadAction\",\"target\":[\"https:\\\/\\\/testsupergap.com\\\/en\\\/prodotto\\\/literary-supplement-of-freedom\\\/\"]}]},{\"@type\":\"ImageObject\",\"inLanguage\":\"en-US\",\"@id\":\"https:\\\/\\\/testsupergap.com\\\/en\\\/prodotto\\\/literary-supplement-of-freedom\\\/#primaryimage\",\"url\":\"https:\\\/\\\/testsupergap.com\\\/wp-content\\\/uploads\\\/2023\\\/07\\\/Narratherpy-Tisane-Fisolofiche-Liberta.png\",\"contentUrl\":\"https:\\\/\\\/testsupergap.com\\\/wp-content\\\/uploads\\\/2023\\\/07\\\/Narratherpy-Tisane-Fisolofiche-Liberta.png\",\"width\":900,\"height\":900},{\"@type\":\"BreadcrumbList\",\"@id\":\"https:\\\/\\\/testsupergap.com\\\/en\\\/prodotto\\\/literary-supplement-of-freedom\\\/#breadcrumb\",\"itemListElement\":[{\"@type\":\"ListItem\",\"position\":1,\"name\":\"Home\",\"item\":\"https:\\\/\\\/testsupergap.com\\\/en\\\/\"},{\"@type\":\"ListItem\",\"position\":2,\"name\":\"Shop\",\"item\":\"https:\\\/\\\/testsupergap.com\\\/en\\\/shop-en\\\/\"},{\"@type\":\"ListItem\",\"position\":3,\"name\":\"Literary supplement of FREEDOM\"}]},{\"@type\":\"WebSite\",\"@id\":\"https:\\\/\\\/testsupergap.com\\\/en\\\/#website\",\"url\":\"https:\\\/\\\/testsupergap.com\\\/en\\\/\",\"name\":\"Narrat\u00e8 World\",\"description\":\"La lettura ha scoperto l&#039;acqua calda\",\"publisher\":{\"@id\":\"https:\\\/\\\/testsupergap.com\\\/en\\\/#organization\"},\"potentialAction\":[{\"@type\":\"SearchAction\",\"target\":{\"@type\":\"EntryPoint\",\"urlTemplate\":\"https:\\\/\\\/testsupergap.com\\\/en\\\/?s={search_term_string}\"},\"query-input\":{\"@type\":\"PropertyValueSpecification\",\"valueRequired\":true,\"valueName\":\"search_term_string\"}}],\"inLanguage\":\"en-US\"},{\"@type\":\"Organization\",\"@id\":\"https:\\\/\\\/testsupergap.com\\\/en\\\/#organization\",\"name\":\"Narrat\u00e8 World\",\"url\":\"https:\\\/\\\/testsupergap.com\\\/en\\\/\",\"logo\":{\"@type\":\"ImageObject\",\"inLanguage\":\"en-US\",\"@id\":\"https:\\\/\\\/testsupergap.com\\\/en\\\/#\\\/schema\\\/logo\\\/image\\\/\",\"url\":\"https:\\\/\\\/testsupergap.com\\\/wp-content\\\/uploads\\\/2024\\\/05\\\/logo-order-email-seller.png\",\"contentUrl\":\"https:\\\/\\\/testsupergap.com\\\/wp-content\\\/uploads\\\/2024\\\/05\\\/logo-order-email-seller.png\",\"width\":664,\"height\":124,\"caption\":\"Narrat\u00e8 World\"},\"image\":{\"@id\":\"https:\\\/\\\/testsupergap.com\\\/en\\\/#\\\/schema\\\/logo\\\/image\\\/\"},\"sameAs\":[\"https:\\\/\\\/www.facebook.com\\\/narrateworld\",\"https:\\\/\\\/x.com\\\/narrateworld\",\"https:\\\/\\\/instagram.com\\\/narrateworld\"]}]}<\/script>\n<!-- \/ Yoast SEO plugin. -->","yoast_head_json":{"title":"Literary supplement of FREEDOM - Narrat\u00e8 World","robots":{"index":"noindex","follow":"follow","max-snippet":"max-snippet:-1","max-image-preview":"max-image-preview:large","max-video-preview":"max-video-preview:-1"},"og_locale":"en_US","og_type":"article","og_title":"Literary supplement of FREEDOM - Narrat\u00e8 World","og_description":"La libert\u00e0 \u00e8 essenziale per poter vivere una vita dignitosa e perseguire la felicit\u00e0..","og_url":"https:\/\/testsupergap.com\/en\/prodotto\/literary-supplement-of-freedom\/","og_site_name":"Narrat\u00e8 World","article_publisher":"https:\/\/www.facebook.com\/narrateworld","article_modified_time":"2024-05-14T17:29:27+00:00","og_image":[{"width":900,"height":900,"url":"https:\/\/testsupergap.com\/wp-content\/uploads\/2023\/07\/Narratherpy-Tisane-Fisolofiche-Liberta.png","type":"image\/png"}],"twitter_card":"summary_large_image","twitter_site":"@narrateworld","twitter_misc":{"Est. reading time":"4 minutes"},"schema":{"@context":"https:\/\/schema.org","@graph":[{"@type":"WebPage","@id":"https:\/\/testsupergap.com\/en\/prodotto\/literary-supplement-of-freedom\/","url":"https:\/\/testsupergap.com\/en\/prodotto\/literary-supplement-of-freedom\/","name":"Literary supplement of FREEDOM - Narrat\u00e8 World","isPartOf":{"@id":"https:\/\/testsupergap.com\/en\/#website"},"primaryImageOfPage":{"@id":"https:\/\/testsupergap.com\/en\/prodotto\/literary-supplement-of-freedom\/#primaryimage"},"image":{"@id":"https:\/\/testsupergap.com\/en\/prodotto\/literary-supplement-of-freedom\/#primaryimage"},"thumbnailUrl":"https:\/\/testsupergap.com\/wp-content\/uploads\/2023\/07\/Narratherpy-Tisane-Fisolofiche-Liberta.png","datePublished":"2021-07-31T09:31:40+00:00","dateModified":"2024-05-14T17:29:27+00:00","breadcrumb":{"@id":"https:\/\/testsupergap.com\/en\/prodotto\/literary-supplement-of-freedom\/#breadcrumb"},"inLanguage":"en-US","potentialAction":[{"@type":"ReadAction","target":["https:\/\/testsupergap.com\/en\/prodotto\/literary-supplement-of-freedom\/"]}]},{"@type":"ImageObject","inLanguage":"en-US","@id":"https:\/\/testsupergap.com\/en\/prodotto\/literary-supplement-of-freedom\/#primaryimage","url":"https:\/\/testsupergap.com\/wp-content\/uploads\/2023\/07\/Narratherpy-Tisane-Fisolofiche-Liberta.png","contentUrl":"https:\/\/testsupergap.com\/wp-content\/uploads\/2023\/07\/Narratherpy-Tisane-Fisolofiche-Liberta.png","width":900,"height":900},{"@type":"BreadcrumbList","@id":"https:\/\/testsupergap.com\/en\/prodotto\/literary-supplement-of-freedom\/#breadcrumb","itemListElement":[{"@type":"ListItem","position":1,"name":"Home","item":"https:\/\/testsupergap.com\/en\/"},{"@type":"ListItem","position":2,"name":"Shop","item":"https:\/\/testsupergap.com\/en\/shop-en\/"},{"@type":"ListItem","position":3,"name":"Literary supplement of FREEDOM"}]},{"@type":"WebSite","@id":"https:\/\/testsupergap.com\/en\/#website","url":"https:\/\/testsupergap.com\/en\/","name":"Narrat\u00e8 World","description":"La lettura ha scoperto l&#039;acqua calda","publisher":{"@id":"https:\/\/testsupergap.com\/en\/#organization"},"potentialAction":[{"@type":"SearchAction","target":{"@type":"EntryPoint","urlTemplate":"https:\/\/testsupergap.com\/en\/?s={search_term_string}"},"query-input":{"@type":"PropertyValueSpecification","valueRequired":true,"valueName":"search_term_string"}}],"inLanguage":"en-US"},{"@type":"Organization","@id":"https:\/\/testsupergap.com\/en\/#organization","name":"Narrat\u00e8 World","url":"https:\/\/testsupergap.com\/en\/","logo":{"@type":"ImageObject","inLanguage":"en-US","@id":"https:\/\/testsupergap.com\/en\/#\/schema\/logo\/image\/","url":"https:\/\/testsupergap.com\/wp-content\/uploads\/2024\/05\/logo-order-email-seller.png","contentUrl":"https:\/\/testsupergap.com\/wp-content\/uploads\/2024\/05\/logo-order-email-seller.png","width":664,"height":124,"caption":"Narrat\u00e8 World"},"image":{"@id":"https:\/\/testsupergap.com\/en\/#\/schema\/logo\/image\/"},"sameAs":["https:\/\/www.facebook.com\/narrateworld","https:\/\/x.com\/narrateworld","https:\/\/instagram.com\/narrateworld"]}]}},"_links":{"self":[{"href":"https:\/\/testsupergap.com\/en\/wp-json\/wp\/v2\/product\/25925","targetHints":{"allow":["GET"]}}],"collection":[{"href":"https:\/\/testsupergap.com\/en\/wp-json\/wp\/v2\/product"}],"about":[{"href":"https:\/\/testsupergap.com\/en\/wp-json\/wp\/v2\/types\/product"}],"version-history":[{"count":4,"href":"https:\/\/testsupergap.com\/en\/wp-json\/wp\/v2\/product\/25925\/revisions"}],"predecessor-version":[{"id":33935,"href":"https:\/\/testsupergap.com\/en\/wp-json\/wp\/v2\/product\/25925\/revisions\/33935"}],"wp:featuredmedia":[{"embeddable":true,"href":"https:\/\/testsupergap.com\/en\/wp-json\/wp\/v2\/media\/33929"}],"wp:attachment":[{"href":"https:\/\/testsupergap.com\/en\/wp-json\/wp\/v2\/media?parent=25925"}],"wp:term":[{"taxonomy":"product_brand","embeddable":true,"href":"https:\/\/testsupergap.com\/en\/wp-json\/wp\/v2\/product_brand?post=25925"},{"taxonomy":"product_cat","embeddable":true,"href":"https:\/\/testsupergap.com\/en\/wp-json\/wp\/v2\/product_cat?post=25925"},{"taxonomy":"product_tag","embeddable":true,"href":"https:\/\/testsupergap.com\/en\/wp-json\/wp\/v2\/product_tag?post=25925"}],"curies":[{"name":"wp","href":"https:\/\/api.w.org\/{rel}","templated":true}]}}