{"id":25929,"date":"2021-07-31T16:03:59","date_gmt":"2021-07-31T14:03:59","guid":{"rendered":"https:\/\/testsupergap.com\/prodotto\/sensibilita-tisane-filosofiche-narratherapy\/"},"modified":"2024-05-14T20:32:02","modified_gmt":"2024-05-14T18:32:02","slug":"literary-supplement-of-sensitivity","status":"publish","type":"product","link":"https:\/\/testsupergap.com\/en\/prodotto\/literary-supplement-of-sensitivity\/","title":{"rendered":"Literary supplement of SENSITIVITY"},"content":{"rendered":"\t\t<div data-elementor-type=\"wp-post\" data-elementor-id=\"25929\" class=\"elementor elementor-25929 elementor-18975\">\n\t\t\t\t\t\t<section class=\"wd-negative-gap elementor-section elementor-top-section elementor-element elementor-element-79752fbe wd-section-stretch elementor-section-content-top elementor-section-boxed elementor-section-height-default elementor-section-height-default\" data-id=\"79752fbe\" data-element_type=\"section\" data-settings=\"{&quot;background_background&quot;:&quot;classic&quot;}\">\n\t\t\t\t\t\t<div class=\"elementor-container elementor-column-gap-extended\">\n\t\t\t\t\t<div class=\"elementor-column elementor-col-50 elementor-top-column elementor-element elementor-element-2af8c87b\" data-id=\"2af8c87b\" data-element_type=\"column\">\n\t\t\t<div class=\"elementor-widget-wrap elementor-element-populated\">\n\t\t\t\t\t\t<div class=\"elementor-element elementor-element-34e43d1 elementor-widget elementor-widget-wd_text_block\" data-id=\"34e43d1\" data-element_type=\"widget\" data-widget_type=\"wd_text_block.default\">\n\t\t\t\t<div class=\"elementor-widget-container\">\n\t\t\t\t\t<div class=\"wd-text-block reset-last-child text-left\">\n\t\t\t\n\t\t\t<h3><span style=\"color: #947eb4;\"><strong>LA TISANA SENSIBILIT\u00c0<\/strong><\/span><\/h3><p>Sensibili si nasce o si diventa? Diciamo entrambi. La sensibilit\u00e0 \u00e8 il risultato di una complessa interazione tra i nostri geni e le nostre esperienze: comincia nel grembo materno e prosegue tutta la vita. Essere sensibili consente una percezione pi\u00f9 intensa degli stimoli e l\u2019elaborazione pi\u00f9 profonda delle informazioni. Garantisce maggior empatia e creativit\u00e0, accompagnate da un profondo apprezzamento verso la bellezza. In pratica dilata la nostra capacit\u00e0 di provare meraviglia e goderne appieno.<\/p><p><strong><span style=\"color: #947eb4;\">LE TISANE FILOSOFICHE<br \/><\/span>Le Tisane Filosofiche Narra<\/strong><strong>THERAPY<\/strong><strong>\u00a0sono un rimedio olistico composto da parole terapeutiche e infusi officinali biologici, fruibili attraverso il format Narrat\u00e8<\/strong><strong>\u00ae<\/strong><strong>: la lettura che dura il tempo d\u2019infusione<\/strong>. Racconti e tisane che insieme si potenziano vicendevolmente con l\u2019intento di comprendere e integrare le carenze all\u2019origine dei pi\u00f9 diffusi disagi contemporanei, per questo le definiamo\u00a0<strong>\u201cIntegratori Letterari\u201d<\/strong>.<strong>\u00a0La confezione si ispira alle scatoline dei medicinali e il \u201csincerino\u201d contenuto, ovvero un bugiardino che dice la verit\u00e0, racchiude sia le parole che il filtro\u00a0<\/strong><strong>monodose\u00a0<\/strong><strong>della tisana.<\/strong><\/p><p><strong><span style=\"color: #dda7c2;\"><span style=\"color: #947eb4;\">BLEND<\/span><br \/><\/span><\/strong>Nell\u2019<em>Herbario novo<\/em> di Castore Durante, medico e botanico del 1500, della Melissa si dice: \u00ab\u2026 ha propriet\u00e0 mirabile di rallegrare e confortare il cuore\u2026 e giova a quelle debolezze di cuore che impediscono il sonno. Rimuove il batticuore\u2026\u00bb. La <strong>Lavanda<\/strong> era invece usata per gli incantesimi legati all\u2019equilibrio e al buon senso. Il <strong>Cardamomo,<\/strong> una delle spezie pi\u00f9 preziose al mondo, svolge un\u2019azione antidepressiva e stimolante. La <strong>Liquirizia<\/strong> ha il profumo capace di stimolare il piacere femminile pi\u00f9 di qualsiasi altro odore. L\u2019<strong>Assenzio<\/strong> viene citato nelle Sacre scritture per via del suo gusto amaro a simboleggiare i dolori della vita. Per finire con la <strong>Calendula<\/strong> una vera e propria coccola fatta a fiore.<\/p><p style=\"text-align: center;\"><img decoding=\"async\" class=\"size-full wp-image-33972 alignnone\" src=\"https:\/\/testsupergap.com\/wp-content\/uploads\/2024\/05\/Narrate-Sensibilita-ingredienti.png\" alt=\"\" width=\"434\" height=\"70\" srcset=\"https:\/\/testsupergap.com\/wp-content\/uploads\/2024\/05\/Narrate-Sensibilita-ingredienti.png 434w, https:\/\/testsupergap.com\/wp-content\/uploads\/2024\/05\/Narrate-Sensibilita-ingredienti-430x69.png 430w, https:\/\/testsupergap.com\/wp-content\/uploads\/2024\/05\/Narrate-Sensibilita-ingredienti-150x24.png 150w, https:\/\/testsupergap.com\/wp-content\/uploads\/2024\/05\/Narrate-Sensibilita-ingredienti-400x65.png 400w\" sizes=\"(max-width: 434px) 100vw, 434px\" \/><\/p><p>La formulazione, miscelazione, insacchettamento e confezionamento nel sacchetto salva aroma, avvengono artigianalmente in una societ\u00e0 agricola piemontese. Il taglio delle piante inserite \u00e8 quello \u201ctisana\u201d che consente la migliore infusione possibile. Per accentuare l\u2019efficacia terapeutica delle piante officinali abbiamo scelto di utilizzare tisane biologiche di alta qualit\u00e0, in confezioni monodose, prodotte e confezionate artigianalmente in Italia. Qualit\u00e0 e costi non paragonabili a quelle, seppur biologiche, prodotte industrialmente. Una scelta che aiuta a garantire la giusta retribuzione lavorativa e un incentivo all\u2019economia territoriale dell\u2019eccellenza agroalimentare italiana. Infine non abbiamo voluto aggiungere filo e pendulino al filtro per non dover impiegare ulteriori elementi di raccordo (<strong>con potenziali micro inquinanti)<\/strong>\u00a0cos\u00ec da salvaguardare al massimo le propriet\u00e0 aromatiche e salutistiche dell\u2019infuso.<\/p><p><strong>Prezzo al pubblico \u20ac 5,90 | ISBN 9788885507821<\/strong><\/p>\n\t\t\t\t\t<\/div>\n\t\t\t\t<\/div>\n\t\t\t\t<\/div>\n\t\t\t\t\t<\/div>\n\t\t<\/div>\n\t\t\t\t<div class=\"elementor-column elementor-col-50 elementor-top-column elementor-element elementor-element-5471f06f\" data-id=\"5471f06f\" data-element_type=\"column\">\n\t\t\t<div class=\"elementor-widget-wrap elementor-element-populated\">\n\t\t\t\t\t\t<div class=\"elementor-element elementor-element-0784455 elementor-widget elementor-widget-wd_accordion\" data-id=\"0784455\" data-element_type=\"widget\" data-widget_type=\"wd_accordion.default\">\n\t\t\t\t<div class=\"elementor-widget-container\">\n\t\t\t\n\t\t<div class=\"wd-accordion wd-style-default\" data-state=\"first\">\n\t\t\t\t\t\t\t\n\t\t\t\t<div class=\"wd-accordion-item\">\n\t\t\t\t\t<div class=\"wd-accordion-title wd-active text-left wd-opener-pos-left\" data-accordion-index=\"0\">\n\t\t\t\t\t\t<div class=\"wd-accordion-title-text\">\n\t\t\t\t\t\t\t\t\t\t\t\t\t\t<span>\n\t\t\t\t\t\t\t\tI TESTI\t\t\t\t\t\t\t<\/span>\n\t\t\t\t\t\t<\/div>\n\t\t\t\t\t\t<span class=\"wd-accordion-opener wd-opener-style-arrow\"><\/span>\n\t\t\t\t\t<\/div>\n\n\t\t\t\t\t<div class=\"wd-accordion-content reset-last-child wd-active\" data-accordion-index=\"0\">\n\t\t\t\t\t\t\t\t\t\t\t\t\t\n\t\t\t\t\t\t\t<p>Le parole giuste hanno un grande\u00a0<strong>potere terapeutico sulla psiche<\/strong>, per questo le abbiamo volute integrare con gli infusi officinali. I testi contenuti sono suddivisi nelle due facce del sincerino: <strong>la prima \u00e8 dedicata interamente al racconto di Filosofia, che dura il tempo d\u2019infusione della tisana (5 min)<\/strong>. Il racconto \u00e8 opera di\u00a0<span style=\"text-decoration: underline;\"><span style=\"color: #777777; text-decoration: underline;\"><strong><a style=\"color: #777777; text-decoration: underline;\" href=\"https:\/\/www.rollingstone.it\/cultura\/ilaria-gaspari-e-lastro-nascente-della-filosofia-italiana\/532313\/\" target=\"_blank\" rel=\"noopener\">Il<\/a><a style=\"color: #777777; text-decoration: underline;\" href=\"https:\/\/www.rollingstone.it\/cultura\/ilaria-gaspari-e-lastro-nascente-della-filosofia-italiana\/532313\/\" target=\"_blank\" rel=\"noopener\">aria<\/a><\/strong><\/span><\/span><a href=\"https:\/\/www.rollingstone.it\/cultura\/ilaria-gaspari-e-lastro-nascente-della-filosofia-italiana\/532313\/\" target=\"_blank\" rel=\"noopener\"><span style=\"color: #777777;\"><strong><span style=\"text-decoration: underline;\"> Gaspari<\/span><\/strong><\/span><\/a> una degli astri nascenti della filosofia italiana.<br \/><strong>Questo testo \u00e8 impaginato con\u00a0<\/strong><strong>OpenDyslexic<\/strong><strong>\u00a0un font\u00a0<\/strong><strong>progettato<\/strong><strong>\u00a0per facilitare la lettura ai dislessici.<br \/><\/strong>L\u2019altra faccia del sincerino contiene invece i rimanenti contenuti multidisciplinari, utili ad avere altre sfaccettature da leggere nel post infusione:<br \/>- Psicologia, a cura della Dott.ssa Monica URRU<br \/>- Etimologia e Letteratura a cura di Elena MOLINI di\u00a0<span style=\"text-decoration: underline; color: #777777;\"><strong><a style=\"color: #777777; text-decoration: underline;\" href=\"https:\/\/www.piccolafarmacialetteraria.it\/\" target=\"_blank\" rel=\"noopener\">Piccola Farmacia Letteraria<\/a><br \/><\/strong><\/span><span style=\"color: #777777;\"><strong style=\"color: #333333;\">Su questa faccia si trova anche il Qr-code da cui \u00e8 possibile accedere ai contenuti multimediali e ascoltare l\u2019audio racconto interpretato magnificamente da Eleonora De Angelis di\u00a0<\/strong><\/span><span style=\"text-decoration: underline; color: #777777;\"><strong style=\"color: #333333; text-decoration: underline;\"><span style=\"color: #777777; text-decoration: underline;\"><a style=\"color: #777777; text-decoration: underline;\" href=\"https:\/\/www.vixvocal.it\/\" target=\"_blank\" rel=\"noopener\">Vixvocal<\/a><\/span><\/strong><\/span><span style=\"color: #777777;\"><strong style=\"color: #333333;\">, voce italiana di Jennifer Aniston.<\/strong><\/span><span style=\"color: #777777;\"><span style=\"color: #333333;\">\u00a0Un ulteriore vantaggio pensato per gli ipovedenti ma godibile da tutti.<\/span><\/span><span style=\"text-decoration: underline; color: #777777;\"><strong><br \/><\/strong><\/span><\/p>\n\t\t\t\t\t\t\t\t\t\t\t\t\t\t\t\t\t\t<\/div>\n\t\t\t\t<\/div>\n\t\t\t\t\t\t\t\n\t\t\t\t<div class=\"wd-accordion-item\">\n\t\t\t\t\t<div class=\"wd-accordion-title text-left wd-opener-pos-left\" data-accordion-index=\"1\">\n\t\t\t\t\t\t<div class=\"wd-accordion-title-text\">\n\t\t\t\t\t\t\t\t\t\t\t\t\t\t<span>\n\t\t\t\t\t\t\t\t100% ARTIGIANALE, MADE IN ITALY E BIOLOGICA\t\t\t\t\t\t\t<\/span>\n\t\t\t\t\t\t<\/div>\n\t\t\t\t\t\t<span class=\"wd-accordion-opener wd-opener-style-arrow\"><\/span>\n\t\t\t\t\t<\/div>\n\n\t\t\t\t\t<div class=\"wd-accordion-content reset-last-child\" data-accordion-index=\"1\">\n\t\t\t\t\t\t\t\t\t\t\t\t\t\n\t\t\t\t\t\t\t<p>L'assemblaggio finale \u00e8 svolto a mano. La stampa \u00e8 curata da una tipografia della provincia di Varese e avviene utilizzando per il sincerino la StonePaper una carta ottenuta da polvere di pietra, vellutata al tatto, impermeabile ma fotodegradabile ed ecologica (non \u00e8 stato abbattuto un albero per la produzione).<br \/>La scatolina invece \u00e8 in cartoncino riciclato di alta qualit\u00e0. Il prodotto finito risulta cos\u00ec una piccola eccellenza del made in Italy da collezionare.<br \/>Le dimensioni della scatola sono 11 x 8 x 1,5 cm, quelle del sincerino 21 x 29,7 cm (aperto) e quelle del filtro 7 x 5 cm. Contiene 2g di infuso, taglio tisana, perfetto per preparare un\u2019eccellente tazza.<\/p>\n\t\t\t\t\t\t\t\t\t\t\t\t\t\t\t\t\t\t<\/div>\n\t\t\t\t<\/div>\n\t\t\t\t\t<\/div>\n\t\t\t\t<\/div>\n\t\t\t\t<\/div>\n\t\t\t\t<div class=\"elementor-element elementor-element-2d6609b elementor-widget elementor-widget-wd_image_or_svg\" data-id=\"2d6609b\" data-element_type=\"widget\" data-widget_type=\"wd_image_or_svg.default\">\n\t\t\t\t<div class=\"elementor-widget-container\">\n\t\t\t\n\t\t<div class=\"wd-image text-left\">\n\t\t\t\t\t\t\t\t<img fetchpriority=\"high\" decoding=\"async\" width=\"900\" height=\"900\" src=\"https:\/\/testsupergap.com\/wp-content\/uploads\/2023\/07\/Narratherpy-Tisane-Fisolofiche-Sensibilita.png\" class=\"attachment-full size-full\" alt=\"\" srcset=\"https:\/\/testsupergap.com\/wp-content\/uploads\/2023\/07\/Narratherpy-Tisane-Fisolofiche-Sensibilita.png 900w, https:\/\/testsupergap.com\/wp-content\/uploads\/2023\/07\/Narratherpy-Tisane-Fisolofiche-Sensibilita-430x430.png 430w, https:\/\/testsupergap.com\/wp-content\/uploads\/2023\/07\/Narratherpy-Tisane-Fisolofiche-Sensibilita-150x150.png 150w, https:\/\/testsupergap.com\/wp-content\/uploads\/2023\/07\/Narratherpy-Tisane-Fisolofiche-Sensibilita-700x700.png 700w, https:\/\/testsupergap.com\/wp-content\/uploads\/2023\/07\/Narratherpy-Tisane-Fisolofiche-Sensibilita-300x300.png 300w, https:\/\/testsupergap.com\/wp-content\/uploads\/2023\/07\/Narratherpy-Tisane-Fisolofiche-Sensibilita-800x800.png 800w, https:\/\/testsupergap.com\/wp-content\/uploads\/2023\/07\/Narratherpy-Tisane-Fisolofiche-Sensibilita-768x768.png 768w, https:\/\/testsupergap.com\/wp-content\/uploads\/2023\/07\/Narratherpy-Tisane-Fisolofiche-Sensibilita-860x860.png 860w\" sizes=\"(max-width: 900px) 100vw, 900px\" \/>\t\t\t\t\t<\/div>\n\n\t\t\t\t<\/div>\n\t\t\t\t<\/div>\n\t\t\t\t\t<\/div>\n\t\t<\/div>\n\t\t\t\t\t<\/div>\n\t\t<\/section>\n\t\t\t\t<\/div>\n\t\t","protected":false},"excerpt":{"rendered":"<p>Sensibili si nasce o si diventa? Diciamo entrambi. La sensibilit\u00e0 \u00e8 il risultato di una complessa interazione tra i nostri geni..<\/p>\n","protected":false},"featured_media":33978,"template":"","meta":[],"product_brand":[],"product_cat":[214],"product_tag":[],"class_list":{"0":"post-25929","1":"product","2":"type-product","3":"status-publish","4":"has-post-thumbnail","6":"product_cat-narratherapy","8":"first","9":"instock","10":"taxable","11":"shipping-taxable","12":"purchasable","13":"product-type-simple"},"yoast_head":"<!-- This site is optimized with the Yoast SEO plugin v27.4 - https:\/\/yoast.com\/product\/yoast-seo-wordpress\/ -->\n<title>Literary supplement of SENSITIVITY - Narrat\u00e8 World<\/title>\n<meta name=\"robots\" content=\"noindex, follow, max-snippet:-1, max-image-preview:large, max-video-preview:-1\" \/>\n<meta property=\"og:locale\" content=\"en_US\" \/>\n<meta property=\"og:type\" content=\"article\" \/>\n<meta property=\"og:title\" content=\"Literary supplement of SENSITIVITY - Narrat\u00e8 World\" \/>\n<meta property=\"og:description\" content=\"Sensibili si nasce o si diventa? Diciamo entrambi. La sensibilit\u00e0 \u00e8 il risultato di una complessa interazione tra i nostri geni..\" \/>\n<meta property=\"og:url\" content=\"https:\/\/testsupergap.com\/en\/prodotto\/literary-supplement-of-sensitivity\/\" \/>\n<meta property=\"og:site_name\" content=\"Narrat\u00e8 World\" \/>\n<meta property=\"article:publisher\" content=\"https:\/\/www.facebook.com\/narrateworld\" \/>\n<meta property=\"article:modified_time\" content=\"2024-05-14T18:32:02+00:00\" \/>\n<meta property=\"og:image\" content=\"https:\/\/testsupergap.com\/wp-content\/uploads\/2023\/07\/Narratherpy-Tisane-Fisolofiche-Sensibilita.png\" \/>\n\t<meta property=\"og:image:width\" content=\"900\" \/>\n\t<meta property=\"og:image:height\" content=\"900\" \/>\n\t<meta property=\"og:image:type\" content=\"image\/png\" \/>\n<meta name=\"twitter:card\" content=\"summary_large_image\" \/>\n<meta name=\"twitter:site\" content=\"@narrateworld\" \/>\n<meta name=\"twitter:label1\" content=\"Est. reading time\" \/>\n\t<meta name=\"twitter:data1\" content=\"4 minutes\" \/>\n<script type=\"application\/ld+json\" class=\"yoast-schema-graph\">{\"@context\":\"https:\\\/\\\/schema.org\",\"@graph\":[{\"@type\":\"WebPage\",\"@id\":\"https:\\\/\\\/testsupergap.com\\\/en\\\/prodotto\\\/literary-supplement-of-sensitivity\\\/\",\"url\":\"https:\\\/\\\/testsupergap.com\\\/en\\\/prodotto\\\/literary-supplement-of-sensitivity\\\/\",\"name\":\"Literary supplement of SENSITIVITY - Narrat\u00e8 World\",\"isPartOf\":{\"@id\":\"https:\\\/\\\/testsupergap.com\\\/en\\\/#website\"},\"primaryImageOfPage\":{\"@id\":\"https:\\\/\\\/testsupergap.com\\\/en\\\/prodotto\\\/literary-supplement-of-sensitivity\\\/#primaryimage\"},\"image\":{\"@id\":\"https:\\\/\\\/testsupergap.com\\\/en\\\/prodotto\\\/literary-supplement-of-sensitivity\\\/#primaryimage\"},\"thumbnailUrl\":\"https:\\\/\\\/testsupergap.com\\\/wp-content\\\/uploads\\\/2023\\\/07\\\/Narratherpy-Tisane-Fisolofiche-Sensibilita.png\",\"datePublished\":\"2021-07-31T14:03:59+00:00\",\"dateModified\":\"2024-05-14T18:32:02+00:00\",\"breadcrumb\":{\"@id\":\"https:\\\/\\\/testsupergap.com\\\/en\\\/prodotto\\\/literary-supplement-of-sensitivity\\\/#breadcrumb\"},\"inLanguage\":\"en-US\",\"potentialAction\":[{\"@type\":\"ReadAction\",\"target\":[\"https:\\\/\\\/testsupergap.com\\\/en\\\/prodotto\\\/literary-supplement-of-sensitivity\\\/\"]}]},{\"@type\":\"ImageObject\",\"inLanguage\":\"en-US\",\"@id\":\"https:\\\/\\\/testsupergap.com\\\/en\\\/prodotto\\\/literary-supplement-of-sensitivity\\\/#primaryimage\",\"url\":\"https:\\\/\\\/testsupergap.com\\\/wp-content\\\/uploads\\\/2023\\\/07\\\/Narratherpy-Tisane-Fisolofiche-Sensibilita.png\",\"contentUrl\":\"https:\\\/\\\/testsupergap.com\\\/wp-content\\\/uploads\\\/2023\\\/07\\\/Narratherpy-Tisane-Fisolofiche-Sensibilita.png\",\"width\":900,\"height\":900},{\"@type\":\"BreadcrumbList\",\"@id\":\"https:\\\/\\\/testsupergap.com\\\/en\\\/prodotto\\\/literary-supplement-of-sensitivity\\\/#breadcrumb\",\"itemListElement\":[{\"@type\":\"ListItem\",\"position\":1,\"name\":\"Home\",\"item\":\"https:\\\/\\\/testsupergap.com\\\/en\\\/\"},{\"@type\":\"ListItem\",\"position\":2,\"name\":\"Shop\",\"item\":\"https:\\\/\\\/testsupergap.com\\\/en\\\/shop-en\\\/\"},{\"@type\":\"ListItem\",\"position\":3,\"name\":\"Literary supplement of SENSITIVITY\"}]},{\"@type\":\"WebSite\",\"@id\":\"https:\\\/\\\/testsupergap.com\\\/en\\\/#website\",\"url\":\"https:\\\/\\\/testsupergap.com\\\/en\\\/\",\"name\":\"Narrat\u00e8 World\",\"description\":\"La lettura ha scoperto l&#039;acqua calda\",\"publisher\":{\"@id\":\"https:\\\/\\\/testsupergap.com\\\/en\\\/#organization\"},\"potentialAction\":[{\"@type\":\"SearchAction\",\"target\":{\"@type\":\"EntryPoint\",\"urlTemplate\":\"https:\\\/\\\/testsupergap.com\\\/en\\\/?s={search_term_string}\"},\"query-input\":{\"@type\":\"PropertyValueSpecification\",\"valueRequired\":true,\"valueName\":\"search_term_string\"}}],\"inLanguage\":\"en-US\"},{\"@type\":\"Organization\",\"@id\":\"https:\\\/\\\/testsupergap.com\\\/en\\\/#organization\",\"name\":\"Narrat\u00e8 World\",\"url\":\"https:\\\/\\\/testsupergap.com\\\/en\\\/\",\"logo\":{\"@type\":\"ImageObject\",\"inLanguage\":\"en-US\",\"@id\":\"https:\\\/\\\/testsupergap.com\\\/en\\\/#\\\/schema\\\/logo\\\/image\\\/\",\"url\":\"https:\\\/\\\/testsupergap.com\\\/wp-content\\\/uploads\\\/2024\\\/05\\\/logo-order-email-seller.png\",\"contentUrl\":\"https:\\\/\\\/testsupergap.com\\\/wp-content\\\/uploads\\\/2024\\\/05\\\/logo-order-email-seller.png\",\"width\":664,\"height\":124,\"caption\":\"Narrat\u00e8 World\"},\"image\":{\"@id\":\"https:\\\/\\\/testsupergap.com\\\/en\\\/#\\\/schema\\\/logo\\\/image\\\/\"},\"sameAs\":[\"https:\\\/\\\/www.facebook.com\\\/narrateworld\",\"https:\\\/\\\/x.com\\\/narrateworld\",\"https:\\\/\\\/instagram.com\\\/narrateworld\"]}]}<\/script>\n<!-- \/ Yoast SEO plugin. -->","yoast_head_json":{"title":"Literary supplement of SENSITIVITY - Narrat\u00e8 World","robots":{"index":"noindex","follow":"follow","max-snippet":"max-snippet:-1","max-image-preview":"max-image-preview:large","max-video-preview":"max-video-preview:-1"},"og_locale":"en_US","og_type":"article","og_title":"Literary supplement of SENSITIVITY - Narrat\u00e8 World","og_description":"Sensibili si nasce o si diventa? Diciamo entrambi. La sensibilit\u00e0 \u00e8 il risultato di una complessa interazione tra i nostri geni..","og_url":"https:\/\/testsupergap.com\/en\/prodotto\/literary-supplement-of-sensitivity\/","og_site_name":"Narrat\u00e8 World","article_publisher":"https:\/\/www.facebook.com\/narrateworld","article_modified_time":"2024-05-14T18:32:02+00:00","og_image":[{"width":900,"height":900,"url":"https:\/\/testsupergap.com\/wp-content\/uploads\/2023\/07\/Narratherpy-Tisane-Fisolofiche-Sensibilita.png","type":"image\/png"}],"twitter_card":"summary_large_image","twitter_site":"@narrateworld","twitter_misc":{"Est. reading time":"4 minutes"},"schema":{"@context":"https:\/\/schema.org","@graph":[{"@type":"WebPage","@id":"https:\/\/testsupergap.com\/en\/prodotto\/literary-supplement-of-sensitivity\/","url":"https:\/\/testsupergap.com\/en\/prodotto\/literary-supplement-of-sensitivity\/","name":"Literary supplement of SENSITIVITY - Narrat\u00e8 World","isPartOf":{"@id":"https:\/\/testsupergap.com\/en\/#website"},"primaryImageOfPage":{"@id":"https:\/\/testsupergap.com\/en\/prodotto\/literary-supplement-of-sensitivity\/#primaryimage"},"image":{"@id":"https:\/\/testsupergap.com\/en\/prodotto\/literary-supplement-of-sensitivity\/#primaryimage"},"thumbnailUrl":"https:\/\/testsupergap.com\/wp-content\/uploads\/2023\/07\/Narratherpy-Tisane-Fisolofiche-Sensibilita.png","datePublished":"2021-07-31T14:03:59+00:00","dateModified":"2024-05-14T18:32:02+00:00","breadcrumb":{"@id":"https:\/\/testsupergap.com\/en\/prodotto\/literary-supplement-of-sensitivity\/#breadcrumb"},"inLanguage":"en-US","potentialAction":[{"@type":"ReadAction","target":["https:\/\/testsupergap.com\/en\/prodotto\/literary-supplement-of-sensitivity\/"]}]},{"@type":"ImageObject","inLanguage":"en-US","@id":"https:\/\/testsupergap.com\/en\/prodotto\/literary-supplement-of-sensitivity\/#primaryimage","url":"https:\/\/testsupergap.com\/wp-content\/uploads\/2023\/07\/Narratherpy-Tisane-Fisolofiche-Sensibilita.png","contentUrl":"https:\/\/testsupergap.com\/wp-content\/uploads\/2023\/07\/Narratherpy-Tisane-Fisolofiche-Sensibilita.png","width":900,"height":900},{"@type":"BreadcrumbList","@id":"https:\/\/testsupergap.com\/en\/prodotto\/literary-supplement-of-sensitivity\/#breadcrumb","itemListElement":[{"@type":"ListItem","position":1,"name":"Home","item":"https:\/\/testsupergap.com\/en\/"},{"@type":"ListItem","position":2,"name":"Shop","item":"https:\/\/testsupergap.com\/en\/shop-en\/"},{"@type":"ListItem","position":3,"name":"Literary supplement of SENSITIVITY"}]},{"@type":"WebSite","@id":"https:\/\/testsupergap.com\/en\/#website","url":"https:\/\/testsupergap.com\/en\/","name":"Narrat\u00e8 World","description":"La lettura ha scoperto l&#039;acqua calda","publisher":{"@id":"https:\/\/testsupergap.com\/en\/#organization"},"potentialAction":[{"@type":"SearchAction","target":{"@type":"EntryPoint","urlTemplate":"https:\/\/testsupergap.com\/en\/?s={search_term_string}"},"query-input":{"@type":"PropertyValueSpecification","valueRequired":true,"valueName":"search_term_string"}}],"inLanguage":"en-US"},{"@type":"Organization","@id":"https:\/\/testsupergap.com\/en\/#organization","name":"Narrat\u00e8 World","url":"https:\/\/testsupergap.com\/en\/","logo":{"@type":"ImageObject","inLanguage":"en-US","@id":"https:\/\/testsupergap.com\/en\/#\/schema\/logo\/image\/","url":"https:\/\/testsupergap.com\/wp-content\/uploads\/2024\/05\/logo-order-email-seller.png","contentUrl":"https:\/\/testsupergap.com\/wp-content\/uploads\/2024\/05\/logo-order-email-seller.png","width":664,"height":124,"caption":"Narrat\u00e8 World"},"image":{"@id":"https:\/\/testsupergap.com\/en\/#\/schema\/logo\/image\/"},"sameAs":["https:\/\/www.facebook.com\/narrateworld","https:\/\/x.com\/narrateworld","https:\/\/instagram.com\/narrateworld"]}]}},"_links":{"self":[{"href":"https:\/\/testsupergap.com\/en\/wp-json\/wp\/v2\/product\/25929","targetHints":{"allow":["GET"]}}],"collection":[{"href":"https:\/\/testsupergap.com\/en\/wp-json\/wp\/v2\/product"}],"about":[{"href":"https:\/\/testsupergap.com\/en\/wp-json\/wp\/v2\/types\/product"}],"version-history":[{"count":3,"href":"https:\/\/testsupergap.com\/en\/wp-json\/wp\/v2\/product\/25929\/revisions"}],"predecessor-version":[{"id":33985,"href":"https:\/\/testsupergap.com\/en\/wp-json\/wp\/v2\/product\/25929\/revisions\/33985"}],"wp:featuredmedia":[{"embeddable":true,"href":"https:\/\/testsupergap.com\/en\/wp-json\/wp\/v2\/media\/33978"}],"wp:attachment":[{"href":"https:\/\/testsupergap.com\/en\/wp-json\/wp\/v2\/media?parent=25929"}],"wp:term":[{"taxonomy":"product_brand","embeddable":true,"href":"https:\/\/testsupergap.com\/en\/wp-json\/wp\/v2\/product_brand?post=25929"},{"taxonomy":"product_cat","embeddable":true,"href":"https:\/\/testsupergap.com\/en\/wp-json\/wp\/v2\/product_cat?post=25929"},{"taxonomy":"product_tag","embeddable":true,"href":"https:\/\/testsupergap.com\/en\/wp-json\/wp\/v2\/product_tag?post=25929"}],"curies":[{"name":"wp","href":"https:\/\/api.w.org\/{rel}","templated":true}]}}