{"id":25960,"date":"2022-07-31T01:08:41","date_gmt":"2022-07-30T23:08:41","guid":{"rendered":"https:\/\/testsupergap.com\/prodotto\/salvagenthe-morte\/"},"modified":"2024-05-14T15:28:47","modified_gmt":"2024-05-14T13:28:47","slug":"sgs-death","status":"publish","type":"product","link":"https:\/\/testsupergap.com\/en\/prodotto\/sgs-death\/","title":{"rendered":"SGS DEATH"},"content":{"rendered":"\t\t<div data-elementor-type=\"wp-post\" data-elementor-id=\"25960\" class=\"elementor elementor-25960 elementor-18744\">\n\t\t\t\t\t\t<section class=\"wd-negative-gap elementor-section elementor-top-section elementor-element elementor-element-79752fbe wd-section-stretch elementor-section-content-top elementor-section-boxed elementor-section-height-default elementor-section-height-default\" data-id=\"79752fbe\" data-element_type=\"section\" data-settings=\"{&quot;background_background&quot;:&quot;classic&quot;}\">\n\t\t\t\t\t\t<div class=\"elementor-container elementor-column-gap-extended\">\n\t\t\t\t\t<div class=\"elementor-column elementor-col-50 elementor-top-column elementor-element elementor-element-2af8c87b\" data-id=\"2af8c87b\" data-element_type=\"column\">\n\t\t\t<div class=\"elementor-widget-wrap elementor-element-populated\">\n\t\t\t\t\t\t<div class=\"elementor-element elementor-element-34e43d1 elementor-widget elementor-widget-wd_text_block\" data-id=\"34e43d1\" data-element_type=\"widget\" data-widget_type=\"wd_text_block.default\">\n\t\t\t\t<div class=\"elementor-widget-container\">\n\t\t\t\t\t<div class=\"wd-text-block reset-last-child text-left\">\n\t\t\t\n\t\t\t<h3><span style=\"color: #3e3a93;\"><strong>BREVE PRONTUARIO DI SOPRAVVIVENZA ALLA MORTE<\/strong><\/span><\/h3><p style=\"font-weight: 400;\">L'apparente ossimoro di come sopravvivere alla morte, \u00e8 il curioso incipit\u00a0 al prontuario dedicato alla questione pi\u00f9 importante della vita: la morte. Ce lo racconta con ironia e leggerezza Adriano GIANNINI.<\/p><p><span style=\"color: #3e3a93;\"><strong>NEW BLEND<br \/><\/strong><\/span><strong>T\u00e8 verde Bancha* | Canapa semi* | Menta piperita* | Salvia* | Alloro* | Dragoncello*.\u00a0 <\/strong>- * da agricoltura biologica<\/p><p style=\"text-align: center;\"><img decoding=\"async\" class=\"size-full wp-image-18467 alignnone\" src=\"https:\/\/testsupergap.com\/wp-content\/uploads\/2023\/08\/narratherapy-Salvagenthe-Morte-ingredienti.png\" alt=\"\" width=\"400\" height=\"57\" srcset=\"https:\/\/testsupergap.com\/wp-content\/uploads\/2023\/08\/narratherapy-Salvagenthe-Morte-ingredienti.png 400w, https:\/\/testsupergap.com\/wp-content\/uploads\/2023\/08\/narratherapy-Salvagenthe-Morte-ingredienti-150x21.png 150w\" sizes=\"(max-width: 400px) 100vw, 400px\" \/><\/p><p><span style=\"color: #3e3a93;\"><strong>CARATTERISTICHE TECNICHE<br \/><\/strong><\/span><strong>Libretto:<\/strong> Dim. 9 x 10 x 0,6 cm (chiuso), cover con stampa in fluo. 24 facciate stampate in offset su carta riciclata + 2 bianche di guardia. Doppia rilegatura: con punti metallici e incollatura. Assemblato a mano con amore in Italia. Chiusura con bollino adesivo di garanzia contenente l\u2019indicazione della data di scadenza.<\/p><p><strong>Filtro artigianale:<br \/><\/strong>La formulazione, miscelazione, insacchettamento e confezionamento nel sacchetto monodose salva aroma, del blend avvengono artigianalmente in una piccola azienda agricola piemontese. Il taglio degli ingredienti contenuti \u00e8 quello \u201ctisana\u201d che consente la migliore infusione possibile. Per questo abbiamo scelto di utilizzare t\u00e8 biologici di alta qualit\u00e0, in filtri monodose, prodotti e confezionati artigianalmente uno a uno, in Italia con qualit\u00e0 e costi non paragonabili a quelli prodotti industrialmente. Una scelta che aiuta a garantire la giusta retribuzione lavorativa agli artigiani e un incentivo all\u2019economia territoriale dell\u2019eccellenza agroalimentare italiana. Infine non abbiamo voluto aggiungere filo e pendulino al filtro per non dover impiegare ulteriori elementi di raccordo (con potenziali micro inquinanti sia in fase di produzione che di consumo) cos\u00ec da salvaguardare al massimo le propriet\u00e0 aromatiche e organolettiche dell\u2019infuso.<br \/>Contiene 2 grammi di miscela biologica di alta qualit\u00e0, certificata ICEA.<\/p><p>Tempo d\u2019infusione: 5 minuti. Validit\u00e0 3 anni dall\u2019imbustamento. Confezionata in un sacchetto protettivo monodose termosaldato in plastica per alimenti 6 x 8,5 x 0,15 cm.<\/p><p><span style=\"color: #d65a94;\"><strong><span style=\"color: #3e3a93;\">PAGINE SPECIALI<\/span><br \/><\/strong><\/span>Oltre ai 10 paragrafetti del testo dedicato all\u2019infusione, abbiamo dedicato 2 pagine con gli <strong>esercizi psicofisici di sopravvivenza<\/strong> a cura della dott.ssa <span style=\"text-decoration: underline;\"><span style=\"color: #777777; text-decoration: underline;\"><a style=\"color: #777777; text-decoration: underline;\" href=\"https:\/\/www.ilariacaelli.com\/\" target=\"_blank\" rel=\"noopener\">Ilaria Caelli<\/a>.<\/span><\/span> Di Elena Molini (della <span style=\"text-decoration: underline;\"><span style=\"color: #777777;\"><a style=\"color: #777777; text-decoration: underline;\" href=\"https:\/\/www.piccolafarmacialetteraria.it\/\" target=\"_blank\" rel=\"noopener\">Piccola Farmacia Letteraria di Firenze<\/a><\/span><\/span>) invece i <strong>suggerimenti delle letture di sopravvivenza<\/strong>. L\u2019ultima pagina del libretto ospita il qr-code necessario ad accedere ai relativi contenuti multimediali.<\/p><p><strong>Prezzo al pubblico \u20ac 6,90 | ISBN\u00a09788885507883<\/strong><\/p>\n\t\t\t\t\t<\/div>\n\t\t\t\t<\/div>\n\t\t\t\t<\/div>\n\t\t\t\t\t<\/div>\n\t\t<\/div>\n\t\t\t\t<div class=\"elementor-column elementor-col-50 elementor-top-column elementor-element elementor-element-5471f06f\" data-id=\"5471f06f\" data-element_type=\"column\">\n\t\t\t<div class=\"elementor-widget-wrap elementor-element-populated\">\n\t\t\t\t\t\t<div class=\"elementor-element elementor-element-0784455 elementor-widget elementor-widget-wd_accordion\" data-id=\"0784455\" data-element_type=\"widget\" data-widget_type=\"wd_accordion.default\">\n\t\t\t\t<div class=\"elementor-widget-container\">\n\t\t\t\n\t\t<div class=\"wd-accordion wd-style-default\" data-state=\"first\">\n\t\t\t\t\t\t\t\n\t\t\t\t<div class=\"wd-accordion-item\">\n\t\t\t\t\t<div class=\"wd-accordion-title wd-active text-left wd-opener-pos-left\" data-accordion-index=\"0\">\n\t\t\t\t\t\t<div class=\"wd-accordion-title-text\">\n\t\t\t\t\t\t\t\t\t\t\t\t\t\t<span>\n\t\t\t\t\t\t\t\tIl Blend di sopravvivenza alla Morte\t\t\t\t\t\t\t<\/span>\n\t\t\t\t\t\t<\/div>\n\t\t\t\t\t\t<span class=\"wd-accordion-opener wd-opener-style-arrow\"><\/span>\n\t\t\t\t\t<\/div>\n\n\t\t\t\t\t<div class=\"wd-accordion-content reset-last-child wd-active\" data-accordion-index=\"0\">\n\t\t\t\t\t\t\t\t\t\t\t\t\t\n\t\t\t\t\t\t\t<p style=\"font-weight: 400;\">Sopravvivere \u00e8 un\u2019attivit\u00e0 snervante, da qui la scelta della <strong>Canapa<\/strong> (semi) come base di tutti i blend dei prontuari. Poi un pregiato t\u00e8 verde <em>Bancha<\/em>, ricco di di antiossidanti, calcio e niacina che protegge il sistema nervoso. Il Cacao aiuta a contrastare la depressione, i petali di Rosa stimolano la produzione di endorfina e la Fragola afrodisiaco, grazie allo zinco, sia maschile che femminile. Infine la Vaniglia dalle propriet\u00e0 calmanti e antistress.<\/p>\n\t\t\t\t\t\t\t\t\t\t\t\t\t\t\t\t\t\t<\/div>\n\t\t\t\t<\/div>\n\t\t\t\t\t\t\t\n\t\t\t\t<div class=\"wd-accordion-item\">\n\t\t\t\t\t<div class=\"wd-accordion-title text-left wd-opener-pos-left\" data-accordion-index=\"1\">\n\t\t\t\t\t\t<div class=\"wd-accordion-title-text\">\n\t\t\t\t\t\t\t\t\t\t\t\t\t\t<span>\n\t\t\t\t\t\t\t\tL&#039;autore | Adriano GIANNINI\t\t\t\t\t\t\t<\/span>\n\t\t\t\t\t\t<\/div>\n\t\t\t\t\t\t<span class=\"wd-accordion-opener wd-opener-style-arrow\"><\/span>\n\t\t\t\t\t<\/div>\n\n\t\t\t\t\t<div class=\"wd-accordion-content reset-last-child\" data-accordion-index=\"1\">\n\t\t\t\t\t\t\t\t\t\t\t\t\t\n\t\t\t\t\t\t\t<p>Nato nei fantastici anni sessanta, grossetano in \u2018esilio\u2019 lavorativo a Milano. Si interessa\u00a0di creativit\u00e0 e buddismo da oltre trent\u2019anni. Architetto di formazione, con un master in\u00a0Design strategico, sviluppa prodotti e strategie di design, marketing e comunicazione non\u00a0convenzionali. Ideatore di Narrat\u00e8\u00ae. Quando gli chiedono cosa far\u00e0 da grande, la risposta \u00e8\u00a0sempre la stessa: \u00abcontinuare a crescere.\u00bb<\/p>\n\t\t\t\t\t\t\t\t\t\t\t\t\t\t\t\t\t\t<\/div>\n\t\t\t\t<\/div>\n\t\t\t\t\t\t\t\n\t\t\t\t<div class=\"wd-accordion-item\">\n\t\t\t\t\t<div class=\"wd-accordion-title text-left wd-opener-pos-left\" data-accordion-index=\"2\">\n\t\t\t\t\t\t<div class=\"wd-accordion-title-text\">\n\t\t\t\t\t\t\t\t\t\t\t\t\t\t<span>\n\t\t\t\t\t\t\t\tContributi\t\t\t\t\t\t\t<\/span>\n\t\t\t\t\t\t<\/div>\n\t\t\t\t\t\t<span class=\"wd-accordion-opener wd-opener-style-arrow\"><\/span>\n\t\t\t\t\t<\/div>\n\n\t\t\t\t\t<div class=\"wd-accordion-content reset-last-child\" data-accordion-index=\"2\">\n\t\t\t\t\t\t\t\t\t\t\t\t\t\n\t\t\t\t\t\t\t<p>Nato nei fantastici anni sessanta, grossetano in \u2018esilio\u2019 lavorativo a Milano. Si interessa\u00a0di creativit\u00e0 e buddismo da oltre trent\u2019anni. Architetto di formazione, con un master in\u00a0Design strategico, sviluppa prodotti e strategie di design, marketing e comunicazione non\u00a0convenzionali. Ideatore di Narrat\u00e8\u00ae. Quando gli chiedono cosa far\u00e0 da grande, la risposta \u00e8\u00a0sempre la stessa: \u00abcontinuare a crescere.\u00bb<\/p>\n\t\t\t\t\t\t\t\t\t\t\t\t\t\t\t\t\t\t<\/div>\n\t\t\t\t<\/div>\n\t\t\t\t\t<\/div>\n\t\t\t\t<\/div>\n\t\t\t\t<\/div>\n\t\t\t\t<div class=\"elementor-element elementor-element-2d6609b elementor-widget elementor-widget-wd_image_or_svg\" data-id=\"2d6609b\" data-element_type=\"widget\" data-widget_type=\"wd_image_or_svg.default\">\n\t\t\t\t<div class=\"elementor-widget-container\">\n\t\t\t\n\t\t<div class=\"wd-image text-left\">\n\t\t\t\t\t\t\t\t<img fetchpriority=\"high\" decoding=\"async\" width=\"900\" height=\"900\" src=\"https:\/\/testsupergap.com\/wp-content\/uploads\/2023\/08\/Narrate-Salvagenthe-Morte-presentazione.png\" class=\"attachment-full size-full\" alt=\"\" srcset=\"https:\/\/testsupergap.com\/wp-content\/uploads\/2023\/08\/Narrate-Salvagenthe-Morte-presentazione.png 900w, https:\/\/testsupergap.com\/wp-content\/uploads\/2023\/08\/Narrate-Salvagenthe-Morte-presentazione-430x430.png 430w, https:\/\/testsupergap.com\/wp-content\/uploads\/2023\/08\/Narrate-Salvagenthe-Morte-presentazione-150x150.png 150w, https:\/\/testsupergap.com\/wp-content\/uploads\/2023\/08\/Narrate-Salvagenthe-Morte-presentazione-700x700.png 700w, https:\/\/testsupergap.com\/wp-content\/uploads\/2023\/08\/Narrate-Salvagenthe-Morte-presentazione-300x300.png 300w, https:\/\/testsupergap.com\/wp-content\/uploads\/2023\/08\/Narrate-Salvagenthe-Morte-presentazione-800x800.png 800w, https:\/\/testsupergap.com\/wp-content\/uploads\/2023\/08\/Narrate-Salvagenthe-Morte-presentazione-768x768.png 768w, https:\/\/testsupergap.com\/wp-content\/uploads\/2023\/08\/Narrate-Salvagenthe-Morte-presentazione-860x860.png 860w\" sizes=\"(max-width: 900px) 100vw, 900px\" \/>\t\t\t\t\t<\/div>\n\n\t\t\t\t<\/div>\n\t\t\t\t<\/div>\n\t\t\t\t\t<\/div>\n\t\t<\/div>\n\t\t\t\t\t<\/div>\n\t\t<\/section>\n\t\t\t\t<\/div>\n\t\t","protected":false},"excerpt":{"rendered":"<p>Breve prontuario semiserio di sopravvivenza al Morte<\/p>\n","protected":false},"featured_media":24538,"template":"","meta":[],"product_brand":[],"product_cat":[215],"product_tag":[],"class_list":{"0":"post-25960","1":"product","2":"type-product","3":"status-publish","4":"has-post-thumbnail","6":"product_cat-lifebeltea","8":"first","9":"instock","10":"taxable","11":"shipping-taxable","12":"purchasable","13":"product-type-simple"},"yoast_head":"<!-- This site is optimized with the Yoast SEO plugin v27.4 - https:\/\/yoast.com\/product\/yoast-seo-wordpress\/ -->\n<title>SGS DEATH - Narrat\u00e8 World<\/title>\n<meta name=\"robots\" content=\"noindex, follow, max-snippet:-1, max-image-preview:large, max-video-preview:-1\" \/>\n<meta property=\"og:locale\" content=\"en_US\" \/>\n<meta property=\"og:type\" content=\"article\" \/>\n<meta property=\"og:title\" content=\"SGS DEATH - Narrat\u00e8 World\" \/>\n<meta property=\"og:description\" content=\"Breve prontuario semiserio di sopravvivenza al Morte\" \/>\n<meta property=\"og:url\" content=\"https:\/\/testsupergap.com\/en\/prodotto\/sgs-death\/\" \/>\n<meta property=\"og:site_name\" content=\"Narrat\u00e8 World\" \/>\n<meta property=\"article:publisher\" content=\"https:\/\/www.facebook.com\/narrateworld\" \/>\n<meta property=\"article:modified_time\" content=\"2024-05-14T13:28:47+00:00\" \/>\n<meta property=\"og:image\" content=\"https:\/\/testsupergap.com\/wp-content\/uploads\/2023\/07\/Narrate-Salvagenthe-Morte-fronte.png\" \/>\n\t<meta property=\"og:image:width\" content=\"567\" \/>\n\t<meta property=\"og:image:height\" content=\"613\" \/>\n\t<meta property=\"og:image:type\" content=\"image\/png\" \/>\n<meta name=\"twitter:card\" content=\"summary_large_image\" \/>\n<meta name=\"twitter:site\" content=\"@narrateworld\" \/>\n<meta name=\"twitter:label1\" content=\"Est. reading time\" \/>\n\t<meta name=\"twitter:data1\" content=\"3 minutes\" \/>\n<script type=\"application\/ld+json\" class=\"yoast-schema-graph\">{\"@context\":\"https:\\\/\\\/schema.org\",\"@graph\":[{\"@type\":\"WebPage\",\"@id\":\"https:\\\/\\\/testsupergap.com\\\/en\\\/prodotto\\\/sgs-death\\\/\",\"url\":\"https:\\\/\\\/testsupergap.com\\\/en\\\/prodotto\\\/sgs-death\\\/\",\"name\":\"SGS DEATH - Narrat\u00e8 World\",\"isPartOf\":{\"@id\":\"https:\\\/\\\/testsupergap.com\\\/en\\\/#website\"},\"primaryImageOfPage\":{\"@id\":\"https:\\\/\\\/testsupergap.com\\\/en\\\/prodotto\\\/sgs-death\\\/#primaryimage\"},\"image\":{\"@id\":\"https:\\\/\\\/testsupergap.com\\\/en\\\/prodotto\\\/sgs-death\\\/#primaryimage\"},\"thumbnailUrl\":\"https:\\\/\\\/testsupergap.com\\\/wp-content\\\/uploads\\\/2023\\\/07\\\/Narrate-Salvagenthe-Morte-fronte.png\",\"datePublished\":\"2022-07-30T23:08:41+00:00\",\"dateModified\":\"2024-05-14T13:28:47+00:00\",\"breadcrumb\":{\"@id\":\"https:\\\/\\\/testsupergap.com\\\/en\\\/prodotto\\\/sgs-death\\\/#breadcrumb\"},\"inLanguage\":\"en-US\",\"potentialAction\":[{\"@type\":\"ReadAction\",\"target\":[\"https:\\\/\\\/testsupergap.com\\\/en\\\/prodotto\\\/sgs-death\\\/\"]}]},{\"@type\":\"ImageObject\",\"inLanguage\":\"en-US\",\"@id\":\"https:\\\/\\\/testsupergap.com\\\/en\\\/prodotto\\\/sgs-death\\\/#primaryimage\",\"url\":\"https:\\\/\\\/testsupergap.com\\\/wp-content\\\/uploads\\\/2023\\\/07\\\/Narrate-Salvagenthe-Morte-fronte.png\",\"contentUrl\":\"https:\\\/\\\/testsupergap.com\\\/wp-content\\\/uploads\\\/2023\\\/07\\\/Narrate-Salvagenthe-Morte-fronte.png\",\"width\":567,\"height\":613},{\"@type\":\"BreadcrumbList\",\"@id\":\"https:\\\/\\\/testsupergap.com\\\/en\\\/prodotto\\\/sgs-death\\\/#breadcrumb\",\"itemListElement\":[{\"@type\":\"ListItem\",\"position\":1,\"name\":\"Home\",\"item\":\"https:\\\/\\\/testsupergap.com\\\/en\\\/\"},{\"@type\":\"ListItem\",\"position\":2,\"name\":\"Shop\",\"item\":\"https:\\\/\\\/testsupergap.com\\\/en\\\/shop-en\\\/\"},{\"@type\":\"ListItem\",\"position\":3,\"name\":\"SGS DEATH\"}]},{\"@type\":\"WebSite\",\"@id\":\"https:\\\/\\\/testsupergap.com\\\/en\\\/#website\",\"url\":\"https:\\\/\\\/testsupergap.com\\\/en\\\/\",\"name\":\"Narrat\u00e8 World\",\"description\":\"La lettura ha scoperto l&#039;acqua calda\",\"publisher\":{\"@id\":\"https:\\\/\\\/testsupergap.com\\\/en\\\/#organization\"},\"potentialAction\":[{\"@type\":\"SearchAction\",\"target\":{\"@type\":\"EntryPoint\",\"urlTemplate\":\"https:\\\/\\\/testsupergap.com\\\/en\\\/?s={search_term_string}\"},\"query-input\":{\"@type\":\"PropertyValueSpecification\",\"valueRequired\":true,\"valueName\":\"search_term_string\"}}],\"inLanguage\":\"en-US\"},{\"@type\":\"Organization\",\"@id\":\"https:\\\/\\\/testsupergap.com\\\/en\\\/#organization\",\"name\":\"Narrat\u00e8 World\",\"url\":\"https:\\\/\\\/testsupergap.com\\\/en\\\/\",\"logo\":{\"@type\":\"ImageObject\",\"inLanguage\":\"en-US\",\"@id\":\"https:\\\/\\\/testsupergap.com\\\/en\\\/#\\\/schema\\\/logo\\\/image\\\/\",\"url\":\"https:\\\/\\\/testsupergap.com\\\/wp-content\\\/uploads\\\/2024\\\/05\\\/logo-order-email-seller.png\",\"contentUrl\":\"https:\\\/\\\/testsupergap.com\\\/wp-content\\\/uploads\\\/2024\\\/05\\\/logo-order-email-seller.png\",\"width\":664,\"height\":124,\"caption\":\"Narrat\u00e8 World\"},\"image\":{\"@id\":\"https:\\\/\\\/testsupergap.com\\\/en\\\/#\\\/schema\\\/logo\\\/image\\\/\"},\"sameAs\":[\"https:\\\/\\\/www.facebook.com\\\/narrateworld\",\"https:\\\/\\\/x.com\\\/narrateworld\",\"https:\\\/\\\/instagram.com\\\/narrateworld\"]}]}<\/script>\n<!-- \/ Yoast SEO plugin. -->","yoast_head_json":{"title":"SGS DEATH - Narrat\u00e8 World","robots":{"index":"noindex","follow":"follow","max-snippet":"max-snippet:-1","max-image-preview":"max-image-preview:large","max-video-preview":"max-video-preview:-1"},"og_locale":"en_US","og_type":"article","og_title":"SGS DEATH - Narrat\u00e8 World","og_description":"Breve prontuario semiserio di sopravvivenza al Morte","og_url":"https:\/\/testsupergap.com\/en\/prodotto\/sgs-death\/","og_site_name":"Narrat\u00e8 World","article_publisher":"https:\/\/www.facebook.com\/narrateworld","article_modified_time":"2024-05-14T13:28:47+00:00","og_image":[{"width":567,"height":613,"url":"https:\/\/testsupergap.com\/wp-content\/uploads\/2023\/07\/Narrate-Salvagenthe-Morte-fronte.png","type":"image\/png"}],"twitter_card":"summary_large_image","twitter_site":"@narrateworld","twitter_misc":{"Est. reading time":"3 minutes"},"schema":{"@context":"https:\/\/schema.org","@graph":[{"@type":"WebPage","@id":"https:\/\/testsupergap.com\/en\/prodotto\/sgs-death\/","url":"https:\/\/testsupergap.com\/en\/prodotto\/sgs-death\/","name":"SGS DEATH - Narrat\u00e8 World","isPartOf":{"@id":"https:\/\/testsupergap.com\/en\/#website"},"primaryImageOfPage":{"@id":"https:\/\/testsupergap.com\/en\/prodotto\/sgs-death\/#primaryimage"},"image":{"@id":"https:\/\/testsupergap.com\/en\/prodotto\/sgs-death\/#primaryimage"},"thumbnailUrl":"https:\/\/testsupergap.com\/wp-content\/uploads\/2023\/07\/Narrate-Salvagenthe-Morte-fronte.png","datePublished":"2022-07-30T23:08:41+00:00","dateModified":"2024-05-14T13:28:47+00:00","breadcrumb":{"@id":"https:\/\/testsupergap.com\/en\/prodotto\/sgs-death\/#breadcrumb"},"inLanguage":"en-US","potentialAction":[{"@type":"ReadAction","target":["https:\/\/testsupergap.com\/en\/prodotto\/sgs-death\/"]}]},{"@type":"ImageObject","inLanguage":"en-US","@id":"https:\/\/testsupergap.com\/en\/prodotto\/sgs-death\/#primaryimage","url":"https:\/\/testsupergap.com\/wp-content\/uploads\/2023\/07\/Narrate-Salvagenthe-Morte-fronte.png","contentUrl":"https:\/\/testsupergap.com\/wp-content\/uploads\/2023\/07\/Narrate-Salvagenthe-Morte-fronte.png","width":567,"height":613},{"@type":"BreadcrumbList","@id":"https:\/\/testsupergap.com\/en\/prodotto\/sgs-death\/#breadcrumb","itemListElement":[{"@type":"ListItem","position":1,"name":"Home","item":"https:\/\/testsupergap.com\/en\/"},{"@type":"ListItem","position":2,"name":"Shop","item":"https:\/\/testsupergap.com\/en\/shop-en\/"},{"@type":"ListItem","position":3,"name":"SGS DEATH"}]},{"@type":"WebSite","@id":"https:\/\/testsupergap.com\/en\/#website","url":"https:\/\/testsupergap.com\/en\/","name":"Narrat\u00e8 World","description":"La lettura ha scoperto l&#039;acqua calda","publisher":{"@id":"https:\/\/testsupergap.com\/en\/#organization"},"potentialAction":[{"@type":"SearchAction","target":{"@type":"EntryPoint","urlTemplate":"https:\/\/testsupergap.com\/en\/?s={search_term_string}"},"query-input":{"@type":"PropertyValueSpecification","valueRequired":true,"valueName":"search_term_string"}}],"inLanguage":"en-US"},{"@type":"Organization","@id":"https:\/\/testsupergap.com\/en\/#organization","name":"Narrat\u00e8 World","url":"https:\/\/testsupergap.com\/en\/","logo":{"@type":"ImageObject","inLanguage":"en-US","@id":"https:\/\/testsupergap.com\/en\/#\/schema\/logo\/image\/","url":"https:\/\/testsupergap.com\/wp-content\/uploads\/2024\/05\/logo-order-email-seller.png","contentUrl":"https:\/\/testsupergap.com\/wp-content\/uploads\/2024\/05\/logo-order-email-seller.png","width":664,"height":124,"caption":"Narrat\u00e8 World"},"image":{"@id":"https:\/\/testsupergap.com\/en\/#\/schema\/logo\/image\/"},"sameAs":["https:\/\/www.facebook.com\/narrateworld","https:\/\/x.com\/narrateworld","https:\/\/instagram.com\/narrateworld"]}]}},"_links":{"self":[{"href":"https:\/\/testsupergap.com\/en\/wp-json\/wp\/v2\/product\/25960","targetHints":{"allow":["GET"]}}],"collection":[{"href":"https:\/\/testsupergap.com\/en\/wp-json\/wp\/v2\/product"}],"about":[{"href":"https:\/\/testsupergap.com\/en\/wp-json\/wp\/v2\/types\/product"}],"version-history":[{"count":6,"href":"https:\/\/testsupergap.com\/en\/wp-json\/wp\/v2\/product\/25960\/revisions"}],"predecessor-version":[{"id":33810,"href":"https:\/\/testsupergap.com\/en\/wp-json\/wp\/v2\/product\/25960\/revisions\/33810"}],"wp:featuredmedia":[{"embeddable":true,"href":"https:\/\/testsupergap.com\/en\/wp-json\/wp\/v2\/media\/24538"}],"wp:attachment":[{"href":"https:\/\/testsupergap.com\/en\/wp-json\/wp\/v2\/media?parent=25960"}],"wp:term":[{"taxonomy":"product_brand","embeddable":true,"href":"https:\/\/testsupergap.com\/en\/wp-json\/wp\/v2\/product_brand?post=25960"},{"taxonomy":"product_cat","embeddable":true,"href":"https:\/\/testsupergap.com\/en\/wp-json\/wp\/v2\/product_cat?post=25960"},{"taxonomy":"product_tag","embeddable":true,"href":"https:\/\/testsupergap.com\/en\/wp-json\/wp\/v2\/product_tag?post=25960"}],"curies":[{"name":"wp","href":"https:\/\/api.w.org\/{rel}","templated":true}]}}