{"id":25966,"date":"2021-08-14T13:39:32","date_gmt":"2023-08-14T11:39:32","guid":{"rendered":"https:\/\/testsupergap.com\/prodotto\/ricarica-tf-amicizia\/"},"modified":"2024-06-13T18:23:03","modified_gmt":"2024-06-13T16:23:03","slug":"ricarica-tf-amicizia","status":"publish","type":"product","link":"https:\/\/testsupergap.com\/en\/prodotto\/ricarica-tf-amicizia\/","title":{"rendered":"Ricarica TF Amicizia"},"content":{"rendered":"\t\t<div data-elementor-type=\"wp-post\" data-elementor-id=\"25966\" class=\"elementor elementor-25966 elementor-18694\">\n\t\t\t\t\t\t<section class=\"wd-negative-gap elementor-section elementor-top-section elementor-element elementor-element-79752fbe wd-section-stretch elementor-section-content-top elementor-section-boxed elementor-section-height-default elementor-section-height-default\" data-id=\"79752fbe\" data-element_type=\"section\" data-settings=\"{&quot;background_background&quot;:&quot;classic&quot;}\">\n\t\t\t\t\t\t<div class=\"elementor-container elementor-column-gap-extended\">\n\t\t\t\t\t<div class=\"elementor-column elementor-col-50 elementor-top-column elementor-element elementor-element-2af8c87b\" data-id=\"2af8c87b\" data-element_type=\"column\">\n\t\t\t<div class=\"elementor-widget-wrap elementor-element-populated\">\n\t\t\t\t\t\t<div class=\"elementor-element elementor-element-1f11eed elementor-widget elementor-widget-wd_text_block\" data-id=\"1f11eed\" data-element_type=\"widget\" data-widget_type=\"wd_text_block.default\">\n\t\t\t\t<div class=\"elementor-widget-container\">\n\t\t\t\t\t<div class=\"wd-text-block reset-last-child text-left\">\n\t\t\t\n\t\t\t<h3>RICARICA AMICIZIA<\/h3><p>Con la produzione del nuovo format BIO, inauguriamo un vero e proprio cambio di paradigma che consentir\u00e0, una volta utilizzati, di <strong>ricaricare i singoli Narrat\u00e8<\/strong><strong>\u00ae con nuovi filtri pronti all\u2019uso<\/strong>. Questo \u00e8 possibile perch\u00e9 abbiamo eliminato il filo che collegava il filtro al libretto attraverso un adesivo. Il nuovo collegamento del sacchetto monodose al libretto avviene attraverso l\u2019inserimento nelle due fessure ricavate nella bandella della cover. Cos\u00ec una volta consumato il filtro in dotazione, baster\u00e0 sostituirlo con un filtro nuovo e il Narrat\u00e8\u00ae sar\u00e0 pronto per essere offerto, prestato o gustato ancora. Collezionandoli tutti, grazie a questa modalit\u00e0, si avr\u00e0 a disposizione una piccola ma originalissima BiblioT\u00c8, ricca di tante emozioni fatte di saperi e sapori.<\/p><p><strong>La confezione in cartoncino biodegradabile, contiene 5 filtri monodose<\/strong>\u00a0della tisana\u00a0<span style=\"text-decoration: underline; color: #777777;\"><strong>AMICIZIA<\/strong><\/span>. Ogni filtro \u00e8 ARTIGIANALE, BIOLOGICO e MADE IN ITALY, ciascuno con 2g di miscela di alta qualit\u00e0 taglio tisana. Non \u00e8 provvisto n\u00e9 di filo n\u00e9 di pendulino in carta per non aggiungere altri elementi potenzialmente inquinanti sia nell\u2019infuso che nella filiera di produzione. La piccola azienda agricola piemontese che coltiva, produce, formula e confeziona le tisane utilizzate, applica le pi\u00f9 rigorose politiche di rispetto e tutela sia ambientali che lavorative. La certificazione biologica \u00e8 invece affidata a ICEA.<\/p>\n\t\t\t\t\t<\/div>\n\t\t\t\t<\/div>\n\t\t\t\t<\/div>\n\t\t\t\t\t<\/div>\n\t\t<\/div>\n\t\t\t\t<div class=\"elementor-column elementor-col-50 elementor-top-column elementor-element elementor-element-5471f06f\" data-id=\"5471f06f\" data-element_type=\"column\">\n\t\t\t<div class=\"elementor-widget-wrap elementor-element-populated\">\n\t\t\t\t\t\t<div class=\"elementor-element elementor-element-34e43d1 elementor-widget elementor-widget-wd_text_block\" data-id=\"34e43d1\" data-element_type=\"widget\" data-widget_type=\"wd_text_block.default\">\n\t\t\t\t<div class=\"elementor-widget-container\">\n\t\t\t\t\t<div class=\"wd-text-block reset-last-child text-left\">\n\t\t\t\n\t\t\t<p><strong><span style=\"color: #000000;\">LA TISANA AMICIZIA<\/span><br \/><\/strong>Un blend dal sapore\u00a0<strong>avvolgente<\/strong>\u00a0e\u00a0<strong>persistente<\/strong>. La\u00a0<strong>Menta<\/strong>\u00a0rappresenta la forza e il calore del sentimento: una pianta che ricresce e fiorisce anche nelle condizioni pi\u00f9 avverse, considerata rappresentativa di tutte le virt\u00f9 che, se vere, non muoiono mai. Poi la\u00a0<strong>Lavanda<\/strong>\u00a0alla quale si attribuisce il significato di\u00a0<em>\u201cil tuo ricordo \u00e8 la mia unica felicit\u00e0\u201d<\/em>, per finire con la\u00a0<strong>Passiflora<\/strong>\u00a0che nel linguaggio dei fiori simboleggia l\u2019amicizia sincera.<\/p>\n\t\t\t\t\t<\/div>\n\t\t\t\t<\/div>\n\t\t\t\t<\/div>\n\t\t\t\t\t<\/div>\n\t\t<\/div>\n\t\t\t\t\t<\/div>\n\t\t<\/section>\n\t\t\t\t<\/div>\n\t\t","protected":false},"excerpt":{"rendered":"<p>Ricarica Blend TF Amicizia<\/p>\n","protected":false},"featured_media":24332,"template":"","meta":[],"product_brand":[],"product_cat":[227],"product_tag":[],"class_list":{"0":"post-25966","1":"product","2":"type-product","3":"status-publish","4":"has-post-thumbnail","6":"product_cat-refill","8":"first","9":"outofstock","10":"taxable","11":"shipping-taxable","12":"purchasable","13":"product-type-simple"},"yoast_head":"<!-- This site is optimized with the Yoast SEO plugin v27.4 - https:\/\/yoast.com\/product\/yoast-seo-wordpress\/ -->\n<title>Ricarica TF Amicizia - Narrat\u00e8 World<\/title>\n<meta name=\"robots\" content=\"noindex, follow, max-snippet:-1, max-image-preview:large, max-video-preview:-1\" \/>\n<meta property=\"og:locale\" content=\"en_US\" \/>\n<meta property=\"og:type\" content=\"article\" \/>\n<meta property=\"og:title\" content=\"Ricarica TF Amicizia - Narrat\u00e8 World\" \/>\n<meta property=\"og:description\" content=\"Ricarica Blend TF Amicizia\" \/>\n<meta property=\"og:url\" content=\"https:\/\/testsupergap.com\/en\/prodotto\/ricarica-tf-amicizia\/\" \/>\n<meta property=\"og:site_name\" content=\"Narrat\u00e8 World\" \/>\n<meta property=\"article:publisher\" content=\"https:\/\/www.facebook.com\/narrateworld\" \/>\n<meta property=\"article:modified_time\" content=\"2024-06-13T16:23:03+00:00\" \/>\n<meta property=\"og:image\" content=\"https:\/\/testsupergap.com\/wp-content\/uploads\/2023\/08\/Blend-Ricarica-Tisane-Filosofiche-Amicizia.png\" \/>\n\t<meta property=\"og:image:width\" content=\"567\" \/>\n\t<meta property=\"og:image:height\" content=\"613\" \/>\n\t<meta property=\"og:image:type\" content=\"image\/png\" \/>\n<meta name=\"twitter:card\" content=\"summary_large_image\" \/>\n<meta name=\"twitter:site\" content=\"@narrateworld\" \/>\n<meta name=\"twitter:label1\" content=\"Est. reading time\" \/>\n\t<meta name=\"twitter:data1\" content=\"1 minute\" \/>\n<script type=\"application\/ld+json\" class=\"yoast-schema-graph\">{\"@context\":\"https:\\\/\\\/schema.org\",\"@graph\":[{\"@type\":\"WebPage\",\"@id\":\"https:\\\/\\\/testsupergap.com\\\/en\\\/prodotto\\\/ricarica-tf-amicizia\\\/\",\"url\":\"https:\\\/\\\/testsupergap.com\\\/en\\\/prodotto\\\/ricarica-tf-amicizia\\\/\",\"name\":\"Ricarica TF Amicizia - Narrat\u00e8 World\",\"isPartOf\":{\"@id\":\"https:\\\/\\\/testsupergap.com\\\/en\\\/#website\"},\"primaryImageOfPage\":{\"@id\":\"https:\\\/\\\/testsupergap.com\\\/en\\\/prodotto\\\/ricarica-tf-amicizia\\\/#primaryimage\"},\"image\":{\"@id\":\"https:\\\/\\\/testsupergap.com\\\/en\\\/prodotto\\\/ricarica-tf-amicizia\\\/#primaryimage\"},\"thumbnailUrl\":\"https:\\\/\\\/testsupergap.com\\\/wp-content\\\/uploads\\\/2023\\\/08\\\/Blend-Ricarica-Tisane-Filosofiche-Amicizia.png\",\"datePublished\":\"2023-08-14T11:39:32+00:00\",\"dateModified\":\"2024-06-13T16:23:03+00:00\",\"breadcrumb\":{\"@id\":\"https:\\\/\\\/testsupergap.com\\\/en\\\/prodotto\\\/ricarica-tf-amicizia\\\/#breadcrumb\"},\"inLanguage\":\"en-US\",\"potentialAction\":[{\"@type\":\"ReadAction\",\"target\":[\"https:\\\/\\\/testsupergap.com\\\/en\\\/prodotto\\\/ricarica-tf-amicizia\\\/\"]}]},{\"@type\":\"ImageObject\",\"inLanguage\":\"en-US\",\"@id\":\"https:\\\/\\\/testsupergap.com\\\/en\\\/prodotto\\\/ricarica-tf-amicizia\\\/#primaryimage\",\"url\":\"https:\\\/\\\/testsupergap.com\\\/wp-content\\\/uploads\\\/2023\\\/08\\\/Blend-Ricarica-Tisane-Filosofiche-Amicizia.png\",\"contentUrl\":\"https:\\\/\\\/testsupergap.com\\\/wp-content\\\/uploads\\\/2023\\\/08\\\/Blend-Ricarica-Tisane-Filosofiche-Amicizia.png\",\"width\":567,\"height\":613},{\"@type\":\"BreadcrumbList\",\"@id\":\"https:\\\/\\\/testsupergap.com\\\/en\\\/prodotto\\\/ricarica-tf-amicizia\\\/#breadcrumb\",\"itemListElement\":[{\"@type\":\"ListItem\",\"position\":1,\"name\":\"Home\",\"item\":\"https:\\\/\\\/testsupergap.com\\\/en\\\/\"},{\"@type\":\"ListItem\",\"position\":2,\"name\":\"Shop\",\"item\":\"https:\\\/\\\/testsupergap.com\\\/en\\\/shop-en\\\/\"},{\"@type\":\"ListItem\",\"position\":3,\"name\":\"Ricarica TF Amicizia\"}]},{\"@type\":\"WebSite\",\"@id\":\"https:\\\/\\\/testsupergap.com\\\/en\\\/#website\",\"url\":\"https:\\\/\\\/testsupergap.com\\\/en\\\/\",\"name\":\"Narrat\u00e8 World\",\"description\":\"La lettura ha scoperto l&#039;acqua calda\",\"publisher\":{\"@id\":\"https:\\\/\\\/testsupergap.com\\\/en\\\/#organization\"},\"potentialAction\":[{\"@type\":\"SearchAction\",\"target\":{\"@type\":\"EntryPoint\",\"urlTemplate\":\"https:\\\/\\\/testsupergap.com\\\/en\\\/?s={search_term_string}\"},\"query-input\":{\"@type\":\"PropertyValueSpecification\",\"valueRequired\":true,\"valueName\":\"search_term_string\"}}],\"inLanguage\":\"en-US\"},{\"@type\":\"Organization\",\"@id\":\"https:\\\/\\\/testsupergap.com\\\/en\\\/#organization\",\"name\":\"Narrat\u00e8 World\",\"url\":\"https:\\\/\\\/testsupergap.com\\\/en\\\/\",\"logo\":{\"@type\":\"ImageObject\",\"inLanguage\":\"en-US\",\"@id\":\"https:\\\/\\\/testsupergap.com\\\/en\\\/#\\\/schema\\\/logo\\\/image\\\/\",\"url\":\"https:\\\/\\\/testsupergap.com\\\/wp-content\\\/uploads\\\/2024\\\/05\\\/logo-order-email-seller.png\",\"contentUrl\":\"https:\\\/\\\/testsupergap.com\\\/wp-content\\\/uploads\\\/2024\\\/05\\\/logo-order-email-seller.png\",\"width\":664,\"height\":124,\"caption\":\"Narrat\u00e8 World\"},\"image\":{\"@id\":\"https:\\\/\\\/testsupergap.com\\\/en\\\/#\\\/schema\\\/logo\\\/image\\\/\"},\"sameAs\":[\"https:\\\/\\\/www.facebook.com\\\/narrateworld\",\"https:\\\/\\\/x.com\\\/narrateworld\",\"https:\\\/\\\/instagram.com\\\/narrateworld\"]}]}<\/script>\n<!-- \/ Yoast SEO plugin. -->","yoast_head_json":{"title":"Ricarica TF Amicizia - Narrat\u00e8 World","robots":{"index":"noindex","follow":"follow","max-snippet":"max-snippet:-1","max-image-preview":"max-image-preview:large","max-video-preview":"max-video-preview:-1"},"og_locale":"en_US","og_type":"article","og_title":"Ricarica TF Amicizia - Narrat\u00e8 World","og_description":"Ricarica Blend TF Amicizia","og_url":"https:\/\/testsupergap.com\/en\/prodotto\/ricarica-tf-amicizia\/","og_site_name":"Narrat\u00e8 World","article_publisher":"https:\/\/www.facebook.com\/narrateworld","article_modified_time":"2024-06-13T16:23:03+00:00","og_image":[{"width":567,"height":613,"url":"https:\/\/testsupergap.com\/wp-content\/uploads\/2023\/08\/Blend-Ricarica-Tisane-Filosofiche-Amicizia.png","type":"image\/png"}],"twitter_card":"summary_large_image","twitter_site":"@narrateworld","twitter_misc":{"Est. reading time":"1 minute"},"schema":{"@context":"https:\/\/schema.org","@graph":[{"@type":"WebPage","@id":"https:\/\/testsupergap.com\/en\/prodotto\/ricarica-tf-amicizia\/","url":"https:\/\/testsupergap.com\/en\/prodotto\/ricarica-tf-amicizia\/","name":"Ricarica TF Amicizia - Narrat\u00e8 World","isPartOf":{"@id":"https:\/\/testsupergap.com\/en\/#website"},"primaryImageOfPage":{"@id":"https:\/\/testsupergap.com\/en\/prodotto\/ricarica-tf-amicizia\/#primaryimage"},"image":{"@id":"https:\/\/testsupergap.com\/en\/prodotto\/ricarica-tf-amicizia\/#primaryimage"},"thumbnailUrl":"https:\/\/testsupergap.com\/wp-content\/uploads\/2023\/08\/Blend-Ricarica-Tisane-Filosofiche-Amicizia.png","datePublished":"2023-08-14T11:39:32+00:00","dateModified":"2024-06-13T16:23:03+00:00","breadcrumb":{"@id":"https:\/\/testsupergap.com\/en\/prodotto\/ricarica-tf-amicizia\/#breadcrumb"},"inLanguage":"en-US","potentialAction":[{"@type":"ReadAction","target":["https:\/\/testsupergap.com\/en\/prodotto\/ricarica-tf-amicizia\/"]}]},{"@type":"ImageObject","inLanguage":"en-US","@id":"https:\/\/testsupergap.com\/en\/prodotto\/ricarica-tf-amicizia\/#primaryimage","url":"https:\/\/testsupergap.com\/wp-content\/uploads\/2023\/08\/Blend-Ricarica-Tisane-Filosofiche-Amicizia.png","contentUrl":"https:\/\/testsupergap.com\/wp-content\/uploads\/2023\/08\/Blend-Ricarica-Tisane-Filosofiche-Amicizia.png","width":567,"height":613},{"@type":"BreadcrumbList","@id":"https:\/\/testsupergap.com\/en\/prodotto\/ricarica-tf-amicizia\/#breadcrumb","itemListElement":[{"@type":"ListItem","position":1,"name":"Home","item":"https:\/\/testsupergap.com\/en\/"},{"@type":"ListItem","position":2,"name":"Shop","item":"https:\/\/testsupergap.com\/en\/shop-en\/"},{"@type":"ListItem","position":3,"name":"Ricarica TF Amicizia"}]},{"@type":"WebSite","@id":"https:\/\/testsupergap.com\/en\/#website","url":"https:\/\/testsupergap.com\/en\/","name":"Narrat\u00e8 World","description":"La lettura ha scoperto l&#039;acqua calda","publisher":{"@id":"https:\/\/testsupergap.com\/en\/#organization"},"potentialAction":[{"@type":"SearchAction","target":{"@type":"EntryPoint","urlTemplate":"https:\/\/testsupergap.com\/en\/?s={search_term_string}"},"query-input":{"@type":"PropertyValueSpecification","valueRequired":true,"valueName":"search_term_string"}}],"inLanguage":"en-US"},{"@type":"Organization","@id":"https:\/\/testsupergap.com\/en\/#organization","name":"Narrat\u00e8 World","url":"https:\/\/testsupergap.com\/en\/","logo":{"@type":"ImageObject","inLanguage":"en-US","@id":"https:\/\/testsupergap.com\/en\/#\/schema\/logo\/image\/","url":"https:\/\/testsupergap.com\/wp-content\/uploads\/2024\/05\/logo-order-email-seller.png","contentUrl":"https:\/\/testsupergap.com\/wp-content\/uploads\/2024\/05\/logo-order-email-seller.png","width":664,"height":124,"caption":"Narrat\u00e8 World"},"image":{"@id":"https:\/\/testsupergap.com\/en\/#\/schema\/logo\/image\/"},"sameAs":["https:\/\/www.facebook.com\/narrateworld","https:\/\/x.com\/narrateworld","https:\/\/instagram.com\/narrateworld"]}]}},"_links":{"self":[{"href":"https:\/\/testsupergap.com\/en\/wp-json\/wp\/v2\/product\/25966","targetHints":{"allow":["GET"]}}],"collection":[{"href":"https:\/\/testsupergap.com\/en\/wp-json\/wp\/v2\/product"}],"about":[{"href":"https:\/\/testsupergap.com\/en\/wp-json\/wp\/v2\/types\/product"}],"version-history":[{"count":1,"href":"https:\/\/testsupergap.com\/en\/wp-json\/wp\/v2\/product\/25966\/revisions"}],"predecessor-version":[{"id":43370,"href":"https:\/\/testsupergap.com\/en\/wp-json\/wp\/v2\/product\/25966\/revisions\/43370"}],"wp:featuredmedia":[{"embeddable":true,"href":"https:\/\/testsupergap.com\/en\/wp-json\/wp\/v2\/media\/24332"}],"wp:attachment":[{"href":"https:\/\/testsupergap.com\/en\/wp-json\/wp\/v2\/media?parent=25966"}],"wp:term":[{"taxonomy":"product_brand","embeddable":true,"href":"https:\/\/testsupergap.com\/en\/wp-json\/wp\/v2\/product_brand?post=25966"},{"taxonomy":"product_cat","embeddable":true,"href":"https:\/\/testsupergap.com\/en\/wp-json\/wp\/v2\/product_cat?post=25966"},{"taxonomy":"product_tag","embeddable":true,"href":"https:\/\/testsupergap.com\/en\/wp-json\/wp\/v2\/product_tag?post=25966"}],"curies":[{"name":"wp","href":"https:\/\/api.w.org\/{rel}","templated":true}]}}