{"id":26026,"date":"2021-08-14T12:55:21","date_gmt":"2021-08-14T10:55:21","guid":{"rendered":"https:\/\/testsupergap.com\/prodotto\/ricarica-felicita\/"},"modified":"2024-01-07T12:57:46","modified_gmt":"2024-01-07T11:57:46","slug":"ricarica-felicita","status":"publish","type":"product","link":"https:\/\/testsupergap.com\/en\/prodotto\/ricarica-felicita\/","title":{"rendered":"Ricarica Felicit\u00e0"},"content":{"rendered":"\t\t<div data-elementor-type=\"wp-post\" data-elementor-id=\"26026\" class=\"elementor elementor-26026 elementor-18666\">\n\t\t\t\t\t\t<section class=\"wd-negative-gap elementor-section elementor-top-section elementor-element elementor-element-79752fbe wd-section-stretch elementor-section-content-top elementor-section-boxed elementor-section-height-default elementor-section-height-default\" data-id=\"79752fbe\" data-element_type=\"section\" data-settings=\"{&quot;background_background&quot;:&quot;classic&quot;}\">\n\t\t\t\t\t\t<div class=\"elementor-container elementor-column-gap-extended\">\n\t\t\t\t\t<div class=\"elementor-column elementor-col-50 elementor-top-column elementor-element elementor-element-2af8c87b\" data-id=\"2af8c87b\" data-element_type=\"column\">\n\t\t\t<div class=\"elementor-widget-wrap elementor-element-populated\">\n\t\t\t\t\t\t<div class=\"elementor-element elementor-element-1f11eed elementor-widget elementor-widget-wd_text_block\" data-id=\"1f11eed\" data-element_type=\"widget\" data-widget_type=\"wd_text_block.default\">\n\t\t\t\t<div class=\"elementor-widget-container\">\n\t\t\t\t\t<div class=\"wd-text-block reset-last-child text-left\">\n\t\t\t\n\t\t\t<h3>RICARICA FELICIT\u00c0<\/h3><p>Con la produzione del nuovo format BIO, inauguriamo un vero e proprio cambio di paradigma che consentir\u00e0, una volta utilizzati, di <strong>ricaricare i singoli Narrat\u00e8<\/strong><strong>\u00ae con nuovi filtri pronti all\u2019uso<\/strong>. Questo \u00e8 possibile perch\u00e9 abbiamo eliminato il filo che collegava il filtro al libretto attraverso un adesivo. Il nuovo collegamento del sacchetto monodose al libretto avviene attraverso l\u2019inserimento nelle due fessure ricavate nella bandella della cover. Cos\u00ec una volta consumato il filtro in dotazione, baster\u00e0 sostituirlo con un filtro nuovo e il Narrat\u00e8\u00ae sar\u00e0 pronto per essere offerto, prestato o gustato ancora. Collezionandoli tutti, grazie a questa modalit\u00e0, si avr\u00e0 a disposizione una piccola ma originalissima BiblioT\u00c8, ricca di tante emozioni fatte di saperi e sapori.<\/p><p><strong>La confezione in cartoncino biodegradabile, contiene 5 filtri monodose<\/strong>\u00a0del t\u00e8\u00a0<span style=\"text-decoration: underline; color: #000000;\"><strong>FELICIT\u00c0<\/strong><\/span>. Ogni filtro \u00e8 ARTIGIANALE, BIOLOGICO e MADE IN ITALY, ciascuno con 2g di t\u00e8 di alta qualit\u00e0 taglio tisana. Non \u00e8 provvisto n\u00e9 di filo n\u00e9 di pendulino in carta per non aggiungere altri elementi potenzialmente inquinanti sia nell\u2019infuso che nella filiera di produzione. La piccola azienda agricola piemontese con la quale formuliamo gli aromi per ogni titolo, li confeziona assieme ai t\u00e8, applica le pi\u00f9 rigorose politiche di rispetto e tutela sia ambientali che lavorative. La certificazione biologica \u00e8 invece affidata a ICEA.<\/p>\n\t\t\t\t\t<\/div>\n\t\t\t\t<\/div>\n\t\t\t\t<\/div>\n\t\t\t\t\t<\/div>\n\t\t<\/div>\n\t\t\t\t<div class=\"elementor-column elementor-col-50 elementor-top-column elementor-element elementor-element-5471f06f\" data-id=\"5471f06f\" data-element_type=\"column\">\n\t\t\t<div class=\"elementor-widget-wrap elementor-element-populated\">\n\t\t\t\t\t\t<div class=\"elementor-element elementor-element-34e43d1 elementor-widget elementor-widget-wd_text_block\" data-id=\"34e43d1\" data-element_type=\"widget\" data-widget_type=\"wd_text_block.default\">\n\t\t\t\t<div class=\"elementor-widget-container\">\n\t\t\t\t\t<div class=\"wd-text-block reset-last-child text-left\">\n\t\t\t\n\t\t\t<p><strong><span style=\"color: #000000;\">IL BLEND\u00a0<\/span>FELICIT\u00c0<\/strong><\/p><p>Blend a base di pregiato\u00a0<strong>t\u00e8 bianco Darjeeling<\/strong>, una rarit\u00e0, per questo lo abbiamo scelto come simbolo della felicit\u00e0. Poi vi abbiamo aggiunto ingredienti capaci di stimolare le \u201cmolecole della felicit\u00e0\u201d.\u00a0<em>serotonina<\/em>, l\u2019ormone della felicit\u00e0, attraverso l\u2019<strong>Iperico<\/strong>, l\u2019<em>endorfina<\/em>\u00a0(neuro trasmettitore ancora pi\u00f9 potente della morfina) attraverso le\u00a0<strong>bucce di cacao<\/strong>\u00a0e la\u00a0<strong>vaniglia<\/strong>\u00a0che, assieme alle\u00a0<strong>fragole<\/strong>, sono ottimi anche per il rilascio dell\u2019<em>ossitocina<\/em>, l\u2019ormone dell\u2019amore. La produzione di\u00a0<em>dopamina<\/em>\u00a0- l\u2019ormone della motivazione e del piacere - pu\u00f2 essere stimolata in modo indiretto attraverso le fragole e il cacao. Ma dopotutto, sar\u00e0 l\u2019assaporare questo blend a rendervi davvero felici.<\/p>\n\t\t\t\t\t<\/div>\n\t\t\t\t<\/div>\n\t\t\t\t<\/div>\n\t\t\t\t\t<\/div>\n\t\t<\/div>\n\t\t\t\t\t<\/div>\n\t\t<\/section>\n\t\t\t\t<\/div>\n\t\t","protected":false},"excerpt":{"rendered":"<p>Ricarica Blend Felicit\u00e0<\/p>\n","protected":false},"featured_media":24321,"template":"","meta":[],"product_brand":[],"product_cat":[227],"product_tag":[],"class_list":{"0":"post-26026","1":"product","2":"type-product","3":"status-publish","4":"has-post-thumbnail","6":"product_cat-refill","8":"first","9":"outofstock","10":"taxable","11":"shipping-taxable","12":"purchasable","13":"product-type-simple"},"yoast_head":"<!-- This site is optimized with the Yoast SEO plugin v27.4 - https:\/\/yoast.com\/product\/yoast-seo-wordpress\/ -->\n<title>Ricarica Felicit\u00e0 - Narrat\u00e8 World<\/title>\n<meta name=\"robots\" content=\"noindex, follow, max-snippet:-1, max-image-preview:large, max-video-preview:-1\" \/>\n<meta property=\"og:locale\" content=\"en_US\" \/>\n<meta property=\"og:type\" content=\"article\" \/>\n<meta property=\"og:title\" content=\"Ricarica Felicit\u00e0 - Narrat\u00e8 World\" \/>\n<meta property=\"og:description\" content=\"Ricarica Blend Felicit\u00e0\" \/>\n<meta property=\"og:url\" content=\"https:\/\/testsupergap.com\/en\/prodotto\/ricarica-felicita\/\" \/>\n<meta property=\"og:site_name\" content=\"Narrat\u00e8 World\" \/>\n<meta property=\"article:publisher\" content=\"https:\/\/www.facebook.com\/narrateworld\" \/>\n<meta property=\"article:modified_time\" content=\"2024-01-07T11:57:46+00:00\" \/>\n<meta property=\"og:image\" content=\"https:\/\/testsupergap.com\/wp-content\/uploads\/2023\/08\/Blend-Ricarica-Felicita.png\" \/>\n\t<meta property=\"og:image:width\" content=\"567\" \/>\n\t<meta property=\"og:image:height\" content=\"613\" \/>\n\t<meta property=\"og:image:type\" content=\"image\/png\" \/>\n<meta name=\"twitter:card\" content=\"summary_large_image\" \/>\n<meta name=\"twitter:site\" content=\"@narrateworld\" \/>\n<meta name=\"twitter:label1\" content=\"Est. reading time\" \/>\n\t<meta name=\"twitter:data1\" content=\"2 minutes\" \/>\n<script type=\"application\/ld+json\" class=\"yoast-schema-graph\">{\"@context\":\"https:\\\/\\\/schema.org\",\"@graph\":[{\"@type\":\"WebPage\",\"@id\":\"https:\\\/\\\/testsupergap.com\\\/en\\\/prodotto\\\/ricarica-felicita\\\/\",\"url\":\"https:\\\/\\\/testsupergap.com\\\/en\\\/prodotto\\\/ricarica-felicita\\\/\",\"name\":\"Ricarica Felicit\u00e0 - Narrat\u00e8 World\",\"isPartOf\":{\"@id\":\"https:\\\/\\\/testsupergap.com\\\/en\\\/#website\"},\"primaryImageOfPage\":{\"@id\":\"https:\\\/\\\/testsupergap.com\\\/en\\\/prodotto\\\/ricarica-felicita\\\/#primaryimage\"},\"image\":{\"@id\":\"https:\\\/\\\/testsupergap.com\\\/en\\\/prodotto\\\/ricarica-felicita\\\/#primaryimage\"},\"thumbnailUrl\":\"https:\\\/\\\/testsupergap.com\\\/wp-content\\\/uploads\\\/2023\\\/08\\\/Blend-Ricarica-Felicita.png\",\"datePublished\":\"2021-08-14T10:55:21+00:00\",\"dateModified\":\"2024-01-07T11:57:46+00:00\",\"breadcrumb\":{\"@id\":\"https:\\\/\\\/testsupergap.com\\\/en\\\/prodotto\\\/ricarica-felicita\\\/#breadcrumb\"},\"inLanguage\":\"en-US\",\"potentialAction\":[{\"@type\":\"ReadAction\",\"target\":[\"https:\\\/\\\/testsupergap.com\\\/en\\\/prodotto\\\/ricarica-felicita\\\/\"]}]},{\"@type\":\"ImageObject\",\"inLanguage\":\"en-US\",\"@id\":\"https:\\\/\\\/testsupergap.com\\\/en\\\/prodotto\\\/ricarica-felicita\\\/#primaryimage\",\"url\":\"https:\\\/\\\/testsupergap.com\\\/wp-content\\\/uploads\\\/2023\\\/08\\\/Blend-Ricarica-Felicita.png\",\"contentUrl\":\"https:\\\/\\\/testsupergap.com\\\/wp-content\\\/uploads\\\/2023\\\/08\\\/Blend-Ricarica-Felicita.png\",\"width\":567,\"height\":613},{\"@type\":\"BreadcrumbList\",\"@id\":\"https:\\\/\\\/testsupergap.com\\\/en\\\/prodotto\\\/ricarica-felicita\\\/#breadcrumb\",\"itemListElement\":[{\"@type\":\"ListItem\",\"position\":1,\"name\":\"Home\",\"item\":\"https:\\\/\\\/testsupergap.com\\\/en\\\/\"},{\"@type\":\"ListItem\",\"position\":2,\"name\":\"Shop\",\"item\":\"https:\\\/\\\/testsupergap.com\\\/en\\\/shop-en\\\/\"},{\"@type\":\"ListItem\",\"position\":3,\"name\":\"Ricarica Felicit\u00e0\"}]},{\"@type\":\"WebSite\",\"@id\":\"https:\\\/\\\/testsupergap.com\\\/en\\\/#website\",\"url\":\"https:\\\/\\\/testsupergap.com\\\/en\\\/\",\"name\":\"Narrat\u00e8 World\",\"description\":\"La lettura ha scoperto l&#039;acqua calda\",\"publisher\":{\"@id\":\"https:\\\/\\\/testsupergap.com\\\/en\\\/#organization\"},\"potentialAction\":[{\"@type\":\"SearchAction\",\"target\":{\"@type\":\"EntryPoint\",\"urlTemplate\":\"https:\\\/\\\/testsupergap.com\\\/en\\\/?s={search_term_string}\"},\"query-input\":{\"@type\":\"PropertyValueSpecification\",\"valueRequired\":true,\"valueName\":\"search_term_string\"}}],\"inLanguage\":\"en-US\"},{\"@type\":\"Organization\",\"@id\":\"https:\\\/\\\/testsupergap.com\\\/en\\\/#organization\",\"name\":\"Narrat\u00e8 World\",\"url\":\"https:\\\/\\\/testsupergap.com\\\/en\\\/\",\"logo\":{\"@type\":\"ImageObject\",\"inLanguage\":\"en-US\",\"@id\":\"https:\\\/\\\/testsupergap.com\\\/en\\\/#\\\/schema\\\/logo\\\/image\\\/\",\"url\":\"https:\\\/\\\/testsupergap.com\\\/wp-content\\\/uploads\\\/2024\\\/05\\\/logo-order-email-seller.png\",\"contentUrl\":\"https:\\\/\\\/testsupergap.com\\\/wp-content\\\/uploads\\\/2024\\\/05\\\/logo-order-email-seller.png\",\"width\":664,\"height\":124,\"caption\":\"Narrat\u00e8 World\"},\"image\":{\"@id\":\"https:\\\/\\\/testsupergap.com\\\/en\\\/#\\\/schema\\\/logo\\\/image\\\/\"},\"sameAs\":[\"https:\\\/\\\/www.facebook.com\\\/narrateworld\",\"https:\\\/\\\/x.com\\\/narrateworld\",\"https:\\\/\\\/instagram.com\\\/narrateworld\"]}]}<\/script>\n<!-- \/ Yoast SEO plugin. -->","yoast_head_json":{"title":"Ricarica Felicit\u00e0 - Narrat\u00e8 World","robots":{"index":"noindex","follow":"follow","max-snippet":"max-snippet:-1","max-image-preview":"max-image-preview:large","max-video-preview":"max-video-preview:-1"},"og_locale":"en_US","og_type":"article","og_title":"Ricarica Felicit\u00e0 - Narrat\u00e8 World","og_description":"Ricarica Blend Felicit\u00e0","og_url":"https:\/\/testsupergap.com\/en\/prodotto\/ricarica-felicita\/","og_site_name":"Narrat\u00e8 World","article_publisher":"https:\/\/www.facebook.com\/narrateworld","article_modified_time":"2024-01-07T11:57:46+00:00","og_image":[{"width":567,"height":613,"url":"https:\/\/testsupergap.com\/wp-content\/uploads\/2023\/08\/Blend-Ricarica-Felicita.png","type":"image\/png"}],"twitter_card":"summary_large_image","twitter_site":"@narrateworld","twitter_misc":{"Est. reading time":"2 minutes"},"schema":{"@context":"https:\/\/schema.org","@graph":[{"@type":"WebPage","@id":"https:\/\/testsupergap.com\/en\/prodotto\/ricarica-felicita\/","url":"https:\/\/testsupergap.com\/en\/prodotto\/ricarica-felicita\/","name":"Ricarica Felicit\u00e0 - Narrat\u00e8 World","isPartOf":{"@id":"https:\/\/testsupergap.com\/en\/#website"},"primaryImageOfPage":{"@id":"https:\/\/testsupergap.com\/en\/prodotto\/ricarica-felicita\/#primaryimage"},"image":{"@id":"https:\/\/testsupergap.com\/en\/prodotto\/ricarica-felicita\/#primaryimage"},"thumbnailUrl":"https:\/\/testsupergap.com\/wp-content\/uploads\/2023\/08\/Blend-Ricarica-Felicita.png","datePublished":"2021-08-14T10:55:21+00:00","dateModified":"2024-01-07T11:57:46+00:00","breadcrumb":{"@id":"https:\/\/testsupergap.com\/en\/prodotto\/ricarica-felicita\/#breadcrumb"},"inLanguage":"en-US","potentialAction":[{"@type":"ReadAction","target":["https:\/\/testsupergap.com\/en\/prodotto\/ricarica-felicita\/"]}]},{"@type":"ImageObject","inLanguage":"en-US","@id":"https:\/\/testsupergap.com\/en\/prodotto\/ricarica-felicita\/#primaryimage","url":"https:\/\/testsupergap.com\/wp-content\/uploads\/2023\/08\/Blend-Ricarica-Felicita.png","contentUrl":"https:\/\/testsupergap.com\/wp-content\/uploads\/2023\/08\/Blend-Ricarica-Felicita.png","width":567,"height":613},{"@type":"BreadcrumbList","@id":"https:\/\/testsupergap.com\/en\/prodotto\/ricarica-felicita\/#breadcrumb","itemListElement":[{"@type":"ListItem","position":1,"name":"Home","item":"https:\/\/testsupergap.com\/en\/"},{"@type":"ListItem","position":2,"name":"Shop","item":"https:\/\/testsupergap.com\/en\/shop-en\/"},{"@type":"ListItem","position":3,"name":"Ricarica Felicit\u00e0"}]},{"@type":"WebSite","@id":"https:\/\/testsupergap.com\/en\/#website","url":"https:\/\/testsupergap.com\/en\/","name":"Narrat\u00e8 World","description":"La lettura ha scoperto l&#039;acqua calda","publisher":{"@id":"https:\/\/testsupergap.com\/en\/#organization"},"potentialAction":[{"@type":"SearchAction","target":{"@type":"EntryPoint","urlTemplate":"https:\/\/testsupergap.com\/en\/?s={search_term_string}"},"query-input":{"@type":"PropertyValueSpecification","valueRequired":true,"valueName":"search_term_string"}}],"inLanguage":"en-US"},{"@type":"Organization","@id":"https:\/\/testsupergap.com\/en\/#organization","name":"Narrat\u00e8 World","url":"https:\/\/testsupergap.com\/en\/","logo":{"@type":"ImageObject","inLanguage":"en-US","@id":"https:\/\/testsupergap.com\/en\/#\/schema\/logo\/image\/","url":"https:\/\/testsupergap.com\/wp-content\/uploads\/2024\/05\/logo-order-email-seller.png","contentUrl":"https:\/\/testsupergap.com\/wp-content\/uploads\/2024\/05\/logo-order-email-seller.png","width":664,"height":124,"caption":"Narrat\u00e8 World"},"image":{"@id":"https:\/\/testsupergap.com\/en\/#\/schema\/logo\/image\/"},"sameAs":["https:\/\/www.facebook.com\/narrateworld","https:\/\/x.com\/narrateworld","https:\/\/instagram.com\/narrateworld"]}]}},"_links":{"self":[{"href":"https:\/\/testsupergap.com\/en\/wp-json\/wp\/v2\/product\/26026","targetHints":{"allow":["GET"]}}],"collection":[{"href":"https:\/\/testsupergap.com\/en\/wp-json\/wp\/v2\/product"}],"about":[{"href":"https:\/\/testsupergap.com\/en\/wp-json\/wp\/v2\/types\/product"}],"version-history":[{"count":0,"href":"https:\/\/testsupergap.com\/en\/wp-json\/wp\/v2\/product\/26026\/revisions"}],"wp:featuredmedia":[{"embeddable":true,"href":"https:\/\/testsupergap.com\/en\/wp-json\/wp\/v2\/media\/24321"}],"wp:attachment":[{"href":"https:\/\/testsupergap.com\/en\/wp-json\/wp\/v2\/media?parent=26026"}],"wp:term":[{"taxonomy":"product_brand","embeddable":true,"href":"https:\/\/testsupergap.com\/en\/wp-json\/wp\/v2\/product_brand?post=26026"},{"taxonomy":"product_cat","embeddable":true,"href":"https:\/\/testsupergap.com\/en\/wp-json\/wp\/v2\/product_cat?post=26026"},{"taxonomy":"product_tag","embeddable":true,"href":"https:\/\/testsupergap.com\/en\/wp-json\/wp\/v2\/product_tag?post=26026"}],"curies":[{"name":"wp","href":"https:\/\/api.w.org\/{rel}","templated":true}]}}