{"id":26172,"date":"2021-07-29T16:59:09","date_gmt":"2021-07-29T14:59:09","guid":{"rendered":"https:\/\/testsupergap.com\/prodotto\/un-te-con-jane-austen\/"},"modified":"2024-05-12T08:37:14","modified_gmt":"2024-05-12T06:37:14","slug":"a-cup-of-tea-with-jane-austen","status":"publish","type":"product","link":"https:\/\/testsupergap.com\/en\/prodotto\/a-cup-of-tea-with-jane-austen\/","title":{"rendered":"A cup of tea with Jane Austen"},"content":{"rendered":"\t\t<div data-elementor-type=\"wp-post\" data-elementor-id=\"26172\" class=\"elementor elementor-26172 elementor-16980\">\n\t\t\t\t\t\t<section class=\"wd-negative-gap elementor-section elementor-top-section elementor-element elementor-element-79752fbe wd-section-stretch elementor-section-content-top elementor-section-boxed elementor-section-height-default elementor-section-height-default\" data-id=\"79752fbe\" data-element_type=\"section\" data-settings=\"{&quot;background_background&quot;:&quot;classic&quot;}\">\n\t\t\t\t\t\t<div class=\"elementor-container elementor-column-gap-extended\">\n\t\t\t\t\t<div class=\"elementor-column elementor-col-50 elementor-top-column elementor-element elementor-element-2af8c87b\" data-id=\"2af8c87b\" data-element_type=\"column\">\n\t\t\t<div class=\"elementor-widget-wrap elementor-element-populated\">\n\t\t\t\t\t\t<div class=\"elementor-element elementor-element-34e43d1 elementor-widget elementor-widget-wd_text_block\" data-id=\"34e43d1\" data-element_type=\"widget\" data-widget_type=\"wd_text_block.default\">\n\t\t\t\t<div class=\"elementor-widget-container\">\n\t\t\t\t\t<div class=\"wd-text-block reset-last-child text-left\">\n\t\t\t\n\t\t\t<h3><span style=\"color: #c7317c;\"><strong><span style=\"color: #e6c279;\">UN T\u00c8 CON JANE AUSTEN<\/span><\/strong><\/span><\/h3><p>In collaborazione con la\u00a0<strong><span style=\"text-decoration: underline;\"><span style=\"color: #777777;\"><a style=\"color: #777777; text-decoration: underline;\" href=\"https:\/\/www.jasit.it\/\" target=\"_blank\" rel=\"noopener\">Jane Austen Society of Italy<\/a><\/span><\/span><\/strong><\/p><p>Nel centenario della sua nascita, cosa ci racconterebbe di s\u00e9 Jane Austen,\u00a0se avessimo la fortuna di aspettare con lui i 5 minuti d'infusione? Cosa sceglierebbe di farci sapere? Con quali parole? Da qui origina l\u2019inedito racconto confidenziale e ricco di aneddoti che Francesca Genti\u00a0ci propone in soggettiva, come se a parlare fosse proprio\u00a0Calvino. Il racconto poi prosegue col sapore grazie al blend formulato\u00a0<em>ad hoc,<\/em>\u00a0che restituisce al palato quello che si \u00e8 letto con gli occhi. Entra anche tu nella ristretta cerchia di Narrat\u00e8Lovers che potranno affermare, senza dubbio di smentita, di aver preso \u201c<strong>Un t\u00e8 con\u00a0<\/strong><strong>Jane AUSTEN<\/strong>\u201d.<\/p><p><span style=\"color: #e6c279;\"><strong>NEW BLEND<br \/><\/strong><\/span><strong>T\u00e8 nero Darjeeling* | Lavanda* | Rosa petali*.<\/strong> - * da agricoltura biologica<\/p><p style=\"text-align: center;\"><img decoding=\"async\" class=\"alignnone wp-image-17002 size-full\" src=\"https:\/\/testsupergap.com\/wp-content\/uploads\/2023\/07\/un-te-con-Jane-Austen-ingredienti.png\" alt=\"\" width=\"400\" height=\"57\" srcset=\"https:\/\/testsupergap.com\/wp-content\/uploads\/2023\/07\/un-te-con-Jane-Austen-ingredienti.png 400w, https:\/\/testsupergap.com\/wp-content\/uploads\/2023\/07\/un-te-con-Jane-Austen-ingredienti-150x21.png 150w\" sizes=\"(max-width: 400px) 100vw, 400px\" \/><\/p><p><span style=\"color: #e6c279;\"><strong>TESTO<br \/><\/strong><\/span>Un racconto inedito di circa 5 min. di lettura, equivalenti al tempo necessario all\u2019infusione. Scritto da\u00a0Silvia Ogier\u00a0per cogliere e restituire con semplicit\u00e0 l\u2019essenza\u00a0dell'iconico intellettuale italiano. In due lingue (ITA\/ENG). 1a edizione 2023<\/p><p><strong><span style=\"color: #c7317c;\"><span style=\"color: #e6c279;\">CARATTERISTICHE TECNICHE<\/span><br \/><\/span><\/strong><strong>Libretto:<\/strong> Dim. 9 x 10 x 0,6 cm (chiuso), cover con stampa in fluo e argento metallico.\u00a024 facciate stampate in offset su carta riciclata + 2 bianche. Doppia rilegatura a 2\u00a0punti metallici e incollatura. Assemblato a mano con amore in Italia. Chiusura con\u00a0bollino adesivo di garanzia e indicazione data di scadenza.<\/p><p><strong>Filtro artigianale:<br \/><\/strong>La formulazione, miscelazione, insacchettamento e confezionamento nel sacchetto salva aroma, del blend avvengono artigianalmente in una piccola azienda agricola piemontese. Il taglio degli ingredienti contenuti \u00e8 quello \u201ctisana\u201d che consente la migliore infusione possibile. Per questo abbiamo scelto di utilizzare t\u00e8 biologici di alta qualit\u00e0, in confezioni monodose, prodotte e confezionate una a una, a mano, in Italia con qualit\u00e0 e costi non paragonabili a quelle prodotte industrialmente. Una scelta che aiuta a garantire la giusta retribuzione lavorativa e un incentivo all\u2019economia territoriale dell\u2019eccellenza agroalimentare italiana. Infine non abbiamo voluto aggiungere filo e pendulino al filtro per non dover impiegare ulteriori elementi di raccordo (con potenziali micro inquinanti) cos\u00ec da salvaguardare al massimo le propriet\u00e0 aromatiche e organolettiche dell\u2019infuso.<br \/>Contiene 2 grammi di miscela biologica di alta qualit\u00e0, certificata ICEA. Tempo d\u2019infusione: 5 minuti. Validit\u00e0 3 anni dall\u2019imbustamento. Confezionata in un sacchetto protettivo monodose termosaldato in plastica per alimenti 6 x 8,5 x 0,15 cm.<\/p><p><span style=\"color: #e6c279;\"><strong>PAGINE SPECIALI<br \/><\/strong><\/span>Contiene una sezione di informazioni brevi utili a conoscere le particolarit\u00e0 che hanno reso Jane Austen famosa nel mondo, assieme alla biografia essenziale, 5 curiosi\u00e0 e 5 link di approfondimento.<br \/>Il Qr code nell'ultima pagina consente l'accesso ai contenuti multimediali con ulteriori approfondimenti.<\/p><p><strong>Prezzo al pubblico \u20ac 6,90 | ISBN 9788885507647<\/strong><\/p>\n\t\t\t\t\t<\/div>\n\t\t\t\t<\/div>\n\t\t\t\t<\/div>\n\t\t\t\t\t<\/div>\n\t\t<\/div>\n\t\t\t\t<div class=\"elementor-column elementor-col-50 elementor-top-column elementor-element elementor-element-5471f06f\" data-id=\"5471f06f\" data-element_type=\"column\">\n\t\t\t<div class=\"elementor-widget-wrap elementor-element-populated\">\n\t\t\t\t\t\t<div class=\"elementor-element elementor-element-0784455 elementor-widget elementor-widget-wd_accordion\" data-id=\"0784455\" data-element_type=\"widget\" data-widget_type=\"wd_accordion.default\">\n\t\t\t\t<div class=\"elementor-widget-container\">\n\t\t\t\n\t\t<div class=\"wd-accordion wd-style-default\" data-state=\"first\">\n\t\t\t\t\t\t\t\n\t\t\t\t<div class=\"wd-accordion-item\">\n\t\t\t\t\t<div class=\"wd-accordion-title wd-active text-left wd-opener-pos-left\" data-accordion-index=\"0\">\n\t\t\t\t\t\t<div class=\"wd-accordion-title-text\">\n\t\t\t\t\t\t\t\t\t\t\t\t\t\t<span>\n\t\t\t\t\t\t\t\tIl Blend AUSTEN\t\t\t\t\t\t\t<\/span>\n\t\t\t\t\t\t<\/div>\n\t\t\t\t\t\t<span class=\"wd-accordion-opener wd-opener-style-arrow\"><\/span>\n\t\t\t\t\t<\/div>\n\n\t\t\t\t\t<div class=\"wd-accordion-content reset-last-child wd-active\" data-accordion-index=\"0\">\n\t\t\t\t\t\t\t\t\t\t\t\t\t\n\t\t\t\t\t\t\t<p>Un blend delicato, semplice ma di carattere, a base di eccellente t\u00e8 nero Darjeeling che dialoga armonicamente con i classici aromi preferiti dalla Austen e propri dell\u2019Inghilterra dei primi dell\u2019800. \u00c8 risaputo che nel suo giardino coltivasse piante di <strong>Lavanda e Rose<\/strong>, di cui ammirava i colori e amava l\u2019aroma. A rimarcarne il legame, il 22 maggio 2017 \u00e8 stata presentata a Londra la prima rosa denominata proprio Jane Austen.<\/p>\n\t\t\t\t\t\t\t\t\t\t\t\t\t\t\t\t\t\t<\/div>\n\t\t\t\t<\/div>\n\t\t\t\t\t\t\t\n\t\t\t\t<div class=\"wd-accordion-item\">\n\t\t\t\t\t<div class=\"wd-accordion-title text-left wd-opener-pos-left\" data-accordion-index=\"1\">\n\t\t\t\t\t\t<div class=\"wd-accordion-title-text\">\n\t\t\t\t\t\t\t\t\t\t\t\t\t\t<span>\n\t\t\t\t\t\t\t\tL&#039;autore | Silvia OGIER\t\t\t\t\t\t\t<\/span>\n\t\t\t\t\t\t<\/div>\n\t\t\t\t\t\t<span class=\"wd-accordion-opener wd-opener-style-arrow\"><\/span>\n\t\t\t\t\t<\/div>\n\n\t\t\t\t\t<div class=\"wd-accordion-content reset-last-child\" data-accordion-index=\"1\">\n\t\t\t\t\t\t\t\t\t\t\t\t\t\n\t\t\t\t\t\t\t<p>Bolognese, <span style=\"text-decoration: underline;\"><strong><span style=\"color: #777777;\"><a style=\"color: #777777; text-decoration: underline;\" href=\"https:\/\/testsupergap.com\/en\/autori\/silvia-ogier\/\">Silvia Ogier<\/a><\/span><\/strong><\/span> \u00e8 stata traduttrice e da anni si occupa di comunicazione. Il suo maggiore interesse libresco \u00e8 la letteratura scritta dalle donne. Ha incontrato Jane Austen per la prima volta a vent\u2019anni tra le pagine di \u201cOrgoglio e pregiudizio\u201d e non l\u2019ha pi\u00f9 lasciata. Nel 2010 ha deciso di riversare le sue appassionate elucubrazioni austeniane nel blog letterario Un t\u00e8 con Jane Austen e nel 2013, insieme ad altri quattro Janeite, ha fondato <span style=\"text-decoration: underline; color: #777777;\"><strong><a style=\"color: #777777; text-decoration: underline;\" href=\"https:\/\/www.jasit.it\/\" target=\"_blank\" rel=\"noopener\">Jane Austen Society of Italy<\/a><\/strong><\/span>, di cui \u00e8 presidente.<\/p>\n\t\t\t\t\t\t\t\t\t\t\t\t\t\t\t\t\t\t<\/div>\n\t\t\t\t<\/div>\n\t\t\t\t\t<\/div>\n\t\t\t\t<\/div>\n\t\t\t\t<\/div>\n\t\t\t\t<div class=\"elementor-element elementor-element-2d6609b elementor-widget elementor-widget-wd_image_or_svg\" data-id=\"2d6609b\" data-element_type=\"widget\" data-widget_type=\"wd_image_or_svg.default\">\n\t\t\t\t<div class=\"elementor-widget-container\">\n\t\t\t\n\t\t<div class=\"wd-image text-left\">\n\t\t\t\t\t\t\t\t<img fetchpriority=\"high\" decoding=\"async\" width=\"900\" height=\"900\" src=\"https:\/\/testsupergap.com\/wp-content\/uploads\/2023\/07\/Narrapeople-Austen-frontepresentazione.png\" class=\"attachment-full size-full\" alt=\"\" srcset=\"https:\/\/testsupergap.com\/wp-content\/uploads\/2023\/07\/Narrapeople-Austen-frontepresentazione.png 900w, https:\/\/testsupergap.com\/wp-content\/uploads\/2023\/07\/Narrapeople-Austen-frontepresentazione-430x430.png 430w, https:\/\/testsupergap.com\/wp-content\/uploads\/2023\/07\/Narrapeople-Austen-frontepresentazione-150x150.png 150w, https:\/\/testsupergap.com\/wp-content\/uploads\/2023\/07\/Narrapeople-Austen-frontepresentazione-700x700.png 700w, https:\/\/testsupergap.com\/wp-content\/uploads\/2023\/07\/Narrapeople-Austen-frontepresentazione-300x300.png 300w, https:\/\/testsupergap.com\/wp-content\/uploads\/2023\/07\/Narrapeople-Austen-frontepresentazione-800x800.png 800w, https:\/\/testsupergap.com\/wp-content\/uploads\/2023\/07\/Narrapeople-Austen-frontepresentazione-768x768.png 768w, https:\/\/testsupergap.com\/wp-content\/uploads\/2023\/07\/Narrapeople-Austen-frontepresentazione-860x860.png 860w\" sizes=\"(max-width: 900px) 100vw, 900px\" \/>\t\t\t\t\t<\/div>\n\n\t\t\t\t<\/div>\n\t\t\t\t<\/div>\n\t\t\t\t\t<\/div>\n\t\t<\/div>\n\t\t\t\t\t<\/div>\n\t\t<\/section>\n\t\t\t\t<\/div>\n\t\t","protected":false},"excerpt":{"rendered":"<p>Nel centenario della sua nascita, cosa ci racconterebbe di s\u00e9 Jane Austen, se avessimo la fortuna di aspettare con lui i 5 minuti d&#8217;infusione?<\/p>\n","protected":false},"featured_media":23978,"template":"","meta":[],"product_brand":[],"product_cat":[216],"product_tag":[],"class_list":{"0":"post-26172","1":"product","2":"type-product","3":"status-publish","4":"has-post-thumbnail","6":"product_cat-narra-people-en","8":"first","9":"instock","10":"taxable","11":"shipping-taxable","12":"purchasable","13":"product-type-simple"},"yoast_head":"<!-- This site is optimized with the Yoast SEO plugin v27.4 - https:\/\/yoast.com\/product\/yoast-seo-wordpress\/ -->\n<title>A cup of tea with Jane Austen - Narrat\u00e8 World<\/title>\n<meta name=\"robots\" content=\"noindex, follow, max-snippet:-1, max-image-preview:large, max-video-preview:-1\" \/>\n<meta property=\"og:locale\" content=\"en_US\" \/>\n<meta property=\"og:type\" content=\"article\" \/>\n<meta property=\"og:title\" content=\"A cup of tea with Jane Austen - Narrat\u00e8 World\" \/>\n<meta property=\"og:description\" content=\"Nel centenario della sua nascita, cosa ci racconterebbe di s\u00e9 Jane Austen, se avessimo la fortuna di aspettare con lui i 5 minuti d&#039;infusione?\" \/>\n<meta property=\"og:url\" content=\"https:\/\/testsupergap.com\/en\/prodotto\/a-cup-of-tea-with-jane-austen\/\" \/>\n<meta property=\"og:site_name\" content=\"Narrat\u00e8 World\" \/>\n<meta property=\"article:publisher\" content=\"https:\/\/www.facebook.com\/narrateworld\" \/>\n<meta property=\"article:modified_time\" content=\"2024-05-12T06:37:14+00:00\" \/>\n<meta property=\"og:image\" content=\"https:\/\/testsupergap.com\/wp-content\/uploads\/2023\/07\/Narrapeople-Austen-fronte.png\" \/>\n\t<meta property=\"og:image:width\" content=\"567\" \/>\n\t<meta property=\"og:image:height\" content=\"613\" \/>\n\t<meta property=\"og:image:type\" content=\"image\/png\" \/>\n<meta name=\"twitter:card\" content=\"summary_large_image\" \/>\n<meta name=\"twitter:site\" content=\"@narrateworld\" \/>\n<meta name=\"twitter:label1\" content=\"Est. reading time\" \/>\n\t<meta name=\"twitter:data1\" content=\"4 minutes\" \/>\n<script type=\"application\/ld+json\" class=\"yoast-schema-graph\">{\"@context\":\"https:\\\/\\\/schema.org\",\"@graph\":[{\"@type\":\"WebPage\",\"@id\":\"https:\\\/\\\/testsupergap.com\\\/en\\\/prodotto\\\/a-cup-of-tea-with-jane-austen\\\/\",\"url\":\"https:\\\/\\\/testsupergap.com\\\/en\\\/prodotto\\\/a-cup-of-tea-with-jane-austen\\\/\",\"name\":\"A cup of tea with Jane Austen - Narrat\u00e8 World\",\"isPartOf\":{\"@id\":\"https:\\\/\\\/testsupergap.com\\\/en\\\/#website\"},\"primaryImageOfPage\":{\"@id\":\"https:\\\/\\\/testsupergap.com\\\/en\\\/prodotto\\\/a-cup-of-tea-with-jane-austen\\\/#primaryimage\"},\"image\":{\"@id\":\"https:\\\/\\\/testsupergap.com\\\/en\\\/prodotto\\\/a-cup-of-tea-with-jane-austen\\\/#primaryimage\"},\"thumbnailUrl\":\"https:\\\/\\\/testsupergap.com\\\/wp-content\\\/uploads\\\/2023\\\/07\\\/Narrapeople-Austen-fronte.png\",\"datePublished\":\"2021-07-29T14:59:09+00:00\",\"dateModified\":\"2024-05-12T06:37:14+00:00\",\"breadcrumb\":{\"@id\":\"https:\\\/\\\/testsupergap.com\\\/en\\\/prodotto\\\/a-cup-of-tea-with-jane-austen\\\/#breadcrumb\"},\"inLanguage\":\"en-US\",\"potentialAction\":[{\"@type\":\"ReadAction\",\"target\":[\"https:\\\/\\\/testsupergap.com\\\/en\\\/prodotto\\\/a-cup-of-tea-with-jane-austen\\\/\"]}]},{\"@type\":\"ImageObject\",\"inLanguage\":\"en-US\",\"@id\":\"https:\\\/\\\/testsupergap.com\\\/en\\\/prodotto\\\/a-cup-of-tea-with-jane-austen\\\/#primaryimage\",\"url\":\"https:\\\/\\\/testsupergap.com\\\/wp-content\\\/uploads\\\/2023\\\/07\\\/Narrapeople-Austen-fronte.png\",\"contentUrl\":\"https:\\\/\\\/testsupergap.com\\\/wp-content\\\/uploads\\\/2023\\\/07\\\/Narrapeople-Austen-fronte.png\",\"width\":567,\"height\":613},{\"@type\":\"BreadcrumbList\",\"@id\":\"https:\\\/\\\/testsupergap.com\\\/en\\\/prodotto\\\/a-cup-of-tea-with-jane-austen\\\/#breadcrumb\",\"itemListElement\":[{\"@type\":\"ListItem\",\"position\":1,\"name\":\"Home\",\"item\":\"https:\\\/\\\/testsupergap.com\\\/en\\\/\"},{\"@type\":\"ListItem\",\"position\":2,\"name\":\"Shop\",\"item\":\"https:\\\/\\\/testsupergap.com\\\/en\\\/shop-en\\\/\"},{\"@type\":\"ListItem\",\"position\":3,\"name\":\"A cup of tea with Jane Austen\"}]},{\"@type\":\"WebSite\",\"@id\":\"https:\\\/\\\/testsupergap.com\\\/en\\\/#website\",\"url\":\"https:\\\/\\\/testsupergap.com\\\/en\\\/\",\"name\":\"Narrat\u00e8 World\",\"description\":\"La lettura ha scoperto l&#039;acqua calda\",\"publisher\":{\"@id\":\"https:\\\/\\\/testsupergap.com\\\/en\\\/#organization\"},\"potentialAction\":[{\"@type\":\"SearchAction\",\"target\":{\"@type\":\"EntryPoint\",\"urlTemplate\":\"https:\\\/\\\/testsupergap.com\\\/en\\\/?s={search_term_string}\"},\"query-input\":{\"@type\":\"PropertyValueSpecification\",\"valueRequired\":true,\"valueName\":\"search_term_string\"}}],\"inLanguage\":\"en-US\"},{\"@type\":\"Organization\",\"@id\":\"https:\\\/\\\/testsupergap.com\\\/en\\\/#organization\",\"name\":\"Narrat\u00e8 World\",\"url\":\"https:\\\/\\\/testsupergap.com\\\/en\\\/\",\"logo\":{\"@type\":\"ImageObject\",\"inLanguage\":\"en-US\",\"@id\":\"https:\\\/\\\/testsupergap.com\\\/en\\\/#\\\/schema\\\/logo\\\/image\\\/\",\"url\":\"https:\\\/\\\/testsupergap.com\\\/wp-content\\\/uploads\\\/2024\\\/05\\\/logo-order-email-seller.png\",\"contentUrl\":\"https:\\\/\\\/testsupergap.com\\\/wp-content\\\/uploads\\\/2024\\\/05\\\/logo-order-email-seller.png\",\"width\":664,\"height\":124,\"caption\":\"Narrat\u00e8 World\"},\"image\":{\"@id\":\"https:\\\/\\\/testsupergap.com\\\/en\\\/#\\\/schema\\\/logo\\\/image\\\/\"},\"sameAs\":[\"https:\\\/\\\/www.facebook.com\\\/narrateworld\",\"https:\\\/\\\/x.com\\\/narrateworld\",\"https:\\\/\\\/instagram.com\\\/narrateworld\"]}]}<\/script>\n<!-- \/ Yoast SEO plugin. -->","yoast_head_json":{"title":"A cup of tea with Jane Austen - Narrat\u00e8 World","robots":{"index":"noindex","follow":"follow","max-snippet":"max-snippet:-1","max-image-preview":"max-image-preview:large","max-video-preview":"max-video-preview:-1"},"og_locale":"en_US","og_type":"article","og_title":"A cup of tea with Jane Austen - Narrat\u00e8 World","og_description":"Nel centenario della sua nascita, cosa ci racconterebbe di s\u00e9 Jane Austen, se avessimo la fortuna di aspettare con lui i 5 minuti d'infusione?","og_url":"https:\/\/testsupergap.com\/en\/prodotto\/a-cup-of-tea-with-jane-austen\/","og_site_name":"Narrat\u00e8 World","article_publisher":"https:\/\/www.facebook.com\/narrateworld","article_modified_time":"2024-05-12T06:37:14+00:00","og_image":[{"width":567,"height":613,"url":"https:\/\/testsupergap.com\/wp-content\/uploads\/2023\/07\/Narrapeople-Austen-fronte.png","type":"image\/png"}],"twitter_card":"summary_large_image","twitter_site":"@narrateworld","twitter_misc":{"Est. reading time":"4 minutes"},"schema":{"@context":"https:\/\/schema.org","@graph":[{"@type":"WebPage","@id":"https:\/\/testsupergap.com\/en\/prodotto\/a-cup-of-tea-with-jane-austen\/","url":"https:\/\/testsupergap.com\/en\/prodotto\/a-cup-of-tea-with-jane-austen\/","name":"A cup of tea with Jane Austen - Narrat\u00e8 World","isPartOf":{"@id":"https:\/\/testsupergap.com\/en\/#website"},"primaryImageOfPage":{"@id":"https:\/\/testsupergap.com\/en\/prodotto\/a-cup-of-tea-with-jane-austen\/#primaryimage"},"image":{"@id":"https:\/\/testsupergap.com\/en\/prodotto\/a-cup-of-tea-with-jane-austen\/#primaryimage"},"thumbnailUrl":"https:\/\/testsupergap.com\/wp-content\/uploads\/2023\/07\/Narrapeople-Austen-fronte.png","datePublished":"2021-07-29T14:59:09+00:00","dateModified":"2024-05-12T06:37:14+00:00","breadcrumb":{"@id":"https:\/\/testsupergap.com\/en\/prodotto\/a-cup-of-tea-with-jane-austen\/#breadcrumb"},"inLanguage":"en-US","potentialAction":[{"@type":"ReadAction","target":["https:\/\/testsupergap.com\/en\/prodotto\/a-cup-of-tea-with-jane-austen\/"]}]},{"@type":"ImageObject","inLanguage":"en-US","@id":"https:\/\/testsupergap.com\/en\/prodotto\/a-cup-of-tea-with-jane-austen\/#primaryimage","url":"https:\/\/testsupergap.com\/wp-content\/uploads\/2023\/07\/Narrapeople-Austen-fronte.png","contentUrl":"https:\/\/testsupergap.com\/wp-content\/uploads\/2023\/07\/Narrapeople-Austen-fronte.png","width":567,"height":613},{"@type":"BreadcrumbList","@id":"https:\/\/testsupergap.com\/en\/prodotto\/a-cup-of-tea-with-jane-austen\/#breadcrumb","itemListElement":[{"@type":"ListItem","position":1,"name":"Home","item":"https:\/\/testsupergap.com\/en\/"},{"@type":"ListItem","position":2,"name":"Shop","item":"https:\/\/testsupergap.com\/en\/shop-en\/"},{"@type":"ListItem","position":3,"name":"A cup of tea with Jane Austen"}]},{"@type":"WebSite","@id":"https:\/\/testsupergap.com\/en\/#website","url":"https:\/\/testsupergap.com\/en\/","name":"Narrat\u00e8 World","description":"La lettura ha scoperto l&#039;acqua calda","publisher":{"@id":"https:\/\/testsupergap.com\/en\/#organization"},"potentialAction":[{"@type":"SearchAction","target":{"@type":"EntryPoint","urlTemplate":"https:\/\/testsupergap.com\/en\/?s={search_term_string}"},"query-input":{"@type":"PropertyValueSpecification","valueRequired":true,"valueName":"search_term_string"}}],"inLanguage":"en-US"},{"@type":"Organization","@id":"https:\/\/testsupergap.com\/en\/#organization","name":"Narrat\u00e8 World","url":"https:\/\/testsupergap.com\/en\/","logo":{"@type":"ImageObject","inLanguage":"en-US","@id":"https:\/\/testsupergap.com\/en\/#\/schema\/logo\/image\/","url":"https:\/\/testsupergap.com\/wp-content\/uploads\/2024\/05\/logo-order-email-seller.png","contentUrl":"https:\/\/testsupergap.com\/wp-content\/uploads\/2024\/05\/logo-order-email-seller.png","width":664,"height":124,"caption":"Narrat\u00e8 World"},"image":{"@id":"https:\/\/testsupergap.com\/en\/#\/schema\/logo\/image\/"},"sameAs":["https:\/\/www.facebook.com\/narrateworld","https:\/\/x.com\/narrateworld","https:\/\/instagram.com\/narrateworld"]}]}},"_links":{"self":[{"href":"https:\/\/testsupergap.com\/en\/wp-json\/wp\/v2\/product\/26172","targetHints":{"allow":["GET"]}}],"collection":[{"href":"https:\/\/testsupergap.com\/en\/wp-json\/wp\/v2\/product"}],"about":[{"href":"https:\/\/testsupergap.com\/en\/wp-json\/wp\/v2\/types\/product"}],"version-history":[{"count":8,"href":"https:\/\/testsupergap.com\/en\/wp-json\/wp\/v2\/product\/26172\/revisions"}],"predecessor-version":[{"id":33222,"href":"https:\/\/testsupergap.com\/en\/wp-json\/wp\/v2\/product\/26172\/revisions\/33222"}],"wp:featuredmedia":[{"embeddable":true,"href":"https:\/\/testsupergap.com\/en\/wp-json\/wp\/v2\/media\/23978"}],"wp:attachment":[{"href":"https:\/\/testsupergap.com\/en\/wp-json\/wp\/v2\/media?parent=26172"}],"wp:term":[{"taxonomy":"product_brand","embeddable":true,"href":"https:\/\/testsupergap.com\/en\/wp-json\/wp\/v2\/product_brand?post=26172"},{"taxonomy":"product_cat","embeddable":true,"href":"https:\/\/testsupergap.com\/en\/wp-json\/wp\/v2\/product_cat?post=26172"},{"taxonomy":"product_tag","embeddable":true,"href":"https:\/\/testsupergap.com\/en\/wp-json\/wp\/v2\/product_tag?post=26172"}],"curies":[{"name":"wp","href":"https:\/\/api.w.org\/{rel}","templated":true}]}}