{"id":26224,"date":"2021-06-13T17:18:43","date_gmt":"2021-06-13T15:18:43","guid":{"rendered":"https:\/\/testsupergap.com\/prodotto\/lessenza-di-firenze-in-un-te\/"},"modified":"2024-05-10T17:00:14","modified_gmt":"2024-05-10T15:00:14","slug":"the-essence-of-florence-in-a-cup-of-tea","status":"publish","type":"product","link":"https:\/\/testsupergap.com\/en\/prodotto\/the-essence-of-florence-in-a-cup-of-tea\/","title":{"rendered":"The essence of Florence in a cup of tea"},"content":{"rendered":"\t\t<div data-elementor-type=\"wp-post\" data-elementor-id=\"26224\" class=\"elementor elementor-26224 elementor-15999\">\n\t\t\t\t\t\t<section class=\"wd-negative-gap elementor-section elementor-top-section elementor-element elementor-element-79752fbe wd-section-stretch elementor-section-content-top elementor-section-boxed elementor-section-height-default elementor-section-height-default\" data-id=\"79752fbe\" data-element_type=\"section\" data-settings=\"{&quot;background_background&quot;:&quot;classic&quot;}\">\n\t\t\t\t\t\t<div class=\"elementor-container elementor-column-gap-extended\">\n\t\t\t\t\t<div class=\"elementor-column elementor-col-50 elementor-top-column elementor-element elementor-element-2af8c87b\" data-id=\"2af8c87b\" data-element_type=\"column\">\n\t\t\t<div class=\"elementor-widget-wrap elementor-element-populated\">\n\t\t\t\t\t\t<div class=\"elementor-element elementor-element-34e43d1 elementor-widget elementor-widget-wd_text_block\" data-id=\"34e43d1\" data-element_type=\"widget\" data-widget_type=\"wd_text_block.default\">\n\t\t\t\t<div class=\"elementor-widget-container\">\n\t\t\t\t\t<div class=\"wd-text-block reset-last-child text-left\">\n\t\t\t\n\t\t\t<h3><span style=\"color: #63cc53;\"><strong>L\u2019ESSENZA DI FIRENZE IN UN T\u00c8<\/strong><\/span><\/h3><p><strong><span style=\"color: #63cc53;\">BLEND<br \/><\/span><\/strong><strong>T\u00e8 nero Darjeeling* | Malva foglie e fiori* | Rosmarino* | Ibisco* | Zenzero* <\/strong>\u00a0- * da agricoltura biologica<\/p><p style=\"text-align: center;\"><img decoding=\"async\" class=\"alignnone wp-image-16306 size-full\" src=\"https:\/\/testsupergap.com\/wp-content\/uploads\/2023\/06\/Narrate-Blend-Firenze-ingredienti.png\" alt=\"\" width=\"400\" height=\"79\" srcset=\"https:\/\/testsupergap.com\/wp-content\/uploads\/2023\/06\/Narrate-Blend-Firenze-ingredienti.png 400w, https:\/\/testsupergap.com\/wp-content\/uploads\/2023\/06\/Narrate-Blend-Firenze-ingredienti-150x30.png 150w\" sizes=\"(max-width: 400px) 100vw, 400px\" \/><\/p><p><strong><span style=\"color: #63cc53;\">TESTO<br \/><\/span><\/strong>Un racconto inedito di circa 5 min. di lettura, equivalenti al tempo necessario all\u2019infusione. Scritto da\u00a0<strong>Cristina Giuntini<\/strong>\u00a0per cogliere e restituire con semplicit\u00e0 il \u2018cuore\u2019, il carattere, l\u2019anima della citt\u00e0 di\u00a0<strong>Firenze<\/strong>\u00a0e dei suoi abitanti. Un vero e proprio\u00a0<em>T\u00e8 Souvenir<\/em>. In due lingue (ITA\/ENG) - 5a edizione maggio 2021<\/p><p><strong><span style=\"color: #63cc53;\">CARATTERISTICHE TECNICHE<br \/><\/span><\/strong><strong>Libretto:<\/strong> Dim. 9x10X0,6 cm (chiuso), cover con stampa in fluo e argento metallico. 24 facciate stampate in offset su carta riciclata pi\u00f9 due bianche di guardia. Doppia rilegatura a 2 punti metallici e incollatura. Assemblato a mano con amore in Italia. Bollino adesivo di garanzia con indicazione lotto e data di scadenza.<\/p><p><strong>Filtro artigianale:<\/strong> La formulazione, miscelazione, insacchettamento e confezionamento nel sacchetto salva aroma, avvengono artigianalmente in una societ\u00e0 agricola piemontese. Il taglio degli ingredienti contenuti \u00e8 quello \u201ctisana\u201d che consente la migliore infusione possibile. Per questo abbiamo scelto di utilizzare t\u00e8 biologici di alta qualit\u00e0, in confezioni monodose, prodotte e confezionate artigianalmente in Italia con qualit\u00e0 e costi non paragonabili a quelle prodotte industrialmente. Una scelta che aiuta a garantire la giusta retribuzione lavorativa e un incentivo all\u2019economia territoriale dell\u2019eccellenza agroalimentare italiana. Infine non abbiamo voluto aggiungere filo e pendulino al filtro per non dover impiegare ulteriori elementi di raccordo (con potenziali micro inquinanti) cos\u00ec da salvaguardare al massimo le propriet\u00e0 aromatiche dell\u2019infuso. Contiene 2 grammi di miscela biologica di alta qualit\u00e0, certificata ICEA. Tempo d\u2019infusione: 5 minuti. Validit\u00e0 3 anni dall\u2019imbustamento. Confezionata in un sacchetto protettivo monodose termosaldato in plastica per alimenti 6 x 8,5 x 0,15 cm.<\/p><p><strong><span style=\"color: #63cc53;\">PAGINE SPECIALI<br \/><\/span><\/strong>Contiene una sezione di informazioni brevi utili a conoscere le particolarit\u00e0 che la rendono famosa nel mondo, assieme alla cronologia degli eventi imperdibili. Abbiamo aggiunto anche la\u00a0<em>\u2018Unusual Top ten\u2019<\/em>, i 10 luoghi meno noti - in prossimit\u00e0 dei monumenti pi\u00f9 importanti - ma altrettanto belli. Infine ci sono i suggerimenti su cosa mangiare, bere e fare shopping. Il Qr code nell'ultima pagina consente l'accesso ai contenuti multimediali con oltre un'ora di ulteriore intrattenimento.<\/p><p><strong>Prezzo al pubblico \u20ac 6,90 | ISBN 9788885507067<\/strong><\/p>\n\t\t\t\t\t<\/div>\n\t\t\t\t<\/div>\n\t\t\t\t<\/div>\n\t\t\t\t\t<\/div>\n\t\t<\/div>\n\t\t\t\t<div class=\"elementor-column elementor-col-50 elementor-top-column elementor-element elementor-element-5471f06f\" data-id=\"5471f06f\" data-element_type=\"column\">\n\t\t\t<div class=\"elementor-widget-wrap elementor-element-populated\">\n\t\t\t\t\t\t<div class=\"elementor-element elementor-element-0784455 elementor-widget elementor-widget-wd_accordion\" data-id=\"0784455\" data-element_type=\"widget\" data-widget_type=\"wd_accordion.default\">\n\t\t\t\t<div class=\"elementor-widget-container\">\n\t\t\t\n\t\t<div class=\"wd-accordion wd-style-default\" data-state=\"first\">\n\t\t\t\t\t\t\t\n\t\t\t\t<div class=\"wd-accordion-item\">\n\t\t\t\t\t<div class=\"wd-accordion-title wd-active text-left wd-opener-pos-left\" data-accordion-index=\"0\">\n\t\t\t\t\t\t<div class=\"wd-accordion-title-text\">\n\t\t\t\t\t\t\t\t\t\t\t\t\t\t<span>\n\t\t\t\t\t\t\t\tIl Blend FIRENZE\t\t\t\t\t\t\t<\/span>\n\t\t\t\t\t\t<\/div>\n\t\t\t\t\t\t<span class=\"wd-accordion-opener wd-opener-style-arrow\"><\/span>\n\t\t\t\t\t<\/div>\n\n\t\t\t\t\t<div class=\"wd-accordion-content reset-last-child wd-active\" data-accordion-index=\"0\">\n\t\t\t\t\t\t\t\t\t\t\t\t\t\n\t\t\t\t\t\t\t<p>Ci siamo ispirati al nome \u201cFirenze\u201d - anticamente\u00a0<em>Fiorenza<\/em>, citt\u00e0 dei fiori - e al simbolo che ha: il giglio. Quindi una miscela delicata, floreale a base di pregiato\u00a0<strong>T\u00e8 nero Darjeeling<\/strong>, assieme alla\u00a0<strong>Malva<\/strong>\u00a0e all'<strong>Ibisco<\/strong>\u00a0con un sentore di\u00a0<strong>Rosmarino<\/strong>, in toscano \u201cramerino\u201d, che nel racconto funge da\u00a0<em>fil rouge<\/em>\u00a0nell\u2019esplorazione della citt\u00e0, oltre ad essere massicciamente impiegato nella cucina tradizionale fiorentina e toscana. Un tocco di\u00a0<strong>Zenzero<\/strong>\u00a0restituisce con un pizzico di piccantezza, orgoglio e superbia proprie dei fiorentini.<\/p>\n\t\t\t\t\t\t\t\t\t\t\t\t\t\t\t\t\t\t<\/div>\n\t\t\t\t<\/div>\n\t\t\t\t\t\t\t\n\t\t\t\t<div class=\"wd-accordion-item\">\n\t\t\t\t\t<div class=\"wd-accordion-title text-left wd-opener-pos-left\" data-accordion-index=\"1\">\n\t\t\t\t\t\t<div class=\"wd-accordion-title-text\">\n\t\t\t\t\t\t\t\t\t\t\t\t\t\t<span>\n\t\t\t\t\t\t\t\tL&#039;autore | Cristina Giuntini\t\t\t\t\t\t\t<\/span>\n\t\t\t\t\t\t<\/div>\n\t\t\t\t\t\t<span class=\"wd-accordion-opener wd-opener-style-arrow\"><\/span>\n\t\t\t\t\t<\/div>\n\n\t\t\t\t\t<div class=\"wd-accordion-content reset-last-child\" data-accordion-index=\"1\">\n\t\t\t\t\t\t\t\t\t\t\t\t\t\n\t\t\t\t\t\t\t<p>Fiorentina di nascita ma pratese d\u2019adozione, <strong><span style=\"text-decoration: underline; color: #777777;\"><a style=\"color: #777777; text-decoration: underline;\" href=\"https:\/\/testsupergap.com\/en\/autori\/cristina-giuntini\/\" target=\"_blank\" rel=\"noopener\">Cristina Giuntini<\/a>,<\/span>\u00a0<\/strong>ha un lavoro impiegatizio. Nel tempo libero, oltre a scrivere, recensice libri, segue corsi di teatro, viaggia e presiede un\u2019associazione culturale che si occupa di\u00a0<em>Eurovision Song Contest<\/em>\u00a0scrivendo articoli e realizzando interviste. Parla sei lingue.<\/p>\n\t\t\t\t\t\t\t\t\t\t\t\t\t\t\t\t\t\t<\/div>\n\t\t\t\t<\/div>\n\t\t\t\t\t\t\t\n\t\t\t\t<div class=\"wd-accordion-item\">\n\t\t\t\t\t<div class=\"wd-accordion-title text-left wd-opener-pos-left\" data-accordion-index=\"2\">\n\t\t\t\t\t\t<div class=\"wd-accordion-title-text\">\n\t\t\t\t\t\t\t\t\t\t\t\t\t\t<span>\n\t\t\t\t\t\t\t\tRicarica FIRENZE\t\t\t\t\t\t\t<\/span>\n\t\t\t\t\t\t<\/div>\n\t\t\t\t\t\t<span class=\"wd-accordion-opener wd-opener-style-arrow\"><\/span>\n\t\t\t\t\t<\/div>\n\n\t\t\t\t\t<div class=\"wd-accordion-content reset-last-child\" data-accordion-index=\"2\">\n\t\t\t\t\t\t\t\t\t\t\t\t\t\n\t\t\t\t\t\t\t<div><p>Con il nuovo sistema di ricarica del Narrat\u00e8 \u00ae BIO, <a href=\"https:\/\/testsupergap.com\/en\/prodotto\/ricarica-firenze\/\" target=\"_blank\" rel=\"noopener\"><strong><span style=\"color: #63cc53;\">acquistando la relativa confezione da 5 filtri<\/span><\/strong><\/a>, avrai sempre la possibilit\u00e0 di sostituire la tea bag usata con un filtro nuovo e il Narrat\u00e8\u00ae sar\u00e0 pronto per essere offerto, prestato o gustato ancora.<\/p><p><img decoding=\"async\" class=\"\" src=\"https:\/\/testsupergap.com\/wp-content\/uploads\/2023\/01\/Narrate-Sistema-ricarica-filtro-1.png\" alt=\"\" width=\"201\" height=\"103\" \/><\/p><\/div>\n\t\t\t\t\t\t\t\t\t\t\t\t\t\t\t\t\t\t<\/div>\n\t\t\t\t<\/div>\n\t\t\t\t\t<\/div>\n\t\t\t\t<\/div>\n\t\t\t\t<\/div>\n\t\t\t\t<div class=\"elementor-element elementor-element-2d6609b elementor-widget elementor-widget-wd_image_or_svg\" data-id=\"2d6609b\" data-element_type=\"widget\" data-widget_type=\"wd_image_or_svg.default\">\n\t\t\t\t<div class=\"elementor-widget-container\">\n\t\t\t\n\t\t<div class=\"wd-image text-left\">\n\t\t\t\t\t\t\t\t<img fetchpriority=\"high\" decoding=\"async\" width=\"900\" height=\"900\" src=\"https:\/\/testsupergap.com\/wp-content\/uploads\/2023\/06\/Narrate-Planet-Essenza-di-Firenze-in-un-te-presentazione.png\" class=\"attachment-full size-full\" alt=\"Narrate - Planet - Essenza di Firenze in un te\" srcset=\"https:\/\/testsupergap.com\/wp-content\/uploads\/2023\/06\/Narrate-Planet-Essenza-di-Firenze-in-un-te-presentazione.png 900w, https:\/\/testsupergap.com\/wp-content\/uploads\/2023\/06\/Narrate-Planet-Essenza-di-Firenze-in-un-te-presentazione-430x430.png 430w, https:\/\/testsupergap.com\/wp-content\/uploads\/2023\/06\/Narrate-Planet-Essenza-di-Firenze-in-un-te-presentazione-150x150.png 150w, https:\/\/testsupergap.com\/wp-content\/uploads\/2023\/06\/Narrate-Planet-Essenza-di-Firenze-in-un-te-presentazione-700x700.png 700w, https:\/\/testsupergap.com\/wp-content\/uploads\/2023\/06\/Narrate-Planet-Essenza-di-Firenze-in-un-te-presentazione-300x300.png 300w, https:\/\/testsupergap.com\/wp-content\/uploads\/2023\/06\/Narrate-Planet-Essenza-di-Firenze-in-un-te-presentazione-800x800.png 800w, https:\/\/testsupergap.com\/wp-content\/uploads\/2023\/06\/Narrate-Planet-Essenza-di-Firenze-in-un-te-presentazione-768x768.png 768w, https:\/\/testsupergap.com\/wp-content\/uploads\/2023\/06\/Narrate-Planet-Essenza-di-Firenze-in-un-te-presentazione-860x860.png 860w\" sizes=\"(max-width: 900px) 100vw, 900px\" \/>\t\t\t\t\t<\/div>\n\n\t\t\t\t<\/div>\n\t\t\t\t<\/div>\n\t\t\t\t\t<\/div>\n\t\t<\/div>\n\t\t\t\t\t<\/div>\n\t\t<\/section>\n\t\t\t\t<\/div>\n\t\t","protected":false},"excerpt":{"rendered":"<p>..un racconto per cogliere il \u2018cuore\u2019, il carattere, l\u2019anima della citt\u00e0 di\u00a0<strong>Firenze<\/strong>\u00a0e dei suoi abitanti..<\/p>\n","protected":false},"featured_media":23886,"template":"","meta":[],"product_brand":[],"product_cat":[217],"product_tag":[],"class_list":{"0":"post-26224","1":"product","2":"type-product","3":"status-publish","4":"has-post-thumbnail","6":"product_cat-narraplanet-en","8":"first","9":"instock","10":"taxable","11":"shipping-taxable","12":"purchasable","13":"product-type-simple"},"yoast_head":"<!-- This site is optimized with the Yoast SEO plugin v27.4 - https:\/\/yoast.com\/product\/yoast-seo-wordpress\/ -->\n<title>Narrat\u00e8 World - The essence of Florence in a cup of tea<\/title>\n<meta name=\"description\" content=\"L&#039;essenza di Firenze in un miscela di T\u00e8 unica e in un breve racconto che dura il tempo dell&#039;infusione\" \/>\n<meta name=\"robots\" content=\"noindex, follow, max-snippet:-1, max-image-preview:large, max-video-preview:-1\" \/>\n<meta property=\"og:locale\" content=\"en_US\" \/>\n<meta property=\"og:type\" content=\"article\" \/>\n<meta property=\"og:title\" content=\"Narrat\u00e8 World - The essence of Florence in a cup of tea\" \/>\n<meta property=\"og:description\" content=\"L&#039;essenza di Firenze in un miscela di T\u00e8 unica e in un breve racconto che dura il tempo dell&#039;infusione\" \/>\n<meta property=\"og:url\" content=\"https:\/\/testsupergap.com\/en\/prodotto\/the-essence-of-florence-in-a-cup-of-tea\/\" \/>\n<meta property=\"og:site_name\" content=\"Narrat\u00e8 World\" \/>\n<meta property=\"article:publisher\" content=\"https:\/\/www.facebook.com\/narrateworld\" \/>\n<meta property=\"article:modified_time\" content=\"2024-05-10T15:00:14+00:00\" \/>\n<meta property=\"og:image\" content=\"https:\/\/testsupergap.com\/wp-content\/uploads\/2023\/06\/Narrate-Planet-Essenza-di-Firenza-in-un-te.png\" \/>\n\t<meta property=\"og:image:width\" content=\"567\" \/>\n\t<meta property=\"og:image:height\" content=\"613\" \/>\n\t<meta property=\"og:image:type\" content=\"image\/png\" \/>\n<meta name=\"twitter:card\" content=\"summary_large_image\" \/>\n<meta name=\"twitter:site\" content=\"@narrateworld\" \/>\n<meta name=\"twitter:label1\" content=\"Est. reading time\" \/>\n\t<meta name=\"twitter:data1\" content=\"4 minutes\" \/>\n<script type=\"application\/ld+json\" class=\"yoast-schema-graph\">{\"@context\":\"https:\\\/\\\/schema.org\",\"@graph\":[{\"@type\":\"WebPage\",\"@id\":\"https:\\\/\\\/testsupergap.com\\\/en\\\/prodotto\\\/the-essence-of-florence-in-a-cup-of-tea\\\/\",\"url\":\"https:\\\/\\\/testsupergap.com\\\/en\\\/prodotto\\\/the-essence-of-florence-in-a-cup-of-tea\\\/\",\"name\":\"Narrat\u00e8 World - The essence of Florence in a cup of tea\",\"isPartOf\":{\"@id\":\"https:\\\/\\\/testsupergap.com\\\/en\\\/#website\"},\"primaryImageOfPage\":{\"@id\":\"https:\\\/\\\/testsupergap.com\\\/en\\\/prodotto\\\/the-essence-of-florence-in-a-cup-of-tea\\\/#primaryimage\"},\"image\":{\"@id\":\"https:\\\/\\\/testsupergap.com\\\/en\\\/prodotto\\\/the-essence-of-florence-in-a-cup-of-tea\\\/#primaryimage\"},\"thumbnailUrl\":\"https:\\\/\\\/testsupergap.com\\\/wp-content\\\/uploads\\\/2023\\\/06\\\/Narrate-Planet-Essenza-di-Firenza-in-un-te.png\",\"datePublished\":\"2021-06-13T15:18:43+00:00\",\"dateModified\":\"2024-05-10T15:00:14+00:00\",\"description\":\"L'essenza di Firenze in un miscela di T\u00e8 unica e in un breve racconto che dura il tempo dell'infusione\",\"breadcrumb\":{\"@id\":\"https:\\\/\\\/testsupergap.com\\\/en\\\/prodotto\\\/the-essence-of-florence-in-a-cup-of-tea\\\/#breadcrumb\"},\"inLanguage\":\"en-US\",\"potentialAction\":[{\"@type\":\"ReadAction\",\"target\":[\"https:\\\/\\\/testsupergap.com\\\/en\\\/prodotto\\\/the-essence-of-florence-in-a-cup-of-tea\\\/\"]}]},{\"@type\":\"ImageObject\",\"inLanguage\":\"en-US\",\"@id\":\"https:\\\/\\\/testsupergap.com\\\/en\\\/prodotto\\\/the-essence-of-florence-in-a-cup-of-tea\\\/#primaryimage\",\"url\":\"https:\\\/\\\/testsupergap.com\\\/wp-content\\\/uploads\\\/2023\\\/06\\\/Narrate-Planet-Essenza-di-Firenza-in-un-te.png\",\"contentUrl\":\"https:\\\/\\\/testsupergap.com\\\/wp-content\\\/uploads\\\/2023\\\/06\\\/Narrate-Planet-Essenza-di-Firenza-in-un-te.png\",\"width\":567,\"height\":613,\"caption\":\"Narrate - Planet - Essenza di Firenze in un te\"},{\"@type\":\"BreadcrumbList\",\"@id\":\"https:\\\/\\\/testsupergap.com\\\/en\\\/prodotto\\\/the-essence-of-florence-in-a-cup-of-tea\\\/#breadcrumb\",\"itemListElement\":[{\"@type\":\"ListItem\",\"position\":1,\"name\":\"Home\",\"item\":\"https:\\\/\\\/testsupergap.com\\\/en\\\/\"},{\"@type\":\"ListItem\",\"position\":2,\"name\":\"Shop\",\"item\":\"https:\\\/\\\/testsupergap.com\\\/en\\\/shop-en\\\/\"},{\"@type\":\"ListItem\",\"position\":3,\"name\":\"The essence of Florence in a cup of tea\"}]},{\"@type\":\"WebSite\",\"@id\":\"https:\\\/\\\/testsupergap.com\\\/en\\\/#website\",\"url\":\"https:\\\/\\\/testsupergap.com\\\/en\\\/\",\"name\":\"Narrat\u00e8 World\",\"description\":\"La lettura ha scoperto l&#039;acqua calda\",\"publisher\":{\"@id\":\"https:\\\/\\\/testsupergap.com\\\/en\\\/#organization\"},\"potentialAction\":[{\"@type\":\"SearchAction\",\"target\":{\"@type\":\"EntryPoint\",\"urlTemplate\":\"https:\\\/\\\/testsupergap.com\\\/en\\\/?s={search_term_string}\"},\"query-input\":{\"@type\":\"PropertyValueSpecification\",\"valueRequired\":true,\"valueName\":\"search_term_string\"}}],\"inLanguage\":\"en-US\"},{\"@type\":\"Organization\",\"@id\":\"https:\\\/\\\/testsupergap.com\\\/en\\\/#organization\",\"name\":\"Narrat\u00e8 World\",\"url\":\"https:\\\/\\\/testsupergap.com\\\/en\\\/\",\"logo\":{\"@type\":\"ImageObject\",\"inLanguage\":\"en-US\",\"@id\":\"https:\\\/\\\/testsupergap.com\\\/en\\\/#\\\/schema\\\/logo\\\/image\\\/\",\"url\":\"https:\\\/\\\/testsupergap.com\\\/wp-content\\\/uploads\\\/2024\\\/05\\\/logo-order-email-seller.png\",\"contentUrl\":\"https:\\\/\\\/testsupergap.com\\\/wp-content\\\/uploads\\\/2024\\\/05\\\/logo-order-email-seller.png\",\"width\":664,\"height\":124,\"caption\":\"Narrat\u00e8 World\"},\"image\":{\"@id\":\"https:\\\/\\\/testsupergap.com\\\/en\\\/#\\\/schema\\\/logo\\\/image\\\/\"},\"sameAs\":[\"https:\\\/\\\/www.facebook.com\\\/narrateworld\",\"https:\\\/\\\/x.com\\\/narrateworld\",\"https:\\\/\\\/instagram.com\\\/narrateworld\"]}]}<\/script>\n<!-- \/ Yoast SEO plugin. -->","yoast_head_json":{"title":"Narrat\u00e8 World - The essence of Florence in a cup of tea","description":"L'essenza di Firenze in un miscela di T\u00e8 unica e in un breve racconto che dura il tempo dell'infusione","robots":{"index":"noindex","follow":"follow","max-snippet":"max-snippet:-1","max-image-preview":"max-image-preview:large","max-video-preview":"max-video-preview:-1"},"og_locale":"en_US","og_type":"article","og_title":"Narrat\u00e8 World - The essence of Florence in a cup of tea","og_description":"L'essenza di Firenze in un miscela di T\u00e8 unica e in un breve racconto che dura il tempo dell'infusione","og_url":"https:\/\/testsupergap.com\/en\/prodotto\/the-essence-of-florence-in-a-cup-of-tea\/","og_site_name":"Narrat\u00e8 World","article_publisher":"https:\/\/www.facebook.com\/narrateworld","article_modified_time":"2024-05-10T15:00:14+00:00","og_image":[{"width":567,"height":613,"url":"https:\/\/testsupergap.com\/wp-content\/uploads\/2023\/06\/Narrate-Planet-Essenza-di-Firenza-in-un-te.png","type":"image\/png"}],"twitter_card":"summary_large_image","twitter_site":"@narrateworld","twitter_misc":{"Est. reading time":"4 minutes"},"schema":{"@context":"https:\/\/schema.org","@graph":[{"@type":"WebPage","@id":"https:\/\/testsupergap.com\/en\/prodotto\/the-essence-of-florence-in-a-cup-of-tea\/","url":"https:\/\/testsupergap.com\/en\/prodotto\/the-essence-of-florence-in-a-cup-of-tea\/","name":"Narrat\u00e8 World - The essence of Florence in a cup of tea","isPartOf":{"@id":"https:\/\/testsupergap.com\/en\/#website"},"primaryImageOfPage":{"@id":"https:\/\/testsupergap.com\/en\/prodotto\/the-essence-of-florence-in-a-cup-of-tea\/#primaryimage"},"image":{"@id":"https:\/\/testsupergap.com\/en\/prodotto\/the-essence-of-florence-in-a-cup-of-tea\/#primaryimage"},"thumbnailUrl":"https:\/\/testsupergap.com\/wp-content\/uploads\/2023\/06\/Narrate-Planet-Essenza-di-Firenza-in-un-te.png","datePublished":"2021-06-13T15:18:43+00:00","dateModified":"2024-05-10T15:00:14+00:00","description":"L'essenza di Firenze in un miscela di T\u00e8 unica e in un breve racconto che dura il tempo dell'infusione","breadcrumb":{"@id":"https:\/\/testsupergap.com\/en\/prodotto\/the-essence-of-florence-in-a-cup-of-tea\/#breadcrumb"},"inLanguage":"en-US","potentialAction":[{"@type":"ReadAction","target":["https:\/\/testsupergap.com\/en\/prodotto\/the-essence-of-florence-in-a-cup-of-tea\/"]}]},{"@type":"ImageObject","inLanguage":"en-US","@id":"https:\/\/testsupergap.com\/en\/prodotto\/the-essence-of-florence-in-a-cup-of-tea\/#primaryimage","url":"https:\/\/testsupergap.com\/wp-content\/uploads\/2023\/06\/Narrate-Planet-Essenza-di-Firenza-in-un-te.png","contentUrl":"https:\/\/testsupergap.com\/wp-content\/uploads\/2023\/06\/Narrate-Planet-Essenza-di-Firenza-in-un-te.png","width":567,"height":613,"caption":"Narrate - Planet - Essenza di Firenze in un te"},{"@type":"BreadcrumbList","@id":"https:\/\/testsupergap.com\/en\/prodotto\/the-essence-of-florence-in-a-cup-of-tea\/#breadcrumb","itemListElement":[{"@type":"ListItem","position":1,"name":"Home","item":"https:\/\/testsupergap.com\/en\/"},{"@type":"ListItem","position":2,"name":"Shop","item":"https:\/\/testsupergap.com\/en\/shop-en\/"},{"@type":"ListItem","position":3,"name":"The essence of Florence in a cup of tea"}]},{"@type":"WebSite","@id":"https:\/\/testsupergap.com\/en\/#website","url":"https:\/\/testsupergap.com\/en\/","name":"Narrat\u00e8 World","description":"La lettura ha scoperto l&#039;acqua calda","publisher":{"@id":"https:\/\/testsupergap.com\/en\/#organization"},"potentialAction":[{"@type":"SearchAction","target":{"@type":"EntryPoint","urlTemplate":"https:\/\/testsupergap.com\/en\/?s={search_term_string}"},"query-input":{"@type":"PropertyValueSpecification","valueRequired":true,"valueName":"search_term_string"}}],"inLanguage":"en-US"},{"@type":"Organization","@id":"https:\/\/testsupergap.com\/en\/#organization","name":"Narrat\u00e8 World","url":"https:\/\/testsupergap.com\/en\/","logo":{"@type":"ImageObject","inLanguage":"en-US","@id":"https:\/\/testsupergap.com\/en\/#\/schema\/logo\/image\/","url":"https:\/\/testsupergap.com\/wp-content\/uploads\/2024\/05\/logo-order-email-seller.png","contentUrl":"https:\/\/testsupergap.com\/wp-content\/uploads\/2024\/05\/logo-order-email-seller.png","width":664,"height":124,"caption":"Narrat\u00e8 World"},"image":{"@id":"https:\/\/testsupergap.com\/en\/#\/schema\/logo\/image\/"},"sameAs":["https:\/\/www.facebook.com\/narrateworld","https:\/\/x.com\/narrateworld","https:\/\/instagram.com\/narrateworld"]}]}},"_links":{"self":[{"href":"https:\/\/testsupergap.com\/en\/wp-json\/wp\/v2\/product\/26224","targetHints":{"allow":["GET"]}}],"collection":[{"href":"https:\/\/testsupergap.com\/en\/wp-json\/wp\/v2\/product"}],"about":[{"href":"https:\/\/testsupergap.com\/en\/wp-json\/wp\/v2\/types\/product"}],"version-history":[{"count":12,"href":"https:\/\/testsupergap.com\/en\/wp-json\/wp\/v2\/product\/26224\/revisions"}],"predecessor-version":[{"id":33100,"href":"https:\/\/testsupergap.com\/en\/wp-json\/wp\/v2\/product\/26224\/revisions\/33100"}],"wp:featuredmedia":[{"embeddable":true,"href":"https:\/\/testsupergap.com\/en\/wp-json\/wp\/v2\/media\/23886"}],"wp:attachment":[{"href":"https:\/\/testsupergap.com\/en\/wp-json\/wp\/v2\/media?parent=26224"}],"wp:term":[{"taxonomy":"product_brand","embeddable":true,"href":"https:\/\/testsupergap.com\/en\/wp-json\/wp\/v2\/product_brand?post=26224"},{"taxonomy":"product_cat","embeddable":true,"href":"https:\/\/testsupergap.com\/en\/wp-json\/wp\/v2\/product_cat?post=26224"},{"taxonomy":"product_tag","embeddable":true,"href":"https:\/\/testsupergap.com\/en\/wp-json\/wp\/v2\/product_tag?post=26224"}],"curies":[{"name":"wp","href":"https:\/\/api.w.org\/{rel}","templated":true}]}}