{"id":31264,"date":"2024-04-12T17:54:14","date_gmt":"2024-04-12T15:54:14","guid":{"rendered":"https:\/\/testsupergap.com\/?post_type=product&#038;p=31264"},"modified":"2024-06-22T14:55:53","modified_gmt":"2024-06-22T12:55:53","slug":"sgs-politics","status":"publish","type":"product","link":"https:\/\/testsupergap.com\/en\/prodotto\/sgs-politics\/","title":{"rendered":"SGS Politics"},"content":{"rendered":"\t\t<div data-elementor-type=\"wp-post\" data-elementor-id=\"31264\" class=\"elementor elementor-31264 elementor-31263\">\n\t\t\t\t\t\t<section class=\"wd-negative-gap elementor-section elementor-top-section elementor-element elementor-element-79752fbe wd-section-stretch elementor-section-content-top elementor-section-boxed elementor-section-height-default elementor-section-height-default\" data-id=\"79752fbe\" data-element_type=\"section\" data-settings=\"{&quot;background_background&quot;:&quot;classic&quot;}\">\n\t\t\t\t\t\t<div class=\"elementor-container elementor-column-gap-extended\">\n\t\t\t\t\t<div class=\"elementor-column elementor-col-50 elementor-top-column elementor-element elementor-element-2af8c87b\" data-id=\"2af8c87b\" data-element_type=\"column\">\n\t\t\t<div class=\"elementor-widget-wrap elementor-element-populated\">\n\t\t\t\t\t\t<div class=\"elementor-element elementor-element-34e43d1 elementor-widget elementor-widget-wd_text_block\" data-id=\"34e43d1\" data-element_type=\"widget\" data-widget_type=\"wd_text_block.default\">\n\t\t\t\t<div class=\"elementor-widget-container\">\n\t\t\t\t\t<div class=\"wd-text-block reset-last-child text-left\">\n\t\t\t\n\t\t\t<h3><span style=\"color: #3e3a93;\"><strong>SHORT GUIDE TO SURVIVE<\/strong><\/span><\/h3>\r\n<p style=\"font-weight: 400;\">Is it really possible to survive politicians and politics in general? Is this a topic that truly concerns all of us, or can we calmly delegate the matter to those who handle it professionally? Pippo Civati attempts to answer with veiled irony and refined wit, undoubtedly knowledgeable on the subject. In two languages (ITA\/ENG) - 1st edition May 2024.<\/p>\r\n<span style=\"color: #3e3a93;\"><strong>NEW BLEND\r\n<\/strong><\/span><strong>T\u00e8 verde Bancha* | Canapa\u00a0semi* | Menta* | Sambuco* |\u00a0Lavanda* | Girasole petali*.\u00a0<\/strong>- * da agricoltura biologica\r\n<p style=\"text-align: center;\"><img decoding=\"async\" class=\"alignnone wp-image-31524 size-full\" src=\"https:\/\/testsupergap.com\/wp-content\/uploads\/2024\/04\/Narrate-Blend-politica-ingredienti.png\" alt=\"\" width=\"400\" height=\"80\" srcset=\"https:\/\/testsupergap.com\/wp-content\/uploads\/2024\/04\/Narrate-Blend-politica-ingredienti.png 400w, https:\/\/testsupergap.com\/wp-content\/uploads\/2024\/04\/Narrate-Blend-politica-ingredienti-150x30.png 150w\" sizes=\"(max-width: 400px) 100vw, 400px\" \/><\/p>\r\n<span style=\"color: #3e3a93;\"><strong>CARATTERISTICHE TECNICHE\r\n<\/strong><\/span><strong>Libretto:<\/strong> Dim. 9 x 10 x 0,6 cm (chiuso), cover con stampa in fluo. 24 facciate stampate in offset su carta riciclata + 2 bianche di guardia. Doppia rilegatura: con punti metallici e incollatura. Assemblato a mano con amore in Italia. Chiusura con bollino adesivo di garanzia contenente l\u2019indicazione della data di scadenza.\r\n\r\n<strong>Filtro artigianale:\r\n<\/strong>La formulazione, miscelazione, insacchettamento e confezionamento nel sacchetto monodose salva aroma, del blend avvengono artigianalmente in una piccola azienda agricola piemontese. Il taglio degli ingredienti contenuti \u00e8 quello \u201ctisana\u201d che consente la migliore infusione possibile. Per questo abbiamo scelto di utilizzare t\u00e8 biologici di alta qualit\u00e0, in filtri monodose, prodotti e confezionati artigianalmente uno a uno, in Italia con qualit\u00e0 e costi non paragonabili a quelli prodotti industrialmente. Una scelta che aiuta a garantire la giusta retribuzione lavorativa agli artigiani e un incentivo all\u2019economia territoriale dell\u2019eccellenza agroalimentare italiana. Infine non abbiamo voluto aggiungere filo e pendulino al filtro per non dover impiegare ulteriori elementi di raccordo (con potenziali micro inquinanti sia in fase di produzione che di consumo) cos\u00ec da salvaguardare al massimo le propriet\u00e0 aromatiche e organolettiche dell\u2019infuso.\r\nContiene 2 grammi di miscela biologica di alta qualit\u00e0, certificata ICEA.\r\n\r\nTempo d\u2019infusione: 5 minuti. Validit\u00e0 3 anni dall\u2019imbustamento. Confezionata in un sacchetto protettivo monodose termosaldato in plastica per alimenti 6 x 8,5 x 0,15 cm.\r\n\r\n<span style=\"color: #d65a94;\"><strong><span style=\"color: #3e3a93;\">PAGINE SPECIALI<\/span>\r\n<\/strong><\/span>Oltre ai 10 paragrafetti del testo dedicato all\u2019infusione, abbiamo dedicato 2 pagine con gli <strong>esercizi psicofisici di sopravvivenza<\/strong> a cura della dott.ssa <span style=\"text-decoration: underline;\"><span style=\"color: #777777; text-decoration: underline;\"><a style=\"color: #777777; text-decoration: underline;\" href=\"https:\/\/www.ilariacaelli.com\/\" target=\"_blank\" rel=\"noopener\">Ilaria Caelli<\/a>.<\/span><\/span> Di Elena Molini (della <span style=\"text-decoration: underline;\"><span style=\"color: #777777;\"><a style=\"color: #777777; text-decoration: underline;\" href=\"https:\/\/www.piccolafarmacialetteraria.it\/\" target=\"_blank\" rel=\"noopener\">Piccola Farmacia Letteraria di Firenze<\/a><\/span><\/span>) invece i <strong>suggerimenti delle letture di sopravvivenza<\/strong>. L\u2019ultima pagina del libretto ospita il qr-code necessario ad accedere ai relativi contenuti multimediali.\r\n\r\n<strong>Prezzo al pubblico \u20ac 6,90 | ISBN\u00a09791281421004<\/strong>\n\t\t\t\t\t<\/div>\n\t\t\t\t<\/div>\n\t\t\t\t<\/div>\n\t\t\t\t\t<\/div>\n\t\t<\/div>\n\t\t\t\t<div class=\"elementor-column elementor-col-50 elementor-top-column elementor-element elementor-element-5471f06f\" data-id=\"5471f06f\" data-element_type=\"column\">\n\t\t\t<div class=\"elementor-widget-wrap elementor-element-populated\">\n\t\t\t\t\t\t<div class=\"elementor-element elementor-element-0784455 elementor-widget elementor-widget-wd_accordion\" data-id=\"0784455\" data-element_type=\"widget\" data-widget_type=\"wd_accordion.default\">\n\t\t\t\t<div class=\"elementor-widget-container\">\n\t\t\t\n\t\t<div class=\"wd-accordion wd-style-default\" data-state=\"first\">\n\t\t\t\t\t\t\t\n\t\t\t\t<div class=\"wd-accordion-item\">\n\t\t\t\t\t<div class=\"wd-accordion-title wd-active text-left wd-opener-pos-left\" data-accordion-index=\"0\">\n\t\t\t\t\t\t<div class=\"wd-accordion-title-text\">\n\t\t\t\t\t\t\t\t\t\t\t\t\t\t<span>\n\t\t\t\t\t\t\t\tIl Blend di sopravvivenza alla Politica\t\t\t\t\t\t\t<\/span>\n\t\t\t\t\t\t<\/div>\n\t\t\t\t\t\t<span class=\"wd-accordion-opener wd-opener-style-arrow\"><\/span>\n\t\t\t\t\t<\/div>\n\n\t\t\t\t\t<div class=\"wd-accordion-content reset-last-child wd-active\" data-accordion-index=\"0\">\n\t\t\t\t\t\t\t\t\t\t\t\t\t\n\t\t\t\t\t\t\t<p>Sopravvivere \u00e8 un\u2019impresa snervante, da qui la scelta della <strong>Canapa<\/strong> (semi) come base\u00a0di tutti i blend dei prontuari assieme al pregiato <strong>t\u00e8 verde Bancha<\/strong>, ricco di antiossidanti,\u00a0calcio e niacina che protegge il sistema nervoso. La <strong>Menta<\/strong> \u00e8 una pianta estremamente\u00a0resistente, capace di rinascere nelle condizioni pi\u00f9 avverse. I druidi e gli antichi Celti\u00a0riconoscevano al <strong>Sambuco<\/strong> il potere di allontanare il male. Poi la <strong>Lavanda<\/strong> che simboleggia\u00a0purezza e pulizia. Infine il <strong>Girasole<\/strong> che rappresenta vivacit\u00e0, vitalit\u00e0 e forza interiore.<\/p>\n\t\t\t\t\t\t\t\t\t\t\t\t\t\t\t\t\t\t<\/div>\n\t\t\t\t<\/div>\n\t\t\t\t\t\t\t\n\t\t\t\t<div class=\"wd-accordion-item\">\n\t\t\t\t\t<div class=\"wd-accordion-title text-left wd-opener-pos-left\" data-accordion-index=\"1\">\n\t\t\t\t\t\t<div class=\"wd-accordion-title-text\">\n\t\t\t\t\t\t\t\t\t\t\t\t\t\t<span>\n\t\t\t\t\t\t\t\tL&#039;autore | Giuseppe CIVATI\t\t\t\t\t\t\t<\/span>\n\t\t\t\t\t\t<\/div>\n\t\t\t\t\t\t<span class=\"wd-accordion-opener wd-opener-style-arrow\"><\/span>\n\t\t\t\t\t<\/div>\n\n\t\t\t\t\t<div class=\"wd-accordion-content reset-last-child\" data-accordion-index=\"1\">\n\t\t\t\t\t\t\t\t\t\t\t\t\t\n\t\t\t\t\t\t\tDottore di ricerca in filosofia, gi\u00e0 deputato e segretario di Possibile. <span style=\"color: #777777;\"><a style=\"color: #777777;\" href=\"https:\/\/testsupergap.com\/en\/autori\/giuseppe-civati\/\"><span style=\"text-decoration: underline;\"><strong>Giuseppe Civati<\/strong><\/span><\/a><\/span> ha scritto numerose\u00a0pubblicazioni, tra cui Qualcuno ci giudicher\u00e0 (Einaudi 2014) e Voi sapete (La nave di Teseo 2018).\u00a0Per People, la casa editrice fondata con gli scrittori Stefano Catone e Francesco Foti, ha curato\u00a0Liliana Segre. Il mare nero dell\u2019indifferenza (2019), Non siete fascisti ma (2021, del 2023 invece\u00a0la nuova edizione), Un po\u2019 di possibile (altrimenti soffoco) (2022), Opposizione. Istruzioni per l\u2019uso\u00a0(2022) e la nuova edizione del Manifesto di Ventotene (2023) di Altiero Spinelli ed Ernesto Rossi.\n\t\t\t\t\t\t\t\t\t\t\t\t\t\t\t\t\t\t<\/div>\n\t\t\t\t<\/div>\n\t\t\t\t\t\t\t\n\t\t\t\t<div class=\"wd-accordion-item\">\n\t\t\t\t\t<div class=\"wd-accordion-title text-left wd-opener-pos-left\" data-accordion-index=\"2\">\n\t\t\t\t\t\t<div class=\"wd-accordion-title-text\">\n\t\t\t\t\t\t\t\t\t\t\t\t\t\t<span>\n\t\t\t\t\t\t\t\tContributi\t\t\t\t\t\t\t<\/span>\n\t\t\t\t\t\t<\/div>\n\t\t\t\t\t\t<span class=\"wd-accordion-opener wd-opener-style-arrow\"><\/span>\n\t\t\t\t\t<\/div>\n\n\t\t\t\t\t<div class=\"wd-accordion-content reset-last-child\" data-accordion-index=\"2\">\n\t\t\t\t\t\t\t\t\t\t\t\t\t\n\t\t\t\t\t\t\t<p>Per gli\u00a0<em>Esercizi Psico-fisici di sopravvivenza: <\/em>la psicologa\u00a0<span style=\"text-decoration: underline;\"><a style=\"color: #777777;\" href=\"https:\/\/www.ilariacaelli.com\/\" target=\"_blank\" rel=\"noopener\"><strong>Ilaria CAELLI<\/strong><\/a>.<br \/><\/span>Per le <em>Letture di sopravvivenza<\/em>:\u00a0<strong>Elena MOLINI<\/strong>\u00a0di<span style=\"text-decoration: underline;\"><strong>\u00a0<a style=\"color: #777777; text-decoration: underline;\" href=\"https:\/\/www.piccolafarmacialetteraria.it\/\" target=\"_blank\" rel=\"noopener\">Piccola Farmacia Letteraria<\/a>.<\/strong><\/span><\/p>\n\t\t\t\t\t\t\t\t\t\t\t\t\t\t\t\t\t\t<\/div>\n\t\t\t\t<\/div>\n\t\t\t\t\t<\/div>\n\t\t\t\t<\/div>\n\t\t\t\t<\/div>\n\t\t\t\t<div class=\"elementor-element elementor-element-2d6609b elementor-widget elementor-widget-wd_image_or_svg\" data-id=\"2d6609b\" data-element_type=\"widget\" data-widget_type=\"wd_image_or_svg.default\">\n\t\t\t\t<div class=\"elementor-widget-container\">\n\t\t\t\n\t\t<div class=\"wd-image text-left\">\n\t\t\t\t\t\t\t\t<img fetchpriority=\"high\" decoding=\"async\" width=\"674\" height=\"700\" src=\"https:\/\/testsupergap.com\/wp-content\/uploads\/2024\/04\/Salvagente-Politica-presentazione.png\" class=\"attachment-full size-full\" alt=\"\" srcset=\"https:\/\/testsupergap.com\/wp-content\/uploads\/2024\/04\/Salvagente-Politica-presentazione.png 674w, https:\/\/testsupergap.com\/wp-content\/uploads\/2024\/04\/Salvagente-Politica-presentazione-430x447.png 430w, https:\/\/testsupergap.com\/wp-content\/uploads\/2024\/04\/Salvagente-Politica-presentazione-150x156.png 150w, https:\/\/testsupergap.com\/wp-content\/uploads\/2024\/04\/Salvagente-Politica-presentazione-600x623.png 600w, https:\/\/testsupergap.com\/wp-content\/uploads\/2024\/04\/Salvagente-Politica-presentazione-289x300.png 289w\" sizes=\"(max-width: 674px) 100vw, 674px\" \/>\t\t\t\t\t<\/div>\n\n\t\t\t\t<\/div>\n\t\t\t\t<\/div>\n\t\t\t\t\t<\/div>\n\t\t<\/div>\n\t\t\t\t\t<\/div>\n\t\t<\/section>\n\t\t\t\t<\/div>\n\t\t","protected":false},"excerpt":{"rendered":"<p>Breve prontuario semiserio di sopravvivenza al Natale<\/p>\n","protected":false},"featured_media":39351,"template":"","meta":[],"product_brand":[],"product_cat":[215],"product_tag":[],"class_list":{"0":"post-31264","1":"product","2":"type-product","3":"status-publish","4":"has-post-thumbnail","6":"product_cat-lifebeltea","8":"first","9":"instock","10":"featured","11":"taxable","12":"shipping-taxable","13":"purchasable","14":"product-type-simple"},"yoast_head":"<!-- This site is optimized with the Yoast SEO plugin v27.4 - https:\/\/yoast.com\/product\/yoast-seo-wordpress\/ -->\n<title>SGS Politics - Narrat\u00e8 World<\/title>\n<meta name=\"robots\" content=\"noindex, follow, max-snippet:-1, max-image-preview:large, max-video-preview:-1\" \/>\n<meta property=\"og:locale\" content=\"en_US\" \/>\n<meta property=\"og:type\" content=\"article\" \/>\n<meta property=\"og:title\" content=\"SGS Politics - Narrat\u00e8 World\" \/>\n<meta property=\"og:description\" content=\"Breve prontuario semiserio di sopravvivenza al Natale\" \/>\n<meta property=\"og:url\" content=\"https:\/\/testsupergap.com\/en\/prodotto\/sgs-politics\/\" \/>\n<meta property=\"og:site_name\" content=\"Narrat\u00e8 World\" \/>\n<meta property=\"article:publisher\" content=\"https:\/\/www.facebook.com\/narrateworld\" \/>\n<meta property=\"article:modified_time\" content=\"2024-06-22T12:55:53+00:00\" \/>\n<meta property=\"og:image\" content=\"https:\/\/testsupergap.com\/wp-content\/uploads\/2024\/04\/Narrate-Salvagenthe-politica-fronte-2024.png\" \/>\n\t<meta property=\"og:image:width\" content=\"567\" \/>\n\t<meta property=\"og:image:height\" content=\"613\" \/>\n\t<meta property=\"og:image:type\" content=\"image\/png\" \/>\n<meta name=\"twitter:card\" content=\"summary_large_image\" \/>\n<meta name=\"twitter:site\" content=\"@narrateworld\" \/>\n<meta name=\"twitter:label1\" content=\"Est. reading time\" \/>\n\t<meta name=\"twitter:data1\" content=\"4 minutes\" \/>\n<script type=\"application\/ld+json\" class=\"yoast-schema-graph\">{\"@context\":\"https:\\\/\\\/schema.org\",\"@graph\":[{\"@type\":\"WebPage\",\"@id\":\"https:\\\/\\\/testsupergap.com\\\/en\\\/prodotto\\\/sgs-politics\\\/\",\"url\":\"https:\\\/\\\/testsupergap.com\\\/en\\\/prodotto\\\/sgs-politics\\\/\",\"name\":\"SGS Politics - Narrat\u00e8 World\",\"isPartOf\":{\"@id\":\"https:\\\/\\\/testsupergap.com\\\/en\\\/#website\"},\"primaryImageOfPage\":{\"@id\":\"https:\\\/\\\/testsupergap.com\\\/en\\\/prodotto\\\/sgs-politics\\\/#primaryimage\"},\"image\":{\"@id\":\"https:\\\/\\\/testsupergap.com\\\/en\\\/prodotto\\\/sgs-politics\\\/#primaryimage\"},\"thumbnailUrl\":\"https:\\\/\\\/testsupergap.com\\\/wp-content\\\/uploads\\\/2024\\\/04\\\/Narrate-Salvagenthe-politica-fronte-2024.png\",\"datePublished\":\"2024-04-12T15:54:14+00:00\",\"dateModified\":\"2024-06-22T12:55:53+00:00\",\"breadcrumb\":{\"@id\":\"https:\\\/\\\/testsupergap.com\\\/en\\\/prodotto\\\/sgs-politics\\\/#breadcrumb\"},\"inLanguage\":\"en-US\",\"potentialAction\":[{\"@type\":\"ReadAction\",\"target\":[\"https:\\\/\\\/testsupergap.com\\\/en\\\/prodotto\\\/sgs-politics\\\/\"]}]},{\"@type\":\"ImageObject\",\"inLanguage\":\"en-US\",\"@id\":\"https:\\\/\\\/testsupergap.com\\\/en\\\/prodotto\\\/sgs-politics\\\/#primaryimage\",\"url\":\"https:\\\/\\\/testsupergap.com\\\/wp-content\\\/uploads\\\/2024\\\/04\\\/Narrate-Salvagenthe-politica-fronte-2024.png\",\"contentUrl\":\"https:\\\/\\\/testsupergap.com\\\/wp-content\\\/uploads\\\/2024\\\/04\\\/Narrate-Salvagenthe-politica-fronte-2024.png\",\"width\":567,\"height\":613},{\"@type\":\"BreadcrumbList\",\"@id\":\"https:\\\/\\\/testsupergap.com\\\/en\\\/prodotto\\\/sgs-politics\\\/#breadcrumb\",\"itemListElement\":[{\"@type\":\"ListItem\",\"position\":1,\"name\":\"Home\",\"item\":\"https:\\\/\\\/testsupergap.com\\\/en\\\/\"},{\"@type\":\"ListItem\",\"position\":2,\"name\":\"Shop\",\"item\":\"https:\\\/\\\/testsupergap.com\\\/en\\\/shop-en\\\/\"},{\"@type\":\"ListItem\",\"position\":3,\"name\":\"SGS Politics\"}]},{\"@type\":\"WebSite\",\"@id\":\"https:\\\/\\\/testsupergap.com\\\/en\\\/#website\",\"url\":\"https:\\\/\\\/testsupergap.com\\\/en\\\/\",\"name\":\"Narrat\u00e8 World\",\"description\":\"La lettura ha scoperto l&#039;acqua calda\",\"publisher\":{\"@id\":\"https:\\\/\\\/testsupergap.com\\\/en\\\/#organization\"},\"potentialAction\":[{\"@type\":\"SearchAction\",\"target\":{\"@type\":\"EntryPoint\",\"urlTemplate\":\"https:\\\/\\\/testsupergap.com\\\/en\\\/?s={search_term_string}\"},\"query-input\":{\"@type\":\"PropertyValueSpecification\",\"valueRequired\":true,\"valueName\":\"search_term_string\"}}],\"inLanguage\":\"en-US\"},{\"@type\":\"Organization\",\"@id\":\"https:\\\/\\\/testsupergap.com\\\/en\\\/#organization\",\"name\":\"Narrat\u00e8 World\",\"url\":\"https:\\\/\\\/testsupergap.com\\\/en\\\/\",\"logo\":{\"@type\":\"ImageObject\",\"inLanguage\":\"en-US\",\"@id\":\"https:\\\/\\\/testsupergap.com\\\/en\\\/#\\\/schema\\\/logo\\\/image\\\/\",\"url\":\"https:\\\/\\\/testsupergap.com\\\/wp-content\\\/uploads\\\/2024\\\/05\\\/logo-order-email-seller.png\",\"contentUrl\":\"https:\\\/\\\/testsupergap.com\\\/wp-content\\\/uploads\\\/2024\\\/05\\\/logo-order-email-seller.png\",\"width\":664,\"height\":124,\"caption\":\"Narrat\u00e8 World\"},\"image\":{\"@id\":\"https:\\\/\\\/testsupergap.com\\\/en\\\/#\\\/schema\\\/logo\\\/image\\\/\"},\"sameAs\":[\"https:\\\/\\\/www.facebook.com\\\/narrateworld\",\"https:\\\/\\\/x.com\\\/narrateworld\",\"https:\\\/\\\/instagram.com\\\/narrateworld\"]}]}<\/script>\n<!-- \/ Yoast SEO plugin. -->","yoast_head_json":{"title":"SGS Politics - Narrat\u00e8 World","robots":{"index":"noindex","follow":"follow","max-snippet":"max-snippet:-1","max-image-preview":"max-image-preview:large","max-video-preview":"max-video-preview:-1"},"og_locale":"en_US","og_type":"article","og_title":"SGS Politics - Narrat\u00e8 World","og_description":"Breve prontuario semiserio di sopravvivenza al Natale","og_url":"https:\/\/testsupergap.com\/en\/prodotto\/sgs-politics\/","og_site_name":"Narrat\u00e8 World","article_publisher":"https:\/\/www.facebook.com\/narrateworld","article_modified_time":"2024-06-22T12:55:53+00:00","og_image":[{"width":567,"height":613,"url":"https:\/\/testsupergap.com\/wp-content\/uploads\/2024\/04\/Narrate-Salvagenthe-politica-fronte-2024.png","type":"image\/png"}],"twitter_card":"summary_large_image","twitter_site":"@narrateworld","twitter_misc":{"Est. reading time":"4 minutes"},"schema":{"@context":"https:\/\/schema.org","@graph":[{"@type":"WebPage","@id":"https:\/\/testsupergap.com\/en\/prodotto\/sgs-politics\/","url":"https:\/\/testsupergap.com\/en\/prodotto\/sgs-politics\/","name":"SGS Politics - Narrat\u00e8 World","isPartOf":{"@id":"https:\/\/testsupergap.com\/en\/#website"},"primaryImageOfPage":{"@id":"https:\/\/testsupergap.com\/en\/prodotto\/sgs-politics\/#primaryimage"},"image":{"@id":"https:\/\/testsupergap.com\/en\/prodotto\/sgs-politics\/#primaryimage"},"thumbnailUrl":"https:\/\/testsupergap.com\/wp-content\/uploads\/2024\/04\/Narrate-Salvagenthe-politica-fronte-2024.png","datePublished":"2024-04-12T15:54:14+00:00","dateModified":"2024-06-22T12:55:53+00:00","breadcrumb":{"@id":"https:\/\/testsupergap.com\/en\/prodotto\/sgs-politics\/#breadcrumb"},"inLanguage":"en-US","potentialAction":[{"@type":"ReadAction","target":["https:\/\/testsupergap.com\/en\/prodotto\/sgs-politics\/"]}]},{"@type":"ImageObject","inLanguage":"en-US","@id":"https:\/\/testsupergap.com\/en\/prodotto\/sgs-politics\/#primaryimage","url":"https:\/\/testsupergap.com\/wp-content\/uploads\/2024\/04\/Narrate-Salvagenthe-politica-fronte-2024.png","contentUrl":"https:\/\/testsupergap.com\/wp-content\/uploads\/2024\/04\/Narrate-Salvagenthe-politica-fronte-2024.png","width":567,"height":613},{"@type":"BreadcrumbList","@id":"https:\/\/testsupergap.com\/en\/prodotto\/sgs-politics\/#breadcrumb","itemListElement":[{"@type":"ListItem","position":1,"name":"Home","item":"https:\/\/testsupergap.com\/en\/"},{"@type":"ListItem","position":2,"name":"Shop","item":"https:\/\/testsupergap.com\/en\/shop-en\/"},{"@type":"ListItem","position":3,"name":"SGS Politics"}]},{"@type":"WebSite","@id":"https:\/\/testsupergap.com\/en\/#website","url":"https:\/\/testsupergap.com\/en\/","name":"Narrat\u00e8 World","description":"La lettura ha scoperto l&#039;acqua calda","publisher":{"@id":"https:\/\/testsupergap.com\/en\/#organization"},"potentialAction":[{"@type":"SearchAction","target":{"@type":"EntryPoint","urlTemplate":"https:\/\/testsupergap.com\/en\/?s={search_term_string}"},"query-input":{"@type":"PropertyValueSpecification","valueRequired":true,"valueName":"search_term_string"}}],"inLanguage":"en-US"},{"@type":"Organization","@id":"https:\/\/testsupergap.com\/en\/#organization","name":"Narrat\u00e8 World","url":"https:\/\/testsupergap.com\/en\/","logo":{"@type":"ImageObject","inLanguage":"en-US","@id":"https:\/\/testsupergap.com\/en\/#\/schema\/logo\/image\/","url":"https:\/\/testsupergap.com\/wp-content\/uploads\/2024\/05\/logo-order-email-seller.png","contentUrl":"https:\/\/testsupergap.com\/wp-content\/uploads\/2024\/05\/logo-order-email-seller.png","width":664,"height":124,"caption":"Narrat\u00e8 World"},"image":{"@id":"https:\/\/testsupergap.com\/en\/#\/schema\/logo\/image\/"},"sameAs":["https:\/\/www.facebook.com\/narrateworld","https:\/\/x.com\/narrateworld","https:\/\/instagram.com\/narrateworld"]}]}},"_links":{"self":[{"href":"https:\/\/testsupergap.com\/en\/wp-json\/wp\/v2\/product\/31264","targetHints":{"allow":["GET"]}}],"collection":[{"href":"https:\/\/testsupergap.com\/en\/wp-json\/wp\/v2\/product"}],"about":[{"href":"https:\/\/testsupergap.com\/en\/wp-json\/wp\/v2\/types\/product"}],"version-history":[{"count":6,"href":"https:\/\/testsupergap.com\/en\/wp-json\/wp\/v2\/product\/31264\/revisions"}],"predecessor-version":[{"id":44167,"href":"https:\/\/testsupergap.com\/en\/wp-json\/wp\/v2\/product\/31264\/revisions\/44167"}],"wp:featuredmedia":[{"embeddable":true,"href":"https:\/\/testsupergap.com\/en\/wp-json\/wp\/v2\/media\/39351"}],"wp:attachment":[{"href":"https:\/\/testsupergap.com\/en\/wp-json\/wp\/v2\/media?parent=31264"}],"wp:term":[{"taxonomy":"product_brand","embeddable":true,"href":"https:\/\/testsupergap.com\/en\/wp-json\/wp\/v2\/product_brand?post=31264"},{"taxonomy":"product_cat","embeddable":true,"href":"https:\/\/testsupergap.com\/en\/wp-json\/wp\/v2\/product_cat?post=31264"},{"taxonomy":"product_tag","embeddable":true,"href":"https:\/\/testsupergap.com\/en\/wp-json\/wp\/v2\/product_tag?post=31264"}],"curies":[{"name":"wp","href":"https:\/\/api.w.org\/{rel}","templated":true}]}}