{"id":32760,"date":"2024-04-12T19:39:50","date_gmt":"2024-04-12T17:39:50","guid":{"rendered":"https:\/\/testsupergap.com\/prodotto\/the-essence-of-paris-in-a-tea\/"},"modified":"2024-06-22T14:51:07","modified_gmt":"2024-06-22T12:51:07","slug":"the-essence-of-paris-in-a-tea","status":"publish","type":"product","link":"https:\/\/testsupergap.com\/en\/prodotto\/the-essence-of-paris-in-a-tea\/","title":{"rendered":"The essence of Paris in a tea"},"content":{"rendered":"\t\t<div data-elementor-type=\"wp-post\" data-elementor-id=\"32760\" class=\"elementor elementor-32760 elementor-31395\">\n\t\t\t\t\t\t<section class=\"wd-negative-gap elementor-section elementor-top-section elementor-element elementor-element-79752fbe wd-section-stretch elementor-section-content-top elementor-section-boxed elementor-section-height-default elementor-section-height-default\" data-id=\"79752fbe\" data-element_type=\"section\" data-settings=\"{&quot;background_background&quot;:&quot;classic&quot;}\">\n\t\t\t\t\t\t<div class=\"elementor-container elementor-column-gap-extended\">\n\t\t\t\t\t<div class=\"elementor-column elementor-col-50 elementor-top-column elementor-element elementor-element-2af8c87b\" data-id=\"2af8c87b\" data-element_type=\"column\">\n\t\t\t<div class=\"elementor-widget-wrap elementor-element-populated\">\n\t\t\t\t\t\t<div class=\"elementor-element elementor-element-34e43d1 elementor-widget elementor-widget-wd_text_block\" data-id=\"34e43d1\" data-element_type=\"widget\" data-widget_type=\"wd_text_block.default\">\n\t\t\t\t<div class=\"elementor-widget-container\">\n\t\t\t\t\t<div class=\"wd-text-block reset-last-child text-left\">\n\t\t\t\n\t\t\t<h3><span style=\"color: #63cc53;\"><strong>L\u2019ESSENZA DI PARIGI IN UN T\u00c8<\/strong><\/span><\/h3>\r\n<strong><span style=\"color: #63cc53;\">BLEND\r\n<\/span><\/strong><strong>T\u00e8 verde al Gelsomino* | petali Rosa* | Lavanda* | MANDORLE* | Cacao* | aroma naturale di Vaniglia. <\/strong>- * da agricoltura biologica\r\n<p style=\"text-align: center;\"><img decoding=\"async\" class=\"size-full wp-image-31520 aligncenter\" src=\"https:\/\/testsupergap.com\/wp-content\/uploads\/2024\/04\/Narrate-Blend-parigi-ingredienti.png\" alt=\"\" width=\"400\" height=\"84\" srcset=\"https:\/\/testsupergap.com\/wp-content\/uploads\/2024\/04\/Narrate-Blend-parigi-ingredienti.png 400w, https:\/\/testsupergap.com\/wp-content\/uploads\/2024\/04\/Narrate-Blend-parigi-ingredienti-150x32.png 150w\" sizes=\"(max-width: 400px) 100vw, 400px\" \/><\/p>\r\n<strong><span style=\"color: #c7317c;\"><span style=\"color: #63cc53;\">TESTO\r\n<\/span><\/span><\/strong>An unpublished story of about 5 minutes' reading time, equivalent to the necessary infusion time. Written by <strong>Ilaria Gaspar<\/strong>i to simply capture and convey the 'heart', the character, the soul of the French capital. Essentially, the <strong>essence of Paris<\/strong> and its inhabitants. A true Souvenir Tea. For the first time in three languages (ITA\/FRA\/ENG) - 1<sup>st<\/sup> edition May 2024.\r\n\r\n<strong><span style=\"color: #63cc53;\">CARATTERISTICHE TECNICHE\r\n<\/span><\/strong><strong>Libretto:<\/strong> Dim. 9x10X0,6 cm (chiuso), cover con stampa in fluo e argento metallico. 24 facciate stampate in offset su carta riciclata pi\u00f9 due bianche di guardia. Doppia rilegatura a 2 punti metallici e incollatura. Assemblato a mano con amore in Italia. Bollino adesivo di garanzia con indicazione lotto e data di scadenza. <strong>Filtro artigianale:<\/strong> La formulazione, miscelazione, insacchettamento e confezionamento nel sacchetto salva aroma, avvengono artigianalmente in una societ\u00e0 agricola piemontese. Il taglio degli ingredienti contenuti \u00e8 quello \u201ctisana\u201d che consente la migliore infusione possibile. Per questo abbiamo scelto di utilizzare t\u00e8 biologici di alta qualit\u00e0, in confezioni monodose, prodotte e confezionate artigianalmente in Italia con qualit\u00e0 e costi non paragonabili a quelle prodotte industrialmente. Una scelta che aiuta a garantire la giusta retribuzione lavorativa e un incentivo all\u2019economia territoriale dell\u2019eccellenza agroalimentare italiana. Infine non abbiamo voluto aggiungere filo e pendulino al filtro per non dover impiegare ulteriori elementi di raccordo (con potenziali micro inquinanti) cos\u00ec da salvaguardare al massimo le propriet\u00e0 aromatiche dell\u2019infuso. Contiene 2 grammi di miscela biologica di alta qualit\u00e0, certificata ICEA. Tempo d\u2019infusione: 5 minuti. Validit\u00e0 3 anni dall\u2019imbustamento. Confezionata in un sacchetto protettivo monodose termosaldato in plastica per alimenti 6 x 8,5 x 0,15 cm.\r\n\r\n<strong><span style=\"color: #63cc53;\">PAGINE SPECIALI <\/span><\/strong>Contiene una sezione di informazioni brevi utili a conoscere le particolarit\u00e0 che la rendono famosa nel mondo, assieme alla cronologia degli eventi imperdibili. Abbiamo aggiunto anche la \u2018Unusual Top ten\u2019, i 10 luoghi meno noti - in prossimit\u00e0 dei pi\u00f9 importanti monumenti - ma altrettanto belli. Infine ci sono i suggerimenti su cosa mangiare, bere e dove fare shopping.\r\n\r\n<strong>Prezzo al pubblico \u20ac 6,90 | ISBN 9788885507906<\/strong>\n\t\t\t\t\t<\/div>\n\t\t\t\t<\/div>\n\t\t\t\t<\/div>\n\t\t\t\t\t<\/div>\n\t\t<\/div>\n\t\t\t\t<div class=\"elementor-column elementor-col-50 elementor-top-column elementor-element elementor-element-5471f06f\" data-id=\"5471f06f\" data-element_type=\"column\">\n\t\t\t<div class=\"elementor-widget-wrap elementor-element-populated\">\n\t\t\t\t\t\t<div class=\"elementor-element elementor-element-0784455 elementor-widget elementor-widget-wd_accordion\" data-id=\"0784455\" data-element_type=\"widget\" data-widget_type=\"wd_accordion.default\">\n\t\t\t\t<div class=\"elementor-widget-container\">\n\t\t\t\n\t\t<div class=\"wd-accordion wd-style-default\" data-state=\"first\">\n\t\t\t\t\t\t\t\n\t\t\t\t<div class=\"wd-accordion-item\">\n\t\t\t\t\t<div class=\"wd-accordion-title wd-active text-left wd-opener-pos-left\" data-accordion-index=\"0\">\n\t\t\t\t\t\t<div class=\"wd-accordion-title-text\">\n\t\t\t\t\t\t\t\t\t\t\t\t\t\t<span>\n\t\t\t\t\t\t\t\tIl Blend PARIGI\t\t\t\t\t\t\t<\/span>\n\t\t\t\t\t\t<\/div>\n\t\t\t\t\t\t<span class=\"wd-accordion-opener wd-opener-style-arrow\"><\/span>\n\t\t\t\t\t<\/div>\n\n\t\t\t\t\t<div class=\"wd-accordion-content reset-last-child wd-active\" data-accordion-index=\"0\">\n\t\t\t\t\t\t\t\t\t\t\t\t\t\n\t\t\t\t\t\t\tUn blend formulato per sorseggiare l\u2019atmosfera unica di Parigi, con la sua combinazione di eleganza,\u00a0romanticismo e cultura. Ogni assaggio \u00e8 un un piccolo viaggio sensoriale nella \u201cCitt\u00e0 dell\u2019Amore\u201d. Il <strong>t\u00e8 verde al Gelsomino<\/strong> porta\u00a0con s\u00e9 la delicatezza e l\u2019eleganza dei giardini fioriti in primavera. I petali di <strong>Rosa<\/strong> aggiungono un tocco di romanticismo, evocando\u00a0l\u2019immagine dei venditori di rose lungo la Senna. La <strong>Lavanda<\/strong> invece richiama la Provenza e le campagne francesi, suscitando\u00a0una serena quiete interiore. Le <strong>Mandorle<\/strong> e il <strong>Cacao<\/strong> aggiungono un sentore ricco e terroso, proprio delle prelibatezze tipiche di\u00a0pasticcerie e caff\u00e8 parigini. Infine la <strong>Vaniglia<\/strong> che con il suo aroma, evoca le innumerevoli creperie di Parigi.\n\t\t\t\t\t\t\t\t\t\t\t\t\t\t\t\t\t\t<\/div>\n\t\t\t\t<\/div>\n\t\t\t\t\t\t\t\n\t\t\t\t<div class=\"wd-accordion-item\">\n\t\t\t\t\t<div class=\"wd-accordion-title text-left wd-opener-pos-left\" data-accordion-index=\"1\">\n\t\t\t\t\t\t<div class=\"wd-accordion-title-text\">\n\t\t\t\t\t\t\t\t\t\t\t\t\t\t<span>\n\t\t\t\t\t\t\t\tL&#039;autore | Ilaria GASPARI\t\t\t\t\t\t\t<\/span>\n\t\t\t\t\t\t<\/div>\n\t\t\t\t\t\t<span class=\"wd-accordion-opener wd-opener-style-arrow\"><\/span>\n\t\t\t\t\t<\/div>\n\n\t\t\t\t\t<div class=\"wd-accordion-content reset-last-child\" data-accordion-index=\"1\">\n\t\t\t\t\t\t\t\t\t\t\t\t\t\n\t\t\t\t\t\t\t<span style=\"text-decoration: underline; color: #777777;\"><strong><a style=\"color: #777777; text-decoration: underline;\" href=\"https:\/\/testsupergap.com\/en\/autori\/ilaria-gaspari\/\" target=\"_blank\" rel=\"noopener\">Ilaria Gaspari<\/a><\/strong><\/span>\u00a0\u00e8 considerata uno degli astri nascenti della filosofia italiana. Nata a Milano, ha studiato filosofia alla Scuola Normale di Pisa, poi si \u00e8 addottorata alla Sorbonne di Parigi con una tesi sullo studio filosofico delle passioni nel XVII secolo.Nel 2015 il suo primo romanzo, \u201cEtica dell\u2019acquario\u201d (Voland). Per Sonzogno nel 2018 \u201cRagioni e sentimenti. L\u2019amore preso con filosofia\u201d. Nel 2019 per Einaudi \u201cLezioni di felicit\u00e0. Esercizi filosofici per il buon uso della vita\u201d. Vive a Roma, collabora con diverse testate giornalistiche e tiene corsi e laboratori di scrittura alla Scuola Holden e alla Scuola Omero.\n\t\t\t\t\t\t\t\t\t\t\t\t\t\t\t\t\t\t<\/div>\n\t\t\t\t<\/div>\n\t\t\t\t\t<\/div>\n\t\t\t\t<\/div>\n\t\t\t\t<\/div>\n\t\t\t\t<div class=\"elementor-element elementor-element-2d6609b elementor-widget elementor-widget-wd_image_or_svg\" data-id=\"2d6609b\" data-element_type=\"widget\" data-widget_type=\"wd_image_or_svg.default\">\n\t\t\t\t<div class=\"elementor-widget-container\">\n\t\t\t\n\t\t<div class=\"wd-image text-left\">\n\t\t\t\t\t\t\t\t<img fetchpriority=\"high\" decoding=\"async\" width=\"674\" height=\"700\" src=\"https:\/\/testsupergap.com\/wp-content\/uploads\/2024\/04\/Narraplanet-Essenza-Parigi-presentazione.png\" class=\"attachment-full size-full\" alt=\"\" srcset=\"https:\/\/testsupergap.com\/wp-content\/uploads\/2024\/04\/Narraplanet-Essenza-Parigi-presentazione.png 674w, https:\/\/testsupergap.com\/wp-content\/uploads\/2024\/04\/Narraplanet-Essenza-Parigi-presentazione-430x447.png 430w, https:\/\/testsupergap.com\/wp-content\/uploads\/2024\/04\/Narraplanet-Essenza-Parigi-presentazione-150x156.png 150w, https:\/\/testsupergap.com\/wp-content\/uploads\/2024\/04\/Narraplanet-Essenza-Parigi-presentazione-600x623.png 600w, https:\/\/testsupergap.com\/wp-content\/uploads\/2024\/04\/Narraplanet-Essenza-Parigi-presentazione-289x300.png 289w\" sizes=\"(max-width: 674px) 100vw, 674px\" \/>\t\t\t\t\t<\/div>\n\n\t\t\t\t<\/div>\n\t\t\t\t<\/div>\n\t\t\t\t\t<\/div>\n\t\t<\/div>\n\t\t\t\t\t<\/div>\n\t\t<\/section>\n\t\t\t\t<\/div>\n\t\t","protected":false},"excerpt":{"rendered":"<p>..un racconto per cogliere il \u2018cuore\u2019, il carattere, l\u2019anima della citt\u00e0 di\u00a0<strong>Parigi<\/strong>\u00a0e dei suoi abitanti..<\/p>\n","protected":false},"featured_media":39868,"template":"","meta":[],"product_brand":[],"product_cat":[217],"product_tag":[],"class_list":{"0":"post-32760","1":"product","2":"type-product","3":"status-publish","4":"has-post-thumbnail","6":"product_cat-narraplanet-en","8":"first","9":"instock","10":"featured","11":"taxable","12":"shipping-taxable","13":"purchasable","14":"product-type-simple"},"yoast_head":"<!-- This site is optimized with the Yoast SEO plugin v27.4 - https:\/\/yoast.com\/product\/yoast-seo-wordpress\/ -->\n<title>The essence of Paris in a tea - Narrat\u00e8 World<\/title>\n<meta name=\"robots\" content=\"noindex, follow, max-snippet:-1, max-image-preview:large, max-video-preview:-1\" \/>\n<meta property=\"og:locale\" content=\"en_US\" \/>\n<meta property=\"og:type\" content=\"article\" \/>\n<meta property=\"og:title\" content=\"The essence of Paris in a tea - Narrat\u00e8 World\" \/>\n<meta property=\"og:description\" content=\"..un racconto per cogliere il \u2018cuore\u2019, il carattere, l\u2019anima della citt\u00e0 di\u00a0Parigi\u00a0e dei suoi abitanti..\" \/>\n<meta property=\"og:url\" content=\"https:\/\/testsupergap.com\/en\/prodotto\/the-essence-of-paris-in-a-tea\/\" \/>\n<meta property=\"og:site_name\" content=\"Narrat\u00e8 World\" \/>\n<meta property=\"article:publisher\" content=\"https:\/\/www.facebook.com\/narrateworld\" \/>\n<meta property=\"article:modified_time\" content=\"2024-06-22T12:51:07+00:00\" \/>\n<meta property=\"og:image\" content=\"https:\/\/testsupergap.com\/wp-content\/uploads\/2024\/04\/Narraplanet-Parigi-fronte-1.png\" \/>\n\t<meta property=\"og:image:width\" content=\"567\" \/>\n\t<meta property=\"og:image:height\" content=\"613\" \/>\n\t<meta property=\"og:image:type\" content=\"image\/png\" \/>\n<meta name=\"twitter:card\" content=\"summary_large_image\" \/>\n<meta name=\"twitter:site\" content=\"@narrateworld\" \/>\n<meta name=\"twitter:label1\" content=\"Est. reading time\" \/>\n\t<meta name=\"twitter:data1\" content=\"3 minutes\" \/>\n<script type=\"application\/ld+json\" class=\"yoast-schema-graph\">{\"@context\":\"https:\\\/\\\/schema.org\",\"@graph\":[{\"@type\":\"WebPage\",\"@id\":\"https:\\\/\\\/testsupergap.com\\\/en\\\/prodotto\\\/the-essence-of-paris-in-a-tea\\\/\",\"url\":\"https:\\\/\\\/testsupergap.com\\\/en\\\/prodotto\\\/the-essence-of-paris-in-a-tea\\\/\",\"name\":\"The essence of Paris in a tea - Narrat\u00e8 World\",\"isPartOf\":{\"@id\":\"https:\\\/\\\/testsupergap.com\\\/en\\\/#website\"},\"primaryImageOfPage\":{\"@id\":\"https:\\\/\\\/testsupergap.com\\\/en\\\/prodotto\\\/the-essence-of-paris-in-a-tea\\\/#primaryimage\"},\"image\":{\"@id\":\"https:\\\/\\\/testsupergap.com\\\/en\\\/prodotto\\\/the-essence-of-paris-in-a-tea\\\/#primaryimage\"},\"thumbnailUrl\":\"https:\\\/\\\/testsupergap.com\\\/wp-content\\\/uploads\\\/2024\\\/04\\\/Narraplanet-Parigi-fronte-1.png\",\"datePublished\":\"2024-04-12T17:39:50+00:00\",\"dateModified\":\"2024-06-22T12:51:07+00:00\",\"breadcrumb\":{\"@id\":\"https:\\\/\\\/testsupergap.com\\\/en\\\/prodotto\\\/the-essence-of-paris-in-a-tea\\\/#breadcrumb\"},\"inLanguage\":\"en-US\",\"potentialAction\":[{\"@type\":\"ReadAction\",\"target\":[\"https:\\\/\\\/testsupergap.com\\\/en\\\/prodotto\\\/the-essence-of-paris-in-a-tea\\\/\"]}]},{\"@type\":\"ImageObject\",\"inLanguage\":\"en-US\",\"@id\":\"https:\\\/\\\/testsupergap.com\\\/en\\\/prodotto\\\/the-essence-of-paris-in-a-tea\\\/#primaryimage\",\"url\":\"https:\\\/\\\/testsupergap.com\\\/wp-content\\\/uploads\\\/2024\\\/04\\\/Narraplanet-Parigi-fronte-1.png\",\"contentUrl\":\"https:\\\/\\\/testsupergap.com\\\/wp-content\\\/uploads\\\/2024\\\/04\\\/Narraplanet-Parigi-fronte-1.png\",\"width\":567,\"height\":613},{\"@type\":\"BreadcrumbList\",\"@id\":\"https:\\\/\\\/testsupergap.com\\\/en\\\/prodotto\\\/the-essence-of-paris-in-a-tea\\\/#breadcrumb\",\"itemListElement\":[{\"@type\":\"ListItem\",\"position\":1,\"name\":\"Home\",\"item\":\"https:\\\/\\\/testsupergap.com\\\/en\\\/\"},{\"@type\":\"ListItem\",\"position\":2,\"name\":\"Shop\",\"item\":\"https:\\\/\\\/testsupergap.com\\\/en\\\/shop-en\\\/\"},{\"@type\":\"ListItem\",\"position\":3,\"name\":\"The essence of Paris in a tea\"}]},{\"@type\":\"WebSite\",\"@id\":\"https:\\\/\\\/testsupergap.com\\\/en\\\/#website\",\"url\":\"https:\\\/\\\/testsupergap.com\\\/en\\\/\",\"name\":\"Narrat\u00e8 World\",\"description\":\"La lettura ha scoperto l&#039;acqua calda\",\"publisher\":{\"@id\":\"https:\\\/\\\/testsupergap.com\\\/en\\\/#organization\"},\"potentialAction\":[{\"@type\":\"SearchAction\",\"target\":{\"@type\":\"EntryPoint\",\"urlTemplate\":\"https:\\\/\\\/testsupergap.com\\\/en\\\/?s={search_term_string}\"},\"query-input\":{\"@type\":\"PropertyValueSpecification\",\"valueRequired\":true,\"valueName\":\"search_term_string\"}}],\"inLanguage\":\"en-US\"},{\"@type\":\"Organization\",\"@id\":\"https:\\\/\\\/testsupergap.com\\\/en\\\/#organization\",\"name\":\"Narrat\u00e8 World\",\"url\":\"https:\\\/\\\/testsupergap.com\\\/en\\\/\",\"logo\":{\"@type\":\"ImageObject\",\"inLanguage\":\"en-US\",\"@id\":\"https:\\\/\\\/testsupergap.com\\\/en\\\/#\\\/schema\\\/logo\\\/image\\\/\",\"url\":\"https:\\\/\\\/testsupergap.com\\\/wp-content\\\/uploads\\\/2024\\\/05\\\/logo-order-email-seller.png\",\"contentUrl\":\"https:\\\/\\\/testsupergap.com\\\/wp-content\\\/uploads\\\/2024\\\/05\\\/logo-order-email-seller.png\",\"width\":664,\"height\":124,\"caption\":\"Narrat\u00e8 World\"},\"image\":{\"@id\":\"https:\\\/\\\/testsupergap.com\\\/en\\\/#\\\/schema\\\/logo\\\/image\\\/\"},\"sameAs\":[\"https:\\\/\\\/www.facebook.com\\\/narrateworld\",\"https:\\\/\\\/x.com\\\/narrateworld\",\"https:\\\/\\\/instagram.com\\\/narrateworld\"]}]}<\/script>\n<!-- \/ Yoast SEO plugin. -->","yoast_head_json":{"title":"The essence of Paris in a tea - Narrat\u00e8 World","robots":{"index":"noindex","follow":"follow","max-snippet":"max-snippet:-1","max-image-preview":"max-image-preview:large","max-video-preview":"max-video-preview:-1"},"og_locale":"en_US","og_type":"article","og_title":"The essence of Paris in a tea - Narrat\u00e8 World","og_description":"..un racconto per cogliere il \u2018cuore\u2019, il carattere, l\u2019anima della citt\u00e0 di\u00a0Parigi\u00a0e dei suoi abitanti..","og_url":"https:\/\/testsupergap.com\/en\/prodotto\/the-essence-of-paris-in-a-tea\/","og_site_name":"Narrat\u00e8 World","article_publisher":"https:\/\/www.facebook.com\/narrateworld","article_modified_time":"2024-06-22T12:51:07+00:00","og_image":[{"width":567,"height":613,"url":"https:\/\/testsupergap.com\/wp-content\/uploads\/2024\/04\/Narraplanet-Parigi-fronte-1.png","type":"image\/png"}],"twitter_card":"summary_large_image","twitter_site":"@narrateworld","twitter_misc":{"Est. reading time":"3 minutes"},"schema":{"@context":"https:\/\/schema.org","@graph":[{"@type":"WebPage","@id":"https:\/\/testsupergap.com\/en\/prodotto\/the-essence-of-paris-in-a-tea\/","url":"https:\/\/testsupergap.com\/en\/prodotto\/the-essence-of-paris-in-a-tea\/","name":"The essence of Paris in a tea - Narrat\u00e8 World","isPartOf":{"@id":"https:\/\/testsupergap.com\/en\/#website"},"primaryImageOfPage":{"@id":"https:\/\/testsupergap.com\/en\/prodotto\/the-essence-of-paris-in-a-tea\/#primaryimage"},"image":{"@id":"https:\/\/testsupergap.com\/en\/prodotto\/the-essence-of-paris-in-a-tea\/#primaryimage"},"thumbnailUrl":"https:\/\/testsupergap.com\/wp-content\/uploads\/2024\/04\/Narraplanet-Parigi-fronte-1.png","datePublished":"2024-04-12T17:39:50+00:00","dateModified":"2024-06-22T12:51:07+00:00","breadcrumb":{"@id":"https:\/\/testsupergap.com\/en\/prodotto\/the-essence-of-paris-in-a-tea\/#breadcrumb"},"inLanguage":"en-US","potentialAction":[{"@type":"ReadAction","target":["https:\/\/testsupergap.com\/en\/prodotto\/the-essence-of-paris-in-a-tea\/"]}]},{"@type":"ImageObject","inLanguage":"en-US","@id":"https:\/\/testsupergap.com\/en\/prodotto\/the-essence-of-paris-in-a-tea\/#primaryimage","url":"https:\/\/testsupergap.com\/wp-content\/uploads\/2024\/04\/Narraplanet-Parigi-fronte-1.png","contentUrl":"https:\/\/testsupergap.com\/wp-content\/uploads\/2024\/04\/Narraplanet-Parigi-fronte-1.png","width":567,"height":613},{"@type":"BreadcrumbList","@id":"https:\/\/testsupergap.com\/en\/prodotto\/the-essence-of-paris-in-a-tea\/#breadcrumb","itemListElement":[{"@type":"ListItem","position":1,"name":"Home","item":"https:\/\/testsupergap.com\/en\/"},{"@type":"ListItem","position":2,"name":"Shop","item":"https:\/\/testsupergap.com\/en\/shop-en\/"},{"@type":"ListItem","position":3,"name":"The essence of Paris in a tea"}]},{"@type":"WebSite","@id":"https:\/\/testsupergap.com\/en\/#website","url":"https:\/\/testsupergap.com\/en\/","name":"Narrat\u00e8 World","description":"La lettura ha scoperto l&#039;acqua calda","publisher":{"@id":"https:\/\/testsupergap.com\/en\/#organization"},"potentialAction":[{"@type":"SearchAction","target":{"@type":"EntryPoint","urlTemplate":"https:\/\/testsupergap.com\/en\/?s={search_term_string}"},"query-input":{"@type":"PropertyValueSpecification","valueRequired":true,"valueName":"search_term_string"}}],"inLanguage":"en-US"},{"@type":"Organization","@id":"https:\/\/testsupergap.com\/en\/#organization","name":"Narrat\u00e8 World","url":"https:\/\/testsupergap.com\/en\/","logo":{"@type":"ImageObject","inLanguage":"en-US","@id":"https:\/\/testsupergap.com\/en\/#\/schema\/logo\/image\/","url":"https:\/\/testsupergap.com\/wp-content\/uploads\/2024\/05\/logo-order-email-seller.png","contentUrl":"https:\/\/testsupergap.com\/wp-content\/uploads\/2024\/05\/logo-order-email-seller.png","width":664,"height":124,"caption":"Narrat\u00e8 World"},"image":{"@id":"https:\/\/testsupergap.com\/en\/#\/schema\/logo\/image\/"},"sameAs":["https:\/\/www.facebook.com\/narrateworld","https:\/\/x.com\/narrateworld","https:\/\/instagram.com\/narrateworld"]}]}},"_links":{"self":[{"href":"https:\/\/testsupergap.com\/en\/wp-json\/wp\/v2\/product\/32760","targetHints":{"allow":["GET"]}}],"collection":[{"href":"https:\/\/testsupergap.com\/en\/wp-json\/wp\/v2\/product"}],"about":[{"href":"https:\/\/testsupergap.com\/en\/wp-json\/wp\/v2\/types\/product"}],"version-history":[{"count":6,"href":"https:\/\/testsupergap.com\/en\/wp-json\/wp\/v2\/product\/32760\/revisions"}],"predecessor-version":[{"id":44159,"href":"https:\/\/testsupergap.com\/en\/wp-json\/wp\/v2\/product\/32760\/revisions\/44159"}],"wp:featuredmedia":[{"embeddable":true,"href":"https:\/\/testsupergap.com\/en\/wp-json\/wp\/v2\/media\/39868"}],"wp:attachment":[{"href":"https:\/\/testsupergap.com\/en\/wp-json\/wp\/v2\/media?parent=32760"}],"wp:term":[{"taxonomy":"product_brand","embeddable":true,"href":"https:\/\/testsupergap.com\/en\/wp-json\/wp\/v2\/product_brand?post=32760"},{"taxonomy":"product_cat","embeddable":true,"href":"https:\/\/testsupergap.com\/en\/wp-json\/wp\/v2\/product_cat?post=32760"},{"taxonomy":"product_tag","embeddable":true,"href":"https:\/\/testsupergap.com\/en\/wp-json\/wp\/v2\/product_tag?post=32760"}],"curies":[{"name":"wp","href":"https:\/\/api.w.org\/{rel}","templated":true}]}}