{"id":32762,"date":"2024-04-12T17:50:32","date_gmt":"2024-04-12T15:50:32","guid":{"rendered":"https:\/\/testsupergap.com\/prodotto\/the-essence-of-new-york-city-in-a-tea\/"},"modified":"2024-06-22T14:51:34","modified_gmt":"2024-06-22T12:51:34","slug":"the-essence-of-new-york-city-in-a-tea","status":"publish","type":"product","link":"https:\/\/testsupergap.com\/en\/prodotto\/the-essence-of-new-york-city-in-a-tea\/","title":{"rendered":"The essence of New York City in a tea"},"content":{"rendered":"\t\t<div data-elementor-type=\"wp-post\" data-elementor-id=\"32762\" class=\"elementor elementor-32762 elementor-31257\">\n\t\t\t\t\t\t<section class=\"wd-negative-gap elementor-section elementor-top-section elementor-element elementor-element-79752fbe wd-section-stretch elementor-section-content-top elementor-section-boxed elementor-section-height-default elementor-section-height-default\" data-id=\"79752fbe\" data-element_type=\"section\" data-settings=\"{&quot;background_background&quot;:&quot;classic&quot;}\">\n\t\t\t\t\t\t<div class=\"elementor-container elementor-column-gap-extended\">\n\t\t\t\t\t<div class=\"elementor-column elementor-col-50 elementor-top-column elementor-element elementor-element-2af8c87b\" data-id=\"2af8c87b\" data-element_type=\"column\">\n\t\t\t<div class=\"elementor-widget-wrap elementor-element-populated\">\n\t\t\t\t\t\t<div class=\"elementor-element elementor-element-34e43d1 elementor-widget elementor-widget-wd_text_block\" data-id=\"34e43d1\" data-element_type=\"widget\" data-widget_type=\"wd_text_block.default\">\n\t\t\t\t<div class=\"elementor-widget-container\">\n\t\t\t\t\t<div class=\"wd-text-block reset-last-child text-left\">\n\t\t\t\n\t\t\t<h3><span style=\"color: #63cc53;\"><strong>L\u2019ESSENZA DI NEW YORK IN UN T\u00c8<\/strong><\/span><\/h3>\r\n<strong><span style=\"color: #63cc53;\">BLEND\r\n<\/span><\/strong><strong>T\u00e8 nero Darjeeling* | Caff\u00e8 grani* | Menta* | Cannella* | Zenzero* | Limone scorze* | aroma naturale Mela e Vaniglia. <\/strong>\u00a0- * da agricoltura biologica\r\n<p style=\"text-align: center;\"><img decoding=\"async\" src=\"https:\/\/testsupergap.com\/wp-content\/uploads\/2024\/04\/Narrate-Blend-new-york-ingredienti.png\" alt=\"\" width=\"400\" height=\"64\" \/><\/p>\r\n<strong><span style=\"color: #63cc53;\">TESTO\r\n<\/span><\/strong>\r\n<p style=\"font-weight: 400;\">An unpublished story of about 5 minutes' reading time, equivalent to the necessary infusion time. Written by Cristina Villa to capture and convey simply the \u2018heart\u2019, the character, the soul of the American metropolis. Essentially, the essence of New York and its inhabitants. A true Souvenir Tea. In two languages (ITA\/ENG) - 1<sup>st<\/sup> edition May 2024.<\/p>\r\n<strong><span style=\"color: #63cc53;\">CARATTERISTICHE TECNICHE\r\n<\/span><\/strong><strong>Libretto:<\/strong> Dim. 9x10X0,6 cm (chiuso), cover con stampa in fluo e argento metallico. 24 facciate stampate in offset su carta riciclata pi\u00f9 due bianche di guardia. Doppia rilegatura a 2 punti metallici e incollatura. Assemblato a mano con amore in Italia. Bollino adesivo di garanzia con indicazione lotto e data di scadenza.\r\n\r\n<strong>Filtro artigianale:<\/strong> La formulazione, miscelazione, insacchettamento e confezionamento nel sacchetto salva aroma, avvengono artigianalmente in una societ\u00e0 agricola piemontese. Il taglio degli ingredienti contenuti \u00e8 quello \u201ctisana\u201d che consente la migliore infusione possibile. Per questo abbiamo scelto di utilizzare t\u00e8 biologici di alta qualit\u00e0, in confezioni monodose, prodotte e confezionate artigianalmente in Italia con qualit\u00e0 e costi non paragonabili a quelle prodotte industrialmente. Una scelta che aiuta a garantire la giusta retribuzione lavorativa e un incentivo all\u2019economia territoriale dell\u2019eccellenza agroalimentare italiana. Infine non abbiamo voluto aggiungere filo e pendulino al filtro per non dover impiegare ulteriori elementi di raccordo (con potenziali micro inquinanti) cos\u00ec da salvaguardare al massimo le propriet\u00e0 aromatiche dell\u2019infuso. Contiene 2 grammi di miscela biologica di alta qualit\u00e0, certificata ICEA. Tempo d\u2019infusione: 5 minuti. Validit\u00e0 3 anni dall\u2019imbustamento. Confezionata in un sacchetto protettivo monodose termosaldato in plastica per alimenti 6 x 8,5 x 0,15 cm.\r\n\r\n<strong><span style=\"color: #63cc53;\">PAGINE SPECIALI\r\n<\/span><\/strong>Contiene una sezione di informazioni brevi utili a conoscere le particolarit\u00e0 che la rendono famosa nel mondo, assieme alla cronologia degli eventi imperdibili. Abbiamo aggiunto anche la \u2018Unusual Top ten\u2019, i 10 luoghi meno noti - in prossimit\u00e0 dei pi\u00f9 importanti monumenti - ma altrettanto belli. Infine ci sono i suggerimenti su cosa mangiare, bere e dove fare shopping.\r\n\r\n<strong>Prezzo al pubblico \u20ac 6,90 | ISBN 9788885507975<\/strong>\n\t\t\t\t\t<\/div>\n\t\t\t\t<\/div>\n\t\t\t\t<\/div>\n\t\t\t\t\t<\/div>\n\t\t<\/div>\n\t\t\t\t<div class=\"elementor-column elementor-col-50 elementor-top-column elementor-element elementor-element-5471f06f\" data-id=\"5471f06f\" data-element_type=\"column\">\n\t\t\t<div class=\"elementor-widget-wrap elementor-element-populated\">\n\t\t\t\t\t\t<div class=\"elementor-element elementor-element-0784455 elementor-widget elementor-widget-wd_accordion\" data-id=\"0784455\" data-element_type=\"widget\" data-widget_type=\"wd_accordion.default\">\n\t\t\t\t<div class=\"elementor-widget-container\">\n\t\t\t\n\t\t<div class=\"wd-accordion wd-style-default\" data-state=\"first\">\n\t\t\t\t\t\t\t\n\t\t\t\t<div class=\"wd-accordion-item\">\n\t\t\t\t\t<div class=\"wd-accordion-title wd-active text-left wd-opener-pos-left\" data-accordion-index=\"0\">\n\t\t\t\t\t\t<div class=\"wd-accordion-title-text\">\n\t\t\t\t\t\t\t\t\t\t\t\t\t\t<span>\n\t\t\t\t\t\t\t\tIl Blend NEW YORK\t\t\t\t\t\t\t<\/span>\n\t\t\t\t\t\t<\/div>\n\t\t\t\t\t\t<span class=\"wd-accordion-opener wd-opener-style-arrow\"><\/span>\n\t\t\t\t\t<\/div>\n\n\t\t\t\t\t<div class=\"wd-accordion-content reset-last-child wd-active\" data-accordion-index=\"0\">\n\t\t\t\t\t\t\t\t\t\t\t\t\t\n\t\t\t\t\t\t\t<p>Un blend eclettico, energico, a base di <strong>t\u00e8 nero Darjeeling<\/strong> e <strong>Caff\u00e8<\/strong> in grani, che offre quella sferzata\u00a0di adrenalina necessaria a rimanere svegli nella metropoli che non dorme mai. La <strong>Mela<\/strong> \u00e8 il simbolo\u00a0della citt\u00e0; poi la <strong>Cannella<\/strong> (\u00e8 un po\u2019 dappertutto) che, assieme alla <strong>Vaniglia<\/strong>, viene usata nella famosa\u00a0cheesecake di New York. Il fresco aroma della <strong>Menta<\/strong> evoca forza e libert\u00e0 propri del luogo (come non\u00a0ricordare le italianissime \u201cBrooklin\u201d, gomme da masticare che avevano come simbolo proprio il ponte\u00a0newyorkese). Lo <strong>Zenzero<\/strong> rimanda ai numerosi venditori ambulanti che offrono cibo speziato da tutto\u00a0il mondo. Infine il <strong>Limone<\/strong> un chiaro riferimento alla vivacit\u00e0 e ottimismo proprio degli abitanti.<\/p>\n\t\t\t\t\t\t\t\t\t\t\t\t\t\t\t\t\t\t<\/div>\n\t\t\t\t<\/div>\n\t\t\t\t\t\t\t\n\t\t\t\t<div class=\"wd-accordion-item\">\n\t\t\t\t\t<div class=\"wd-accordion-title text-left wd-opener-pos-left\" data-accordion-index=\"1\">\n\t\t\t\t\t\t<div class=\"wd-accordion-title-text\">\n\t\t\t\t\t\t\t\t\t\t\t\t\t\t<span>\n\t\t\t\t\t\t\t\tCristina VILLA\t\t\t\t\t\t\t<\/span>\n\t\t\t\t\t\t<\/div>\n\t\t\t\t\t\t<span class=\"wd-accordion-opener wd-opener-style-arrow\"><\/span>\n\t\t\t\t\t<\/div>\n\n\t\t\t\t\t<div class=\"wd-accordion-content reset-last-child\" data-accordion-index=\"1\">\n\t\t\t\t\t\t\t\t\t\t\t\t\t\n\t\t\t\t\t\t\t<p><strong><span style=\"text-decoration: underline; color: #777777;\"><a style=\"color: #777777; text-decoration: underline;\" href=\"https:\/\/testsupergap.com\/en\/autori\/cristina-villa\/\" target=\"_blank\" rel=\"noopener\">Cristina Villa<\/a>,<\/span><span style=\"color: #777777;\"> \u00a0<\/span><\/strong>nasce a Bologna nel 1993. Laureato in Arti e scienze dello spettacolo alla Sapienza Universit\u00e0 di Roma, si divide tra la scrittura (narrativa, drammaturgia, sceneggiatura) e la reg\u00eca (teatro, cortometraggi). Il suo primo romanzo,\u00a0<em>Dopo il diluvio<\/em>, \u00e8 stato finalista al Premio Nazionale di Letteratura Neri Pozza.<\/p>\n\t\t\t\t\t\t\t\t\t\t\t\t\t\t\t\t\t\t<\/div>\n\t\t\t\t<\/div>\n\t\t\t\t\t<\/div>\n\t\t\t\t<\/div>\n\t\t\t\t<\/div>\n\t\t\t\t<div class=\"elementor-element elementor-element-2d6609b elementor-widget elementor-widget-wd_image_or_svg\" data-id=\"2d6609b\" data-element_type=\"widget\" data-widget_type=\"wd_image_or_svg.default\">\n\t\t\t\t<div class=\"elementor-widget-container\">\n\t\t\t\n\t\t<div class=\"wd-image text-left\">\n\t\t\t\t\t\t\t\t<img fetchpriority=\"high\" decoding=\"async\" width=\"674\" height=\"700\" src=\"https:\/\/testsupergap.com\/wp-content\/uploads\/2024\/04\/Narraplanet-Essenza-New-York-presentazione.png\" class=\"attachment-full size-full\" alt=\"\" srcset=\"https:\/\/testsupergap.com\/wp-content\/uploads\/2024\/04\/Narraplanet-Essenza-New-York-presentazione.png 674w, https:\/\/testsupergap.com\/wp-content\/uploads\/2024\/04\/Narraplanet-Essenza-New-York-presentazione-430x447.png 430w, https:\/\/testsupergap.com\/wp-content\/uploads\/2024\/04\/Narraplanet-Essenza-New-York-presentazione-150x156.png 150w, https:\/\/testsupergap.com\/wp-content\/uploads\/2024\/04\/Narraplanet-Essenza-New-York-presentazione-600x623.png 600w, https:\/\/testsupergap.com\/wp-content\/uploads\/2024\/04\/Narraplanet-Essenza-New-York-presentazione-289x300.png 289w\" sizes=\"(max-width: 674px) 100vw, 674px\" \/>\t\t\t\t\t<\/div>\n\n\t\t\t\t<\/div>\n\t\t\t\t<\/div>\n\t\t\t\t\t<\/div>\n\t\t<\/div>\n\t\t\t\t\t<\/div>\n\t\t<\/section>\n\t\t\t\t<\/div>\n\t\t","protected":false},"excerpt":{"rendered":"<p>..un racconto per cogliere il \u2018cuore\u2019, il carattere, l\u2019anima della citt\u00e0 di <strong>New York<\/strong> e dei suoi abitanti..<\/p>\n","protected":false},"featured_media":39872,"template":"","meta":[],"product_brand":[],"product_cat":[217],"product_tag":[],"class_list":{"0":"post-32762","1":"product","2":"type-product","3":"status-publish","4":"has-post-thumbnail","6":"product_cat-narraplanet-en","8":"first","9":"instock","10":"featured","11":"taxable","12":"shipping-taxable","13":"purchasable","14":"product-type-simple"},"yoast_head":"<!-- This site is optimized with the Yoast SEO plugin v27.4 - https:\/\/yoast.com\/product\/yoast-seo-wordpress\/ -->\n<title>Narrat\u00e8 World - The essence of New York City in a tea<\/title>\n<meta name=\"description\" content=\"Narrat\u00e8 World - L&#039;essenza di New York City in un T\u00e8\" \/>\n<meta name=\"robots\" content=\"noindex, follow, max-snippet:-1, max-image-preview:large, max-video-preview:-1\" \/>\n<meta property=\"og:locale\" content=\"en_US\" \/>\n<meta property=\"og:type\" content=\"article\" \/>\n<meta property=\"og:title\" content=\"Narrat\u00e8 World - The essence of New York City in a tea\" \/>\n<meta property=\"og:description\" content=\"Narrat\u00e8 World - L&#039;essenza di New York City in un T\u00e8\" \/>\n<meta property=\"og:url\" content=\"https:\/\/testsupergap.com\/en\/prodotto\/the-essence-of-new-york-city-in-a-tea\/\" \/>\n<meta property=\"og:site_name\" content=\"Narrat\u00e8 World\" \/>\n<meta property=\"article:publisher\" content=\"https:\/\/www.facebook.com\/narrateworld\" \/>\n<meta property=\"article:modified_time\" content=\"2024-06-22T12:51:34+00:00\" \/>\n<meta property=\"og:image\" content=\"https:\/\/testsupergap.com\/wp-content\/uploads\/2024\/04\/Narraplanet-New-York-fronte-1.png\" \/>\n\t<meta property=\"og:image:width\" content=\"567\" \/>\n\t<meta property=\"og:image:height\" content=\"613\" \/>\n\t<meta property=\"og:image:type\" content=\"image\/png\" \/>\n<meta name=\"twitter:card\" content=\"summary_large_image\" \/>\n<meta name=\"twitter:site\" content=\"@narrateworld\" \/>\n<meta name=\"twitter:label1\" content=\"Est. reading time\" \/>\n\t<meta name=\"twitter:data1\" content=\"3 minutes\" \/>\n<script type=\"application\/ld+json\" class=\"yoast-schema-graph\">{\"@context\":\"https:\\\/\\\/schema.org\",\"@graph\":[{\"@type\":\"WebPage\",\"@id\":\"https:\\\/\\\/testsupergap.com\\\/en\\\/prodotto\\\/the-essence-of-new-york-city-in-a-tea\\\/\",\"url\":\"https:\\\/\\\/testsupergap.com\\\/en\\\/prodotto\\\/the-essence-of-new-york-city-in-a-tea\\\/\",\"name\":\"Narrat\u00e8 World - The essence of New York City in a tea\",\"isPartOf\":{\"@id\":\"https:\\\/\\\/testsupergap.com\\\/en\\\/#website\"},\"primaryImageOfPage\":{\"@id\":\"https:\\\/\\\/testsupergap.com\\\/en\\\/prodotto\\\/the-essence-of-new-york-city-in-a-tea\\\/#primaryimage\"},\"image\":{\"@id\":\"https:\\\/\\\/testsupergap.com\\\/en\\\/prodotto\\\/the-essence-of-new-york-city-in-a-tea\\\/#primaryimage\"},\"thumbnailUrl\":\"https:\\\/\\\/testsupergap.com\\\/wp-content\\\/uploads\\\/2024\\\/04\\\/Narraplanet-New-York-fronte-1.png\",\"datePublished\":\"2024-04-12T15:50:32+00:00\",\"dateModified\":\"2024-06-22T12:51:34+00:00\",\"description\":\"Narrat\u00e8 World - L'essenza di New York City in un T\u00e8\",\"breadcrumb\":{\"@id\":\"https:\\\/\\\/testsupergap.com\\\/en\\\/prodotto\\\/the-essence-of-new-york-city-in-a-tea\\\/#breadcrumb\"},\"inLanguage\":\"en-US\",\"potentialAction\":[{\"@type\":\"ReadAction\",\"target\":[\"https:\\\/\\\/testsupergap.com\\\/en\\\/prodotto\\\/the-essence-of-new-york-city-in-a-tea\\\/\"]}]},{\"@type\":\"ImageObject\",\"inLanguage\":\"en-US\",\"@id\":\"https:\\\/\\\/testsupergap.com\\\/en\\\/prodotto\\\/the-essence-of-new-york-city-in-a-tea\\\/#primaryimage\",\"url\":\"https:\\\/\\\/testsupergap.com\\\/wp-content\\\/uploads\\\/2024\\\/04\\\/Narraplanet-New-York-fronte-1.png\",\"contentUrl\":\"https:\\\/\\\/testsupergap.com\\\/wp-content\\\/uploads\\\/2024\\\/04\\\/Narraplanet-New-York-fronte-1.png\",\"width\":567,\"height\":613},{\"@type\":\"BreadcrumbList\",\"@id\":\"https:\\\/\\\/testsupergap.com\\\/en\\\/prodotto\\\/the-essence-of-new-york-city-in-a-tea\\\/#breadcrumb\",\"itemListElement\":[{\"@type\":\"ListItem\",\"position\":1,\"name\":\"Home\",\"item\":\"https:\\\/\\\/testsupergap.com\\\/en\\\/\"},{\"@type\":\"ListItem\",\"position\":2,\"name\":\"Shop\",\"item\":\"https:\\\/\\\/testsupergap.com\\\/en\\\/shop-en\\\/\"},{\"@type\":\"ListItem\",\"position\":3,\"name\":\"The essence of New York City in a tea\"}]},{\"@type\":\"WebSite\",\"@id\":\"https:\\\/\\\/testsupergap.com\\\/en\\\/#website\",\"url\":\"https:\\\/\\\/testsupergap.com\\\/en\\\/\",\"name\":\"Narrat\u00e8 World\",\"description\":\"La lettura ha scoperto l&#039;acqua calda\",\"publisher\":{\"@id\":\"https:\\\/\\\/testsupergap.com\\\/en\\\/#organization\"},\"potentialAction\":[{\"@type\":\"SearchAction\",\"target\":{\"@type\":\"EntryPoint\",\"urlTemplate\":\"https:\\\/\\\/testsupergap.com\\\/en\\\/?s={search_term_string}\"},\"query-input\":{\"@type\":\"PropertyValueSpecification\",\"valueRequired\":true,\"valueName\":\"search_term_string\"}}],\"inLanguage\":\"en-US\"},{\"@type\":\"Organization\",\"@id\":\"https:\\\/\\\/testsupergap.com\\\/en\\\/#organization\",\"name\":\"Narrat\u00e8 World\",\"url\":\"https:\\\/\\\/testsupergap.com\\\/en\\\/\",\"logo\":{\"@type\":\"ImageObject\",\"inLanguage\":\"en-US\",\"@id\":\"https:\\\/\\\/testsupergap.com\\\/en\\\/#\\\/schema\\\/logo\\\/image\\\/\",\"url\":\"https:\\\/\\\/testsupergap.com\\\/wp-content\\\/uploads\\\/2024\\\/05\\\/logo-order-email-seller.png\",\"contentUrl\":\"https:\\\/\\\/testsupergap.com\\\/wp-content\\\/uploads\\\/2024\\\/05\\\/logo-order-email-seller.png\",\"width\":664,\"height\":124,\"caption\":\"Narrat\u00e8 World\"},\"image\":{\"@id\":\"https:\\\/\\\/testsupergap.com\\\/en\\\/#\\\/schema\\\/logo\\\/image\\\/\"},\"sameAs\":[\"https:\\\/\\\/www.facebook.com\\\/narrateworld\",\"https:\\\/\\\/x.com\\\/narrateworld\",\"https:\\\/\\\/instagram.com\\\/narrateworld\"]}]}<\/script>\n<!-- \/ Yoast SEO plugin. -->","yoast_head_json":{"title":"Narrat\u00e8 World - The essence of New York City in a tea","description":"Narrat\u00e8 World - L'essenza di New York City in un T\u00e8","robots":{"index":"noindex","follow":"follow","max-snippet":"max-snippet:-1","max-image-preview":"max-image-preview:large","max-video-preview":"max-video-preview:-1"},"og_locale":"en_US","og_type":"article","og_title":"Narrat\u00e8 World - The essence of New York City in a tea","og_description":"Narrat\u00e8 World - L'essenza di New York City in un T\u00e8","og_url":"https:\/\/testsupergap.com\/en\/prodotto\/the-essence-of-new-york-city-in-a-tea\/","og_site_name":"Narrat\u00e8 World","article_publisher":"https:\/\/www.facebook.com\/narrateworld","article_modified_time":"2024-06-22T12:51:34+00:00","og_image":[{"width":567,"height":613,"url":"https:\/\/testsupergap.com\/wp-content\/uploads\/2024\/04\/Narraplanet-New-York-fronte-1.png","type":"image\/png"}],"twitter_card":"summary_large_image","twitter_site":"@narrateworld","twitter_misc":{"Est. reading time":"3 minutes"},"schema":{"@context":"https:\/\/schema.org","@graph":[{"@type":"WebPage","@id":"https:\/\/testsupergap.com\/en\/prodotto\/the-essence-of-new-york-city-in-a-tea\/","url":"https:\/\/testsupergap.com\/en\/prodotto\/the-essence-of-new-york-city-in-a-tea\/","name":"Narrat\u00e8 World - The essence of New York City in a tea","isPartOf":{"@id":"https:\/\/testsupergap.com\/en\/#website"},"primaryImageOfPage":{"@id":"https:\/\/testsupergap.com\/en\/prodotto\/the-essence-of-new-york-city-in-a-tea\/#primaryimage"},"image":{"@id":"https:\/\/testsupergap.com\/en\/prodotto\/the-essence-of-new-york-city-in-a-tea\/#primaryimage"},"thumbnailUrl":"https:\/\/testsupergap.com\/wp-content\/uploads\/2024\/04\/Narraplanet-New-York-fronte-1.png","datePublished":"2024-04-12T15:50:32+00:00","dateModified":"2024-06-22T12:51:34+00:00","description":"Narrat\u00e8 World - L'essenza di New York City in un T\u00e8","breadcrumb":{"@id":"https:\/\/testsupergap.com\/en\/prodotto\/the-essence-of-new-york-city-in-a-tea\/#breadcrumb"},"inLanguage":"en-US","potentialAction":[{"@type":"ReadAction","target":["https:\/\/testsupergap.com\/en\/prodotto\/the-essence-of-new-york-city-in-a-tea\/"]}]},{"@type":"ImageObject","inLanguage":"en-US","@id":"https:\/\/testsupergap.com\/en\/prodotto\/the-essence-of-new-york-city-in-a-tea\/#primaryimage","url":"https:\/\/testsupergap.com\/wp-content\/uploads\/2024\/04\/Narraplanet-New-York-fronte-1.png","contentUrl":"https:\/\/testsupergap.com\/wp-content\/uploads\/2024\/04\/Narraplanet-New-York-fronte-1.png","width":567,"height":613},{"@type":"BreadcrumbList","@id":"https:\/\/testsupergap.com\/en\/prodotto\/the-essence-of-new-york-city-in-a-tea\/#breadcrumb","itemListElement":[{"@type":"ListItem","position":1,"name":"Home","item":"https:\/\/testsupergap.com\/en\/"},{"@type":"ListItem","position":2,"name":"Shop","item":"https:\/\/testsupergap.com\/en\/shop-en\/"},{"@type":"ListItem","position":3,"name":"The essence of New York City in a tea"}]},{"@type":"WebSite","@id":"https:\/\/testsupergap.com\/en\/#website","url":"https:\/\/testsupergap.com\/en\/","name":"Narrat\u00e8 World","description":"La lettura ha scoperto l&#039;acqua calda","publisher":{"@id":"https:\/\/testsupergap.com\/en\/#organization"},"potentialAction":[{"@type":"SearchAction","target":{"@type":"EntryPoint","urlTemplate":"https:\/\/testsupergap.com\/en\/?s={search_term_string}"},"query-input":{"@type":"PropertyValueSpecification","valueRequired":true,"valueName":"search_term_string"}}],"inLanguage":"en-US"},{"@type":"Organization","@id":"https:\/\/testsupergap.com\/en\/#organization","name":"Narrat\u00e8 World","url":"https:\/\/testsupergap.com\/en\/","logo":{"@type":"ImageObject","inLanguage":"en-US","@id":"https:\/\/testsupergap.com\/en\/#\/schema\/logo\/image\/","url":"https:\/\/testsupergap.com\/wp-content\/uploads\/2024\/05\/logo-order-email-seller.png","contentUrl":"https:\/\/testsupergap.com\/wp-content\/uploads\/2024\/05\/logo-order-email-seller.png","width":664,"height":124,"caption":"Narrat\u00e8 World"},"image":{"@id":"https:\/\/testsupergap.com\/en\/#\/schema\/logo\/image\/"},"sameAs":["https:\/\/www.facebook.com\/narrateworld","https:\/\/x.com\/narrateworld","https:\/\/instagram.com\/narrateworld"]}]}},"_links":{"self":[{"href":"https:\/\/testsupergap.com\/en\/wp-json\/wp\/v2\/product\/32762","targetHints":{"allow":["GET"]}}],"collection":[{"href":"https:\/\/testsupergap.com\/en\/wp-json\/wp\/v2\/product"}],"about":[{"href":"https:\/\/testsupergap.com\/en\/wp-json\/wp\/v2\/types\/product"}],"version-history":[{"count":9,"href":"https:\/\/testsupergap.com\/en\/wp-json\/wp\/v2\/product\/32762\/revisions"}],"predecessor-version":[{"id":44162,"href":"https:\/\/testsupergap.com\/en\/wp-json\/wp\/v2\/product\/32762\/revisions\/44162"}],"wp:featuredmedia":[{"embeddable":true,"href":"https:\/\/testsupergap.com\/en\/wp-json\/wp\/v2\/media\/39872"}],"wp:attachment":[{"href":"https:\/\/testsupergap.com\/en\/wp-json\/wp\/v2\/media?parent=32762"}],"wp:term":[{"taxonomy":"product_brand","embeddable":true,"href":"https:\/\/testsupergap.com\/en\/wp-json\/wp\/v2\/product_brand?post=32762"},{"taxonomy":"product_cat","embeddable":true,"href":"https:\/\/testsupergap.com\/en\/wp-json\/wp\/v2\/product_cat?post=32762"},{"taxonomy":"product_tag","embeddable":true,"href":"https:\/\/testsupergap.com\/en\/wp-json\/wp\/v2\/product_tag?post=32762"}],"curies":[{"name":"wp","href":"https:\/\/api.w.org\/{rel}","templated":true}]}}